{"id":68,"date":"2015-08-06T16:48:48","date_gmt":"2015-08-06T15:48:48","guid":{"rendered":"http:\/\/ecolesayu.deuxspirales.fr\/?page_id=68"},"modified":"2025-09-07T23:02:37","modified_gmt":"2025-09-07T21:02:37","slug":"disciplines","status":"publish","type":"page","link":"https:\/\/ecolesayu.deuxspirales.fr\/index.php\/disciplines\/","title":{"rendered":"Disciplines"},"content":{"rendered":"<p>[et_pb_section fb_built=\u00a0\u00bb1&Prime; admin_label=\u00a0\u00bbsection\u00a0\u00bb _builder_version=\u00a0\u00bb3.22&Prime; global_colors_info=\u00a0\u00bb{}\u00a0\u00bb][et_pb_row admin_label=\u00a0\u00bbrow\u00a0\u00bb _builder_version=\u00a0\u00bb3.25&Prime; background_size=\u00a0\u00bbinitial\u00a0\u00bb background_position=\u00a0\u00bbtop_left\u00a0\u00bb background_repeat=\u00a0\u00bbrepeat\u00a0\u00bb global_colors_info=\u00a0\u00bb{}\u00a0\u00bb column_structure=\u00a0\u00bb3_4,1_4&Prime;][et_pb_column type=\u00a0\u00bb3_4&Prime; _builder_version=\u00a0\u00bb3.25&Prime; custom_padding=\u00a0\u00bb|||\u00a0\u00bb global_colors_info=\u00a0\u00bb{}\u00a0\u00bb custom_padding__hover=\u00a0\u00bb|||\u00a0\u00bb][et_pb_text admin_label=\u00a0\u00bbTexte\u00a0\u00bb _builder_version=\u00a0\u00bb3.27.4&Prime; background_size=\u00a0\u00bbinitial\u00a0\u00bb background_position=\u00a0\u00bbtop_left\u00a0\u00bb background_repeat=\u00a0\u00bbrepeat\u00a0\u00bb use_border_color=\u00a0\u00bboff\u00a0\u00bb border_color=\u00a0\u00bb#ffffff\u00a0\u00bb border_style=\u00a0\u00bbsolid\u00a0\u00bb global_colors_info=\u00a0\u00bb{}\u00a0\u00bb]<\/p>\n<h1>DISCIPLINES\u00a0<img loading=\"lazy\" class=\"alignnone size-full wp-image-423\" src=\"http:\/\/ecolesayu.deuxspirales.fr\/wp-content\/uploads\/2015\/08\/tilde.gif\" alt=\"tilde\" width=\"50\" height=\"28\" \/><\/h1>\n<hr \/>\n<p>&nbsp;<\/p>\n<h2>Po\u00e9sie du sabre, et danses de guerriers\u00a0<img loading=\"lazy\" class=\"alignnone wp-image-423\" src=\"http:\/\/ecolesayu.deuxspirales.fr\/wp-content\/uploads\/2015\/08\/tilde.gif\" alt=\"tilde\" width=\"40\" height=\"22\" \/><\/h2>\n<p><img loading=\"lazy\" class=\"alignleft wp-image-621\" src=\"http:\/\/ecolesayu.deuxspirales.fr\/wp-content\/uploads\/2015\/08\/51719a.jpg\" alt=\"51719a\" width=\"401\" height=\"200\" srcset=\"https:\/\/ecolesayu.deuxspirales.fr\/wp-content\/uploads\/2015\/08\/51719a.jpg 1003w, https:\/\/ecolesayu.deuxspirales.fr\/wp-content\/uploads\/2015\/08\/51719a-300x150.jpg 300w\" sizes=\"(max-width: 401px) 100vw, 401px\" \/>Les arts d\u2019Orient exercent aujourd\u2019hui une puissante fascination sur nos\u00a0imaginaires. Il est vrai que depuis plus d\u2019un si\u00e8cle toutes nos formes d\u2019arts\u00a0contemporains ont connu un renouvellement d\u2019inspiration puissant gr\u00e2ce \u00e0\u00a0la d\u00e9couverte de possibilit\u00e9s, de puissances, de libert\u00e9s nouvelles venues\u00a0d\u2019Orient. Sans doute le nimbe de myst\u00e8re entourant n\u00e9cessairement des\u00a0formes d\u2019art si difficiles d\u2019acc\u00e8s, parce que si souvent diff\u00e9rentes, et li\u00e9es \u00e0 des codes que nous ignorons, participe-t-il aussi efficacement de ce pouvoir d\u2019attraction, qui se double ainsi d\u2019un irr\u00e9sistible d\u00e9sir de mieux conna\u00eetre.<br \/>\nOr nous savons des choses, confus\u00e9ment. Nous avons entendu dire que l\u00e0-bas, les arts sont unis : qu\u2019une m\u00eame science les innerve et les sous-tend,ce qui bien s\u00fbr nous fait songer \u00e0 nos savants-artistes de la Renaissance et d\u2019avant : hommes accomplis et complets, dont l\u2019existence, para\u00eet-il, ne serait plus possible aujourd\u2019hui, du fait de nos sur-sp\u00e9cialisations.<\/p>\n<p>&nbsp;<\/p>\n<p><img loading=\"lazy\" class=\"alignright wp-image-620\" src=\"http:\/\/ecolesayu.deuxspirales.fr\/wp-content\/uploads\/2015\/08\/declinaison.png\" alt=\"declinaison\" width=\"409\" height=\"100\" srcset=\"https:\/\/ecolesayu.deuxspirales.fr\/wp-content\/uploads\/2015\/08\/declinaison.png 1362w, https:\/\/ecolesayu.deuxspirales.fr\/wp-content\/uploads\/2015\/08\/declinaison-300x73.png 300w, https:\/\/ecolesayu.deuxspirales.fr\/wp-content\/uploads\/2015\/08\/declinaison-1024x250.png 1024w, https:\/\/ecolesayu.deuxspirales.fr\/wp-content\/uploads\/2015\/08\/declinaison-1080x264.png 1080w\" sizes=\"(max-width: 409px) 100vw, 409px\" \/>Peut-\u00eatre avons-nous aussi entendu qu\u2019un \u00e9ventail de N\u00f4 se manie comme\u00a0un sabre, et que d\u2019ailleurs ce th\u00e9\u00e2tre-l\u00e0 \u00e9tait jou\u00e9 par des Samoura\u00ef,c\u2019est \u00e0 dire par des seigneurs guerriers, et que ces guerriers qui faisaient\u00a0du th\u00e9\u00e2tre jouaient m\u00eame des r\u00f4les de femmes.<\/p>\n<p>&nbsp;<\/p>\n<p><img loading=\"lazy\" class=\"alignleft wp-image-619\" src=\"http:\/\/ecolesayu.deuxspirales.fr\/wp-content\/uploads\/2015\/08\/Carnaval27.jpg\" alt=\"Carnaval27\" width=\"400\" height=\"261\" srcset=\"https:\/\/ecolesayu.deuxspirales.fr\/wp-content\/uploads\/2015\/08\/Carnaval27.jpg 454w, https:\/\/ecolesayu.deuxspirales.fr\/wp-content\/uploads\/2015\/08\/Carnaval27-300x196.jpg 300w\" sizes=\"(max-width: 400px) 100vw, 400px\" \/>Et peut-\u00eatre cela nous rappelle-t-il que ce que nous appelons danse baroque a \u00e9t\u00e9 il y a trois\u00a0si\u00e8cles un exercice d\u2019hommes dansant pendant l\u2019hiver, en attendant que\u00a0revienne la saison des combats \u2013 \u00e0 moins que ce que nous avons compris\u00a0de la danse de cour ne nous ram\u00e8ne qu\u2019\u00e0 l\u2019esth\u00e9tisme languide et \u00e9nerv\u00e9\u00a0des nostalgies d\u2019un temps inutilement r\u00e9volu ; mais apr\u00e8s tout, que\u00a0savons-nous, nous que Nietzsche aurait trait\u00e9s d\u2019Occidentaux d\u00e9cadents,de la th\u00e9\u00e2tralit\u00e9 que doit d\u00e9ployer face \u00e0 sa vie vraiment mise en jeu,l\u2019homme qui vraiment combat ? N\u00e9anmoins, il est plus que probable que\u00a0le N\u00f4 et le sabre, plus ou moins consciemment, nous ram\u00e8nent \u00e0 quelque\u00a0conscience fondamentale d\u2019identit\u00e9s profondes que nous portons, et\u00a0auxquelles nous aspirons sans doute.<\/p>\n<p>&nbsp;<\/p>\n<p><img loading=\"lazy\" class=\"alignright wp-image-401\" src=\"http:\/\/ecolesayu.deuxspirales.fr\/wp-content\/uploads\/2015\/08\/PerformanceNo-_05.jpg\" alt=\"Performance N\u00f4 - 16 novembre 2013 - Galerie Da End\" width=\"400\" height=\"267\" srcset=\"https:\/\/ecolesayu.deuxspirales.fr\/wp-content\/uploads\/2015\/08\/PerformanceNo-_05.jpg 900w, https:\/\/ecolesayu.deuxspirales.fr\/wp-content\/uploads\/2015\/08\/PerformanceNo-_05-300x200.jpg 300w\" sizes=\"(max-width: 400px) 100vw, 400px\" \/><\/p>\n<p>Masato Matsuura, ma\u00eetre de N\u00f4 et de sabre, et plus encore peut-\u00eatre,\u00a0grand artiste, gr\u00e2ce aux exp\u00e9riences inlassables, \u00e0 toutes les\u00a0explorations auxquelles il s\u2019est livr\u00e9 va pouvoir projeter pour nous un peu\u00a0d\u2019\u00e9claircissement sur ce que sont vraiment ces arts profonds et subtils,\u00a0mais aussi puissamment concrets. Arts du geste et de la concentration\u00a0de l\u2019esprit, o\u00f9 le sabre devient fluide, o\u00f9 la danse de femme la plus\u00a0d\u00e9pouill\u00e9e est nue et pure comme une lame : sabre de vie ou danses\u00a0suspendues comme flammes entre la terre et le ciel.<br \/>\n[\/et_pb_text][\/et_pb_column][et_pb_column type=\u00a0\u00bb1_4&Prime; _builder_version=\u00a0\u00bb3.25&Prime; custom_padding=\u00a0\u00bb|||\u00a0\u00bb global_colors_info=\u00a0\u00bb{}\u00a0\u00bb custom_padding__hover=\u00a0\u00bb|||\u00a0\u00bb][et_pb_text admin_label=\u00a0\u00bbTexte\u00a0\u00bb _builder_version=\u00a0\u00bb3.27.4&Prime; background_size=\u00a0\u00bbinitial\u00a0\u00bb background_position=\u00a0\u00bbtop_left\u00a0\u00bb background_repeat=\u00a0\u00bbrepeat\u00a0\u00bb custom_padding=\u00a0\u00bb40|||\u00a0\u00bb use_border_color=\u00a0\u00bboff\u00a0\u00bb border_color=\u00a0\u00bb#ffffff\u00a0\u00bb border_style=\u00a0\u00bbsolid\u00a0\u00bb saved_tabs=\u00a0\u00bball\u00a0\u00bb global_colors_info=\u00a0\u00bb{}\u00a0\u00bb]<\/p>\n<hr \/>\n<h2 style=\"padding-left: 30px;\"><\/h2>\n<p>&nbsp;<\/p>\n<h2 style=\"padding-left: 30px;\"><a href=\"http:\/\/ecolesayu.deuxspirales.fr\/index.php\/disciplines\/\">Disciplines<\/a><\/h2>\n<h2 style=\"padding-left: 30px;\"><a href=\"http:\/\/ecolesayu.deuxspirales.fr\/index.php\/kenjyutsu\/\"><img loading=\"lazy\" class=\"alignnone wp-image-423\" src=\"http:\/\/ecolesayu.deuxspirales.fr\/wp-content\/uploads\/2015\/08\/tilde.gif\" alt=\"tilde\" width=\"40\" height=\"22\" \/>Ken Jyutsu<\/a><\/h2>\n<h2 style=\"padding-left: 30px;\"><a href=\"http:\/\/ecolesayu.deuxspirales.fr\/index.php\/iaido\/\"><img loading=\"lazy\" class=\"alignnone wp-image-423\" src=\"http:\/\/ecolesayu.deuxspirales.fr\/wp-content\/uploads\/2015\/08\/tilde.gif\" alt=\"tilde\" width=\"40\" height=\"22\" \/>Ia\u00efdo<\/a><\/h2>\n<h2 style=\"padding-left: 30px;\"><a href=\"http:\/\/ecolesayu.deuxspirales.fr\/index.php\/deux-sabres\/\"><img loading=\"lazy\" class=\"alignnone wp-image-423\" src=\"http:\/\/ecolesayu.deuxspirales.fr\/wp-content\/uploads\/2015\/08\/tilde.gif\" alt=\"tilde\" width=\"40\" height=\"22\" \/>Deux Sabres<\/a><\/h2>\n<h2 style=\"padding-left: 30px;\"><a href=\"http:\/\/ecolesayu.deuxspirales.fr\/index.php\/aiki\/\"><img loading=\"lazy\" class=\"alignnone wp-image-423\" src=\"http:\/\/ecolesayu.deuxspirales.fr\/wp-content\/uploads\/2015\/08\/tilde.gif\" alt=\"tilde\" width=\"40\" height=\"22\" \/>A\u00efki<\/a><\/h2>\n<h2 style=\"padding-left: 30px;\"><a href=\"http:\/\/ecolesayu.deuxspirales.fr\/index.php\/no\/\"><img loading=\"lazy\" class=\"alignnone wp-image-423\" src=\"http:\/\/ecolesayu.deuxspirales.fr\/wp-content\/uploads\/2015\/08\/tilde.gif\" alt=\"tilde\" width=\"40\" height=\"22\" \/>N\u00f4<\/a><\/h2>\n<p>&nbsp;<\/p>\n<h2 style=\"padding-left: 30px;\"><a href=\"http:\/\/ecolesayu.deuxspirales.fr\/index.php\/cours-adultes\/\">Les Cours<\/a><\/h2>\n<p style=\"padding-left: 30px;\"><img loading=\"lazy\" class=\"alignnone wp-image-837\" src=\"http:\/\/ecolesayu.deuxspirales.fr\/wp-content\/uploads\/2015\/09\/Ecriture-Sayu_01web-noir.png\" alt=\"Ecriture-Sayu_01web noir\" width=\"127\" height=\"500\" srcset=\"https:\/\/ecolesayu.deuxspirales.fr\/wp-content\/uploads\/2015\/09\/Ecriture-Sayu_01web-noir.png 250w, https:\/\/ecolesayu.deuxspirales.fr\/wp-content\/uploads\/2015\/09\/Ecriture-Sayu_01web-noir-76x300.png 76w\" sizes=\"(max-width: 127px) 100vw, 127px\" \/><\/p>\n<p>[\/et_pb_text][\/et_pb_column][\/et_pb_row][\/et_pb_section][et_pb_section fb_built=\u00a0\u00bb1&Prime; custom_padding_last_edited=\u00a0\u00bbon|desktop\u00a0\u00bb admin_label=\u00a0\u00bbsection\u00a0\u00bb _builder_version=\u00a0\u00bb3.22&Prime; background_image=\u00a0\u00bbhttp:\/\/ecolesayu.deuxspirales.fr\/wp-content\/uploads\/2015\/08\/pied3.jpg\u00a0\u00bb custom_padding=\u00a0\u00bb|||\u00a0\u00bb custom_padding_tablet=\u00a0\u00bb50px|0|50px|0&Prime; transparent_background=\u00a0\u00bboff\u00a0\u00bb padding_mobile=\u00a0\u00bboff\u00a0\u00bb make_fullwidth=\u00a0\u00bboff\u00a0\u00bb use_custom_width=\u00a0\u00bboff\u00a0\u00bb width_unit=\u00a0\u00bbon\u00a0\u00bb global_colors_info=\u00a0\u00bb{}\u00a0\u00bb custom_padding_phone=\u00a0\u00bb50px|0|50px|0&Prime;][et_pb_row padding_mobile=\u00a0\u00bboff\u00a0\u00bb admin_label=\u00a0\u00bbrow\u00a0\u00bb _builder_version=\u00a0\u00bb3.25&Prime; background_size=\u00a0\u00bbinitial\u00a0\u00bb background_position=\u00a0\u00bbtop_left\u00a0\u00bb background_repeat=\u00a0\u00bbrepeat\u00a0\u00bb custom_padding=\u00a0\u00bb|\u00a0\u00bb make_fullwidth=\u00a0\u00bboff\u00a0\u00bb use_custom_width=\u00a0\u00bboff\u00a0\u00bb width_unit=\u00a0\u00bbon\u00a0\u00bb global_colors_info=\u00a0\u00bb{}\u00a0\u00bb column_structure=\u00a0\u00bb1_3,1_3,1_3&Prime;][et_pb_column type=\u00a0\u00bb1_3&Prime; _builder_version=\u00a0\u00bb3.25&Prime; custom_padding=\u00a0\u00bb|||\u00a0\u00bb global_colors_info=\u00a0\u00bb{}\u00a0\u00bb custom_padding__hover=\u00a0\u00bb|||\u00a0\u00bb][\/et_pb_column][et_pb_column type=\u00a0\u00bb1_3&Prime; _builder_version=\u00a0\u00bb3.25&Prime; custom_padding=\u00a0\u00bb|||\u00a0\u00bb global_colors_info=\u00a0\u00bb{}\u00a0\u00bb custom_padding__hover=\u00a0\u00bb|||\u00a0\u00bb][\/et_pb_column][et_pb_column type=\u00a0\u00bb1_3&Prime; _builder_version=\u00a0\u00bb3.25&Prime; custom_padding=\u00a0\u00bb|||\u00a0\u00bb global_colors_info=\u00a0\u00bb{}\u00a0\u00bb custom_padding__hover=\u00a0\u00bb|||\u00a0\u00bb][et_pb_text admin_label=\u00a0\u00bbTexte\u00a0\u00bb _builder_version=\u00a0\u00bb3.27.4&Prime; background_size=\u00a0\u00bbinitial\u00a0\u00bb background_position=\u00a0\u00bbtop_left\u00a0\u00bb background_repeat=\u00a0\u00bbrepeat\u00a0\u00bb use_border_color=\u00a0\u00bboff\u00a0\u00bb border_color=\u00a0\u00bb#ffffff\u00a0\u00bb border_style=\u00a0\u00bbsolid\u00a0\u00bb global_colors_info=\u00a0\u00bb{}\u00a0\u00bb]<a href=\"http:\/\/compagnie.deuxspirales.fr\/\" target=\"_blank\" rel=\"noopener\"><br \/>\n<\/a><a href=\"http:\/\/compagnie.deuxspirales.fr\/\" target=\"_blank\" rel=\"noopener\"><img loading=\"lazy\" class=\"size-full wp-image-1149 alignleft\" src=\"http:\/\/ecolesayu.deuxspirales.fr\/wp-content\/uploads\/2016\/08\/sitecompagnie1-e1472552895985.jpg\" alt=\"sitecompagnie\" width=\"63\" height=\"99\" \/><\/a><a href=\"http:\/\/compagnie.deuxspirales.fr\/\" target=\"_blank\" rel=\"noopener\">Voir site<\/a><\/p>\n<h2><a href=\"http:\/\/compagnie.deuxspirales.fr\/\" target=\"_blank\" rel=\"noopener\"><span style=\"color: #ff0000;\">MASATO MATSUURA<br \/>\n<\/span> DEUX SPIRALES<\/a><\/h2>\n<p>[\/et_pb_text][\/et_pb_column][\/et_pb_row][et_pb_row padding_mobile=\u00a0\u00bboff\u00a0\u00bb admin_label=\u00a0\u00bbrow\u00a0\u00bb _builder_version=\u00a0\u00bb3.25&Prime; background_size=\u00a0\u00bbinitial\u00a0\u00bb background_position=\u00a0\u00bbtop_left\u00a0\u00bb background_repeat=\u00a0\u00bbrepeat\u00a0\u00bb custom_padding=\u00a0\u00bb|\u00a0\u00bb make_fullwidth=\u00a0\u00bboff\u00a0\u00bb use_custom_width=\u00a0\u00bboff\u00a0\u00bb width_unit=\u00a0\u00bbon\u00a0\u00bb global_colors_info=\u00a0\u00bb{}\u00a0\u00bb column_structure=\u00a0\u00bb1_2,1_2&Prime;][et_pb_column type=\u00a0\u00bb1_2&Prime; _builder_version=\u00a0\u00bb3.25&Prime; custom_padding=\u00a0\u00bb|||\u00a0\u00bb global_colors_info=\u00a0\u00bb{}\u00a0\u00bb custom_padding__hover=\u00a0\u00bb|||\u00a0\u00bb][et_pb_text admin_label=\u00a0\u00bbTexte\u00a0\u00bb _builder_version=\u00a0\u00bb4.14.2&Prime; background_size=\u00a0\u00bbinitial\u00a0\u00bb background_position=\u00a0\u00bbtop_left\u00a0\u00bb background_repeat=\u00a0\u00bbrepeat\u00a0\u00bb background_layout=\u00a0\u00bbdark\u00a0\u00bb custom_padding=\u00a0\u00bb||50|\u00a0\u00bb hover_enabled=\u00a0\u00bb0&Prime; use_border_color=\u00a0\u00bboff\u00a0\u00bb border_color=\u00a0\u00bb#ffffff\u00a0\u00bb border_style=\u00a0\u00bbsolid\u00a0\u00bb global_colors_info=\u00a0\u00bb{}\u00a0\u00bb sticky_enabled=\u00a0\u00bb0&Prime;]<img class=\"alignleft wp-image-836\" src=\"https:\/\/ecolesayu.deuxspirales.fr\/wp-content\/uploads\/2025\/09\/IMG-20250904-WA0001.jpg\" alt=\"Logo-EcoleSayu2015_02-BN web\" width=\"50%\" \/><\/p>\n<p><a style=\"color: white;\" href=\"https:\/\/sites.google.com\/site\/dojosaintambroise\/home\" target=\"_blank\" rel=\"noopener\">PARIS<br \/>\nDojo Saint Ambroise<br \/>\n6 rue de la Folie M\u00e9ricourt<br \/>\n75011 PARIS<\/a><\/p>\n<p><a style=\"color: white;\" href=\"https:\/\/www.google.fr\/maps\/search\/R%C5%8CGETSUD%C5%8C,+48+rue+Renier+Chalon+1050+Ixelles\/@50.8182387,4.3574882,17z\/data=!3m1!4b1\" target=\"_blank\" rel=\"noopener\">BRUXELLES<br \/>\nR\u014cGETSUD\u014c<br \/>\n48 rue Renier Chalon<br \/>\n1050 Ixelles<\/a><br \/>\n[\/et_pb_text][\/et_pb_column][et_pb_column type=\u00a0\u00bb1_2&Prime; _builder_version=\u00a0\u00bb3.25&Prime; custom_padding=\u00a0\u00bb|||\u00a0\u00bb global_colors_info=\u00a0\u00bb{}\u00a0\u00bb custom_padding__hover=\u00a0\u00bb|||\u00a0\u00bb][et_pb_text admin_label=\u00a0\u00bbTexte\u00a0\u00bb _builder_version=\u00a0\u00bb3.27.4&Prime; text_font=\u00a0\u00bbSource Sans Pro||||\u00a0\u00bb text_font_size=\u00a0\u00bb8&Prime; text_line_height=\u00a0\u00bb1em\u00a0\u00bb background_size=\u00a0\u00bbinitial\u00a0\u00bb background_position=\u00a0\u00bbtop_left\u00a0\u00bb background_repeat=\u00a0\u00bbrepeat\u00a0\u00bb background_layout=\u00a0\u00bbdark\u00a0\u00bb custom_padding=\u00a0\u00bb50|||\u00a0\u00bb use_border_color=\u00a0\u00bboff\u00a0\u00bb border_color=\u00a0\u00bb#ffffff\u00a0\u00bb border_style=\u00a0\u00bbsolid\u00a0\u00bb saved_tabs=\u00a0\u00bball\u00a0\u00bb global_colors_info=\u00a0\u00bb{}\u00a0\u00bb]<\/p>\n<h3><a href=\"http:\/\/ecolesayu.deuxspirales.fr\/index.php\/english\/\"><img loading=\"lazy\" class=\"alignnone size-full wp-image-523\" src=\"http:\/\/ecolesayu.deuxspirales.fr\/wp-content\/uploads\/2015\/08\/United-Kingdom-256-e1441943851294.png\" alt=\"United-Kingdom-256\" width=\"20\" height=\"20\" \/>\u00a0\u00a0ENGLISH<\/a><br \/>\n<a href=\"http:\/\/ecolesayu.deuxspirales.fr\/index.php\/nihongo\/\"><img loading=\"lazy\" class=\"alignnone size-full wp-image-522\" src=\"http:\/\/ecolesayu.deuxspirales.fr\/wp-content\/uploads\/2015\/08\/Japan-256-e1441943905237.png\" alt=\"Japan-256\" width=\"20\" height=\"20\" \/>\u00a0\u65e5\u672c\u8a9e<br \/>\n<\/a><\/h3>\n<h3 style=\"text-align: left; padding-left: 210px;\"><a href=\"https:\/\/www.facebook.com\/ecolesayu2spirales\" target=\"_blank\" rel=\"noopener\"><img loading=\"lazy\" class=\"size-full wp-image-697 alignleft\" src=\"http:\/\/ecolesayu.deuxspirales.fr\/wp-content\/uploads\/2015\/08\/social-facebook-box-blue-icon.png\" alt=\"social-facebook-box-blue-icon\" width=\"24\" height=\"24\" \/><\/a><a href=\"https:\/\/www.facebook.com\/ecolesayu2spirales\" target=\"_blank\" rel=\"noopener\">Suivez-nous<\/a><\/h3>\n<h3 style=\"text-align: left;\"><a href=\"http:\/\/ecolesayu.deuxspirales.fr\/index.php\/contact\/\">CONTACT<\/a><a style=\"font-size: 16px; line-height: 1.5;\" href=\"http:\/\/ecolesayu.deuxspirales.fr\/index.php\/english\/\"><br \/>\n<\/a><a href=\"http:\/\/ecolesayu.deuxspirales.fr\/index.php\/mentions-legales\/\">MENTIONS L\u00c9GALES<br \/>\n<\/a><a href=\"http:\/\/ecolesayu.deuxspirales.fr\/index.php\/plan-du-site\/\">PLAN DU SITE<\/a><\/h3>\n<p>[\/et_pb_text][\/et_pb_column][\/et_pb_row][\/et_pb_section]<\/p>\n","protected":false},"excerpt":{"rendered":"<p>DISCIPLINES\u00a0 &nbsp; Po\u00e9sie du sabre, et danses de guerriers\u00a0 Les arts d\u2019Orient exercent aujourd\u2019hui une puissante fascination sur nos\u00a0imaginaires. Il est vrai que depuis plus d\u2019un si\u00e8cle toutes nos formes d\u2019arts\u00a0contemporains ont connu un renouvellement d\u2019inspiration puissant gr\u00e2ce \u00e0\u00a0la d\u00e9couverte de possibilit\u00e9s, de puissances, de libert\u00e9s nouvelles venues\u00a0d\u2019Orient. Sans doute le nimbe de myst\u00e8re entourant [&hellip;]<\/p>\n","protected":false},"author":1,"featured_media":0,"parent":0,"menu_order":0,"comment_status":"open","ping_status":"open","template":"","meta":{"_et_pb_use_builder":"on","_et_pb_old_content":"","_et_gb_content_width":""},"_links":{"self":[{"href":"https:\/\/ecolesayu.deuxspirales.fr\/index.php\/wp-json\/wp\/v2\/pages\/68"}],"collection":[{"href":"https:\/\/ecolesayu.deuxspirales.fr\/index.php\/wp-json\/wp\/v2\/pages"}],"about":[{"href":"https:\/\/ecolesayu.deuxspirales.fr\/index.php\/wp-json\/wp\/v2\/types\/page"}],"author":[{"embeddable":true,"href":"https:\/\/ecolesayu.deuxspirales.fr\/index.php\/wp-json\/wp\/v2\/users\/1"}],"replies":[{"embeddable":true,"href":"https:\/\/ecolesayu.deuxspirales.fr\/index.php\/wp-json\/wp\/v2\/comments?post=68"}],"version-history":[{"count":17,"href":"https:\/\/ecolesayu.deuxspirales.fr\/index.php\/wp-json\/wp\/v2\/pages\/68\/revisions"}],"predecessor-version":[{"id":2582,"href":"https:\/\/ecolesayu.deuxspirales.fr\/index.php\/wp-json\/wp\/v2\/pages\/68\/revisions\/2582"}],"wp:attachment":[{"href":"https:\/\/ecolesayu.deuxspirales.fr\/index.php\/wp-json\/wp\/v2\/media?parent=68"}],"curies":[{"name":"wp","href":"https:\/\/api.w.org\/{rel}","templated":true}]}}