{"id":57,"date":"2015-08-06T16:18:58","date_gmt":"2015-08-06T15:18:58","guid":{"rendered":"http:\/\/ecolesayu.deuxspirales.fr\/?page_id=57"},"modified":"2025-09-07T21:21:09","modified_gmt":"2025-09-07T19:21:09","slug":"actualites","status":"publish","type":"page","link":"https:\/\/ecolesayu.deuxspirales.fr\/index.php\/actualites\/","title":{"rendered":"Actualit\u00e9s"},"content":{"rendered":"<p>[et_pb_section fb_built=\u00a0\u00bb1&Prime; admin_label=\u00a0\u00bbsection\u00a0\u00bb _builder_version=\u00a0\u00bb3.22&Prime; global_colors_info=\u00a0\u00bb{}\u00a0\u00bb][et_pb_row admin_label=\u00a0\u00bbrow\u00a0\u00bb _builder_version=\u00a0\u00bb3.25&Prime; background_size=\u00a0\u00bbinitial\u00a0\u00bb background_position=\u00a0\u00bbtop_left\u00a0\u00bb background_repeat=\u00a0\u00bbrepeat\u00a0\u00bb global_colors_info=\u00a0\u00bb{}\u00a0\u00bb][et_pb_column type=\u00a0\u00bb4_4&Prime; _builder_version=\u00a0\u00bb3.25&Prime; custom_padding=\u00a0\u00bb|||\u00a0\u00bb global_colors_info=\u00a0\u00bb{}\u00a0\u00bb custom_padding__hover=\u00a0\u00bb|||\u00a0\u00bb][et_pb_text admin_label=\u00a0\u00bbTexte\u00a0\u00bb _builder_version=\u00a0\u00bb3.27.4&Prime; background_size=\u00a0\u00bbinitial\u00a0\u00bb background_position=\u00a0\u00bbtop_left\u00a0\u00bb background_repeat=\u00a0\u00bbrepeat\u00a0\u00bb use_border_color=\u00a0\u00bboff\u00a0\u00bb border_color=\u00a0\u00bb#ffffff\u00a0\u00bb border_style=\u00a0\u00bbsolid\u00a0\u00bb global_colors_info=\u00a0\u00bb{}\u00a0\u00bb]<\/p>\n<h1><\/h1>\n<p>&nbsp;<\/p>\n<h1>ACTUALIT\u00c9S\u00a0<a href=\"http:\/\/ecolesayu.deuxspirales.fr\/wp-content\/uploads\/2015\/08\/tilde.gif\"><img loading=\"lazy\" class=\"alignnone size-full wp-image-423\" src=\"http:\/\/ecolesayu.deuxspirales.fr\/wp-content\/uploads\/2015\/08\/tilde.gif\" alt=\"tilde\" width=\"50\" height=\"28\" \/><\/a><\/h1>\n<hr \/>\n<h1><\/h1>\n<p>[\/et_pb_text][\/et_pb_column][\/et_pb_row][\/et_pb_section][et_pb_section fb_built=\u00a0\u00bb1&Prime; admin_label=\u00a0\u00bbsection\u00a0\u00bb _builder_version=\u00a0\u00bb3.22&Prime; global_colors_info=\u00a0\u00bb{}\u00a0\u00bb][et_pb_row admin_label=\u00a0\u00bbrow\u00a0\u00bb _builder_version=\u00a0\u00bb3.25&Prime; background_size=\u00a0\u00bbinitial\u00a0\u00bb background_position=\u00a0\u00bbtop_left\u00a0\u00bb background_repeat=\u00a0\u00bbrepeat\u00a0\u00bb global_colors_info=\u00a0\u00bb{}\u00a0\u00bb][et_pb_column type=\u00a0\u00bb4_4&Prime; _builder_version=\u00a0\u00bb3.25&Prime; custom_padding=\u00a0\u00bb|||\u00a0\u00bb global_colors_info=\u00a0\u00bb{}\u00a0\u00bb custom_padding__hover=\u00a0\u00bb|||\u00a0\u00bb][et_pb_text admin_label=\u00a0\u00bbTexte\u00a0\u00bb _builder_version=\u00a0\u00bb3.27.4&Prime; background_size=\u00a0\u00bbinitial\u00a0\u00bb background_position=\u00a0\u00bbtop_left\u00a0\u00bb background_repeat=\u00a0\u00bbrepeat\u00a0\u00bb text_orientation=\u00a0\u00bbcenter\u00a0\u00bb module_alignment=\u00a0\u00bbcenter\u00a0\u00bb use_border_color=\u00a0\u00bboff\u00a0\u00bb border_color=\u00a0\u00bb#ffffff\u00a0\u00bb border_style=\u00a0\u00bbsolid\u00a0\u00bb global_colors_info=\u00a0\u00bb{}\u00a0\u00bb]<\/p>\n<p style=\"text-align: center;\"><strong>Cat\u00e9gories :\u00a0<span style=\"color: #000080;\">Toutes Cat\u00e9gories<\/span><\/strong> | <a href=\"http:\/\/ecolesayu.deuxspirales.fr\/index.php\/actualites\/actualites-evenement\/\">Ev\u00e8nements <\/a>| <a href=\"http:\/\/ecolesayu.deuxspirales.fr\/index.php\/actualites\/actualites-stages\/\">Stages <\/a>| <a href=\"http:\/\/ecolesayu.deuxspirales.fr\/index.php\/actualites\/actualites-newsletters\/\">Newsletters <\/a>| <a href=\"http:\/\/ecolesayu.deuxspirales.fr\/index.php\/actualites\/actualites-dossiers\/\">Dossiers <\/a>| <a href=\"http:\/\/ecolesayu.deuxspirales.fr\/index.php\/actualites\/actualites-photos\/\">Photos <\/a>| <a href=\"http:\/\/ecolesayu.deuxspirales.fr\/index.php\/actualites\/actualites-videos\/\">Vid\u00e9os<\/a><\/p>\n<p style=\"text-align: center;\"><a href=\"http:\/\/ecolesayu.deuxspirales.fr\/index.php\/actualites\/actualites-paris\/\">Paris <\/a>| <a href=\"http:\/\/ecolesayu.deuxspirales.fr\/index.php\/actualites\/actualites-bruxelles\/\">Bruxelles<\/a><\/p>\n<p>[\/et_pb_text][\/et_pb_column][\/et_pb_row][\/et_pb_section][et_pb_section fb_built=\u00a0\u00bb1&Prime; admin_label=\u00a0\u00bbsection\u00a0\u00bb _builder_version=\u00a0\u00bb3.22&Prime; global_colors_info=\u00a0\u00bb{}\u00a0\u00bb][et_pb_row admin_label=\u00a0\u00bbrow\u00a0\u00bb _builder_version=\u00a0\u00bb3.25&Prime; background_size=\u00a0\u00bbinitial\u00a0\u00bb background_position=\u00a0\u00bbtop_left\u00a0\u00bb background_repeat=\u00a0\u00bbrepeat\u00a0\u00bb global_colors_info=\u00a0\u00bb{}\u00a0\u00bb][et_pb_column type=\u00a0\u00bb4_4&Prime; _builder_version=\u00a0\u00bb3.25&Prime; custom_padding=\u00a0\u00bb|||\u00a0\u00bb global_colors_info=\u00a0\u00bb{}\u00a0\u00bb custom_padding__hover=\u00a0\u00bb|||\u00a0\u00bb][et_pb_blog fullwidth=\u00a0\u00bboff\u00a0\u00bb posts_number=\u00a0\u00bb30&Prime; include_categories=\u00a0\u00bb15,4,6,3,1,14,8,5,7&Prime; show_author=\u00a0\u00bboff\u00a0\u00bb show_date=\u00a0\u00bboff\u00a0\u00bb show_categories=\u00a0\u00bboff\u00a0\u00bb admin_label=\u00a0\u00bbBlog\u00a0\u00bb _builder_version=\u00a0\u00bb3.0.94&Prime; body_line_height=\u00a0\u00bb1.2em\u00a0\u00bb meta_font_size=\u00a0\u00bb12&Prime; use_border_color=\u00a0\u00bboff\u00a0\u00bb border_color=\u00a0\u00bb#ffffff\u00a0\u00bb border_style=\u00a0\u00bbsolid\u00a0\u00bb use_dropshadow=\u00a0\u00bboff\u00a0\u00bb global_colors_info=\u00a0\u00bb{}\u00a0\u00bb] [\/et_pb_blog][\/et_pb_column][\/et_pb_row][\/et_pb_section][et_pb_section fb_built=\u00a0\u00bb1&Prime; custom_padding_last_edited=\u00a0\u00bbon|desktop\u00a0\u00bb admin_label=\u00a0\u00bbsection\u00a0\u00bb _builder_version=\u00a0\u00bb3.22&Prime; background_image=\u00a0\u00bbhttp:\/\/ecolesayu.deuxspirales.fr\/wp-content\/uploads\/2015\/08\/pied3.jpg\u00a0\u00bb custom_padding=\u00a0\u00bb|||\u00a0\u00bb custom_padding_tablet=\u00a0\u00bb50px|0|50px|0&Prime; transparent_background=\u00a0\u00bboff\u00a0\u00bb padding_mobile=\u00a0\u00bboff\u00a0\u00bb make_fullwidth=\u00a0\u00bboff\u00a0\u00bb use_custom_width=\u00a0\u00bboff\u00a0\u00bb width_unit=\u00a0\u00bbon\u00a0\u00bb global_colors_info=\u00a0\u00bb{}\u00a0\u00bb custom_padding_phone=\u00a0\u00bb50px|0|50px|0&Prime;][et_pb_row padding_mobile=\u00a0\u00bboff\u00a0\u00bb admin_label=\u00a0\u00bbrow\u00a0\u00bb _builder_version=\u00a0\u00bb3.25&Prime; background_size=\u00a0\u00bbinitial\u00a0\u00bb background_position=\u00a0\u00bbtop_left\u00a0\u00bb background_repeat=\u00a0\u00bbrepeat\u00a0\u00bb custom_padding=\u00a0\u00bb|\u00a0\u00bb make_fullwidth=\u00a0\u00bboff\u00a0\u00bb use_custom_width=\u00a0\u00bboff\u00a0\u00bb width_unit=\u00a0\u00bbon\u00a0\u00bb global_colors_info=\u00a0\u00bb{}\u00a0\u00bb column_structure=\u00a0\u00bb1_3,1_3,1_3&Prime;][et_pb_column type=\u00a0\u00bb1_3&Prime; _builder_version=\u00a0\u00bb3.25&Prime; custom_padding=\u00a0\u00bb|||\u00a0\u00bb global_colors_info=\u00a0\u00bb{}\u00a0\u00bb custom_padding__hover=\u00a0\u00bb|||\u00a0\u00bb][\/et_pb_column][et_pb_column type=\u00a0\u00bb1_3&Prime; _builder_version=\u00a0\u00bb3.25&Prime; custom_padding=\u00a0\u00bb|||\u00a0\u00bb global_colors_info=\u00a0\u00bb{}\u00a0\u00bb custom_padding__hover=\u00a0\u00bb|||\u00a0\u00bb][\/et_pb_column][et_pb_column type=\u00a0\u00bb1_3&Prime; _builder_version=\u00a0\u00bb3.25&Prime; custom_padding=\u00a0\u00bb|||\u00a0\u00bb global_colors_info=\u00a0\u00bb{}\u00a0\u00bb custom_padding__hover=\u00a0\u00bb|||\u00a0\u00bb][et_pb_text admin_label=\u00a0\u00bbTexte\u00a0\u00bb _builder_version=\u00a0\u00bb3.27.4&Prime; background_size=\u00a0\u00bbinitial\u00a0\u00bb background_position=\u00a0\u00bbtop_left\u00a0\u00bb background_repeat=\u00a0\u00bbrepeat\u00a0\u00bb use_border_color=\u00a0\u00bboff\u00a0\u00bb border_color=\u00a0\u00bb#ffffff\u00a0\u00bb border_style=\u00a0\u00bbsolid\u00a0\u00bb global_colors_info=\u00a0\u00bb{}\u00a0\u00bb]<a href=\"http:\/\/compagnie.deuxspirales.fr\/\" target=\"_blank\" rel=\"noopener\"><br \/>\n<\/a><a href=\"http:\/\/compagnie.deuxspirales.fr\/\" target=\"_blank\" rel=\"noopener\"><img loading=\"lazy\" class=\"size-full wp-image-1149 alignleft\" src=\"http:\/\/ecolesayu.deuxspirales.fr\/wp-content\/uploads\/2016\/08\/sitecompagnie1-e1472552895985.jpg\" alt=\"sitecompagnie\" width=\"63\" height=\"99\" \/><\/a><a href=\"http:\/\/compagnie.deuxspirales.fr\/\" target=\"_blank\" rel=\"noopener\">Voir site<\/a><\/p>\n<h2><a href=\"http:\/\/compagnie.deuxspirales.fr\/\" target=\"_blank\" rel=\"noopener\"><span style=\"color: #ff0000;\">MASATO MATSUURA<br \/>\n<\/span> DEUX SPIRALES<\/a><\/h2>\n<p>[\/et_pb_text][\/et_pb_column][\/et_pb_row][et_pb_row padding_mobile=\u00a0\u00bboff\u00a0\u00bb admin_label=\u00a0\u00bbrow\u00a0\u00bb _builder_version=\u00a0\u00bb3.25&Prime; background_size=\u00a0\u00bbinitial\u00a0\u00bb background_position=\u00a0\u00bbtop_left\u00a0\u00bb background_repeat=\u00a0\u00bbrepeat\u00a0\u00bb custom_padding=\u00a0\u00bb|\u00a0\u00bb make_fullwidth=\u00a0\u00bboff\u00a0\u00bb use_custom_width=\u00a0\u00bboff\u00a0\u00bb width_unit=\u00a0\u00bbon\u00a0\u00bb global_colors_info=\u00a0\u00bb{}\u00a0\u00bb column_structure=\u00a0\u00bb1_2,1_2&Prime;][et_pb_column type=\u00a0\u00bb1_2&Prime; _builder_version=\u00a0\u00bb3.25&Prime; custom_padding=\u00a0\u00bb|||\u00a0\u00bb global_colors_info=\u00a0\u00bb{}\u00a0\u00bb custom_padding__hover=\u00a0\u00bb|||\u00a0\u00bb][et_pb_text admin_label=\u00a0\u00bbTexte\u00a0\u00bb _builder_version=\u00a0\u00bb4.14.2&Prime; background_size=\u00a0\u00bbinitial\u00a0\u00bb background_position=\u00a0\u00bbtop_left\u00a0\u00bb background_repeat=\u00a0\u00bbrepeat\u00a0\u00bb background_layout=\u00a0\u00bbdark\u00a0\u00bb custom_padding=\u00a0\u00bb||50|\u00a0\u00bb hover_enabled=\u00a0\u00bb0&Prime; use_border_color=\u00a0\u00bboff\u00a0\u00bb border_color=\u00a0\u00bb#ffffff\u00a0\u00bb border_style=\u00a0\u00bbsolid\u00a0\u00bb global_colors_info=\u00a0\u00bb{}\u00a0\u00bb sticky_enabled=\u00a0\u00bb0&Prime;]<img class=\"alignleft wp-image-836\" src=\"https:\/\/ecolesayu.deuxspirales.fr\/wp-content\/uploads\/2025\/09\/IMG-20250904-WA0001.jpg\" alt=\"Logo-EcoleSayu2015_02-BN web\" width=\"50%\" \/><\/p>\n<p><a style=\"color: white;\" href=\"https:\/\/sites.google.com\/site\/dojosaintambroise\/home\" target=\"_blank\" rel=\"noopener\">PARIS<br \/>\nDojo Saint Ambroise<br \/>\n6 rue de la Folie M\u00e9ricourt<br \/>\n75011 PARIS<\/a><\/p>\n<p><a style=\"color: white;\" href=\"https:\/\/www.google.fr\/maps\/search\/R%C5%8CGETSUD%C5%8C,+48+rue+Renier+Chalon+1050+Ixelles\/@50.8182387,4.3574882,17z\/data=!3m1!4b1\" target=\"_blank\" rel=\"noopener\">BRUXELLES<br \/>\nR\u014cGETSUD\u014c<br \/>\n48 rue Renier Chalon<br \/>\n1050 Ixelles<\/a><br \/>\n[\/et_pb_text][\/et_pb_column][et_pb_column type=\u00a0\u00bb1_2&Prime; _builder_version=\u00a0\u00bb3.25&Prime; custom_padding=\u00a0\u00bb|||\u00a0\u00bb global_colors_info=\u00a0\u00bb{}\u00a0\u00bb custom_padding__hover=\u00a0\u00bb|||\u00a0\u00bb][et_pb_text admin_label=\u00a0\u00bbTexte\u00a0\u00bb _builder_version=\u00a0\u00bb3.27.4&Prime; text_font=\u00a0\u00bbSource Sans Pro||||\u00a0\u00bb text_font_size=\u00a0\u00bb8&Prime; text_line_height=\u00a0\u00bb1em\u00a0\u00bb background_size=\u00a0\u00bbinitial\u00a0\u00bb background_position=\u00a0\u00bbtop_left\u00a0\u00bb background_repeat=\u00a0\u00bbrepeat\u00a0\u00bb background_layout=\u00a0\u00bbdark\u00a0\u00bb custom_padding=\u00a0\u00bb50|||\u00a0\u00bb use_border_color=\u00a0\u00bboff\u00a0\u00bb border_color=\u00a0\u00bb#ffffff\u00a0\u00bb border_style=\u00a0\u00bbsolid\u00a0\u00bb saved_tabs=\u00a0\u00bball\u00a0\u00bb global_colors_info=\u00a0\u00bb{}\u00a0\u00bb]<\/p>\n<h3><a href=\"http:\/\/ecolesayu.deuxspirales.fr\/index.php\/english\/\"><img loading=\"lazy\" class=\"alignnone size-full wp-image-523\" src=\"http:\/\/ecolesayu.deuxspirales.fr\/wp-content\/uploads\/2015\/08\/United-Kingdom-256-e1441943851294.png\" alt=\"United-Kingdom-256\" width=\"20\" height=\"20\" \/>\u00a0\u00a0ENGLISH<\/a><br \/>\n<a href=\"http:\/\/ecolesayu.deuxspirales.fr\/index.php\/nihongo\/\"><img loading=\"lazy\" class=\"alignnone size-full wp-image-522\" src=\"http:\/\/ecolesayu.deuxspirales.fr\/wp-content\/uploads\/2015\/08\/Japan-256-e1441943905237.png\" alt=\"Japan-256\" width=\"20\" height=\"20\" \/>\u00a0\u65e5\u672c\u8a9e<br \/>\n<\/a><\/h3>\n<h3 style=\"text-align: left; padding-left: 210px;\"><a href=\"https:\/\/www.facebook.com\/ecolesayu2spirales\" target=\"_blank\" rel=\"noopener\"><img loading=\"lazy\" class=\"size-full wp-image-697 alignleft\" src=\"http:\/\/ecolesayu.deuxspirales.fr\/wp-content\/uploads\/2015\/08\/social-facebook-box-blue-icon.png\" alt=\"social-facebook-box-blue-icon\" width=\"24\" height=\"24\" \/><\/a><a href=\"https:\/\/www.facebook.com\/ecolesayu2spirales\" target=\"_blank\" rel=\"noopener\">Suivez-nous<\/a><\/h3>\n<h3 style=\"text-align: left;\"><a href=\"http:\/\/ecolesayu.deuxspirales.fr\/index.php\/contact\/\">CONTACT<\/a><a style=\"font-size: 16px; line-height: 1.5;\" href=\"http:\/\/ecolesayu.deuxspirales.fr\/index.php\/english\/\"><br \/>\n<\/a><a href=\"http:\/\/ecolesayu.deuxspirales.fr\/index.php\/mentions-legales\/\">MENTIONS L\u00c9GALES<br \/>\n<\/a><a href=\"http:\/\/ecolesayu.deuxspirales.fr\/index.php\/plan-du-site\/\">PLAN DU SITE<\/a><\/h3>\n<p>[\/et_pb_text][\/et_pb_column][\/et_pb_row][\/et_pb_section]<\/p>\n","protected":false},"excerpt":{"rendered":"<p>&nbsp; ACTUALIT\u00c9S\u00a0 Cat\u00e9gories :\u00a0Toutes Cat\u00e9gories | Ev\u00e8nements | Stages | Newsletters | Dossiers | Photos | Vid\u00e9os Paris | Bruxelles Voir site MASATO MATSUURA DEUX SPIRALES PARIS Dojo Saint Ambroise 6 rue de la Folie M\u00e9ricourt 75011 PARIS BRUXELLES R\u014cGETSUD\u014c 48 rue Renier Chalon 1050 Ixelles \u00a0\u00a0ENGLISH \u00a0\u65e5\u672c\u8a9e Suivez-nous CONTACT MENTIONS L\u00c9GALES PLAN DU SITE<\/p>\n","protected":false},"author":1,"featured_media":0,"parent":0,"menu_order":0,"comment_status":"open","ping_status":"open","template":"","meta":{"_et_pb_use_builder":"on","_et_pb_old_content":"","_et_gb_content_width":""},"_links":{"self":[{"href":"https:\/\/ecolesayu.deuxspirales.fr\/index.php\/wp-json\/wp\/v2\/pages\/57"}],"collection":[{"href":"https:\/\/ecolesayu.deuxspirales.fr\/index.php\/wp-json\/wp\/v2\/pages"}],"about":[{"href":"https:\/\/ecolesayu.deuxspirales.fr\/index.php\/wp-json\/wp\/v2\/types\/page"}],"author":[{"embeddable":true,"href":"https:\/\/ecolesayu.deuxspirales.fr\/index.php\/wp-json\/wp\/v2\/users\/1"}],"replies":[{"embeddable":true,"href":"https:\/\/ecolesayu.deuxspirales.fr\/index.php\/wp-json\/wp\/v2\/comments?post=57"}],"version-history":[{"count":30,"href":"https:\/\/ecolesayu.deuxspirales.fr\/index.php\/wp-json\/wp\/v2\/pages\/57\/revisions"}],"predecessor-version":[{"id":2546,"href":"https:\/\/ecolesayu.deuxspirales.fr\/index.php\/wp-json\/wp\/v2\/pages\/57\/revisions\/2546"}],"wp:attachment":[{"href":"https:\/\/ecolesayu.deuxspirales.fr\/index.php\/wp-json\/wp\/v2\/media?parent=57"}],"curies":[{"name":"wp","href":"https:\/\/api.w.org\/{rel}","templated":true}]}}