{"id":55,"date":"2015-08-06T16:18:30","date_gmt":"2015-08-06T15:18:30","guid":{"rendered":"http:\/\/ecolesayu.deuxspirales.fr\/?page_id=55"},"modified":"2025-09-07T23:40:59","modified_gmt":"2025-09-07T21:40:59","slug":"no","status":"publish","type":"page","link":"https:\/\/ecolesayu.deuxspirales.fr\/index.php\/no\/","title":{"rendered":"N\u00f4"},"content":{"rendered":"<p>[et_pb_section fb_built=\u00a0\u00bb1&Prime; admin_label=\u00a0\u00bbsection\u00a0\u00bb _builder_version=\u00a0\u00bb3.22&Prime; global_colors_info=\u00a0\u00bb{}\u00a0\u00bb][et_pb_row admin_label=\u00a0\u00bbrow\u00a0\u00bb _builder_version=\u00a0\u00bb3.25&Prime; background_size=\u00a0\u00bbinitial\u00a0\u00bb background_position=\u00a0\u00bbtop_left\u00a0\u00bb background_repeat=\u00a0\u00bbrepeat\u00a0\u00bb global_colors_info=\u00a0\u00bb{}\u00a0\u00bb column_structure=\u00a0\u00bb3_4,1_4&Prime;][et_pb_column type=\u00a0\u00bb3_4&Prime; _builder_version=\u00a0\u00bb3.25&Prime; custom_padding=\u00a0\u00bb|||\u00a0\u00bb global_colors_info=\u00a0\u00bb{}\u00a0\u00bb custom_padding__hover=\u00a0\u00bb|||\u00a0\u00bb][et_pb_text admin_label=\u00a0\u00bbTexte\u00a0\u00bb _builder_version=\u00a0\u00bb3.27.4&Prime; background_size=\u00a0\u00bbinitial\u00a0\u00bb background_position=\u00a0\u00bbtop_left\u00a0\u00bb background_repeat=\u00a0\u00bbrepeat\u00a0\u00bb use_border_color=\u00a0\u00bboff\u00a0\u00bb border_color=\u00a0\u00bb#ffffff\u00a0\u00bb border_style=\u00a0\u00bbsolid\u00a0\u00bb global_colors_info=\u00a0\u00bb{}\u00a0\u00bb]<\/p>\n<h1>N\u00d4\u00a0<img loading=\"lazy\" class=\"alignnone size-full wp-image-423\" src=\"http:\/\/ecolesayu.deuxspirales.fr\/wp-content\/uploads\/2015\/08\/tilde.gif\" alt=\"tilde\" width=\"50\" height=\"28\" \/><\/h1>\n<hr \/>\n<p>&nbsp;<\/p>\n<p><img loading=\"lazy\" class=\" wp-image-634 aligncenter\" src=\"http:\/\/ecolesayu.deuxspirales.fr\/wp-content\/uploads\/2015\/08\/0d3a59fe2b9b233324d1bf24dd767766.jpg\" alt=\"0d3a59fe2b9b233324d1bf24dd767766\" width=\"800\" height=\"553\" srcset=\"https:\/\/ecolesayu.deuxspirales.fr\/wp-content\/uploads\/2015\/08\/0d3a59fe2b9b233324d1bf24dd767766.jpg 1000w, https:\/\/ecolesayu.deuxspirales.fr\/wp-content\/uploads\/2015\/08\/0d3a59fe2b9b233324d1bf24dd767766-300x207.jpg 300w\" sizes=\"(max-width: 800px) 100vw, 800px\" \/><\/p>\n<p>&nbsp;<\/p>\n<p><img loading=\"lazy\" class=\"alignleft wp-image-633 size-full\" src=\"http:\/\/ecolesayu.deuxspirales.fr\/wp-content\/uploads\/2015\/08\/No2.jpg\" alt=\"No2\" width=\"168\" height=\"250\" \/><em>\u00ab Le th\u00e9\u00e2tre N\u00f4 est comme un temple de la beaut\u00e9. C&rsquo;est le lieu o\u00f9 s&rsquo;accomplit l&rsquo;union supr\u00eame de la solennit\u00e9 religieuse et de la beaut\u00e9 sensuelle. Aucune autre tradition th\u00e9\u00e2trale n&rsquo;est parvenue \u00e0 un tel raffinement. La vraie beaut\u00e9 agresse, domine, pille et finalement d\u00e9truit&#8230; C&rsquo;est derri\u00e8re son masque, que la beaut\u00e9 dissimule la mort qui un jour in\u00e9luctable, me conduira \u00e0 la destruction et dans le silence. \u00bb<\/em><br \/>\n<em>Yukio Mishima<\/em><\/p>\n<p>Le N\u00f4 a \u00e9t\u00e9 fond\u00e9 au 14\u00e8me si\u00e8cle, \u00e0 l&rsquo;\u00e9poque de Kanami et de son fils Zeami. Il a atteint son apog\u00e9e \u00e0 la p\u00e9riode flamboyante Azuchi-Momoyama, que l&rsquo;on appelle quelquefois la Renaissance japonaise. L&rsquo;art du sabre a \u00e9galement \u00e9t\u00e9 perfectionn\u00e9 \u00e0 cette \u00e9poque. Durant l&rsquo;\u00e8re Tokugawa, le N\u00f4 \u00e9tait consid\u00e9r\u00e9 comme un accomplissement culturel de la classe des guerriers. Les samura\u00efs pratiquaient le N\u00f4 pour entrainer leur corps et leur esprit.<\/p>\n<p>Le N\u00f4 et l&rsquo;art du sabre requi\u00e8rent un m\u00eame \u00e9tat d&rsquo;esprit et de corps.<\/p>\n<h2>Le paradoxe du N\u00f4\u00a0<img loading=\"lazy\" class=\"alignnone wp-image-423\" src=\"http:\/\/ecolesayu.deuxspirales.fr\/wp-content\/uploads\/2015\/08\/tilde.gif\" alt=\"tilde\" width=\"40\" height=\"22\" \/><\/h2>\n<p style=\"text-align: left;\">L&rsquo;acteur occidental fait de la pr\u00e9sence en sc\u00e8ne son alpha et son om\u00e9ga. De fait, il n&rsquo;accomplit que la moiti\u00e9 du chemin. L&rsquo;acteur de n\u00f4 cultive aussi l&rsquo;absence, all\u00e8ge son ego en alourdissant son corps, comme un c\u00e2ble tendu entre le cosmos et le centre de la terre.<\/p>\n<p>L&rsquo;exp\u00e9rience du n\u00f4 s&rsquo;articule autour d&rsquo;une spirale d&rsquo;\u00e9nergie, comme l&rsquo;adn, une s\u00e9rie d&rsquo;apparitions successives et de disparitions, un aller et retour entre le monde des vivants et celui des morts en \u00e9quilibre sur un fil tendu mais souple.<\/p>\n<p>Si notre visage est bien souvent enfoui dans la glaise des convenances, le n\u00f4 est le pinceau de l\u2019arch\u00e9ologue qui peu \u00e0 peu d\u00e9gage nos traits de la gangue qui l&rsquo;\u00e9touffe, les masques multiples de l\u2019\u00e2me. C&rsquo;est le corps entier qui est contenu dans ce visage, si grand et pourtant si petit, afin que deux \u00eatres, le vivant et le mort, l&rsquo;un v\u00e9hicule de ce visage immobile, l&rsquo;autre porteur de son ame, s&rsquo;entrelacent, passent et repassent d&rsquo;un cot\u00e9 \u00e0 l&rsquo;autre du miroir, tant et si bien qu&rsquo;\u00e0 force de frottements l&rsquo;air s&#8217;embrase comme le spectateur, v\u00e9ritable lieu de la repr\u00e9sentation.<\/p>\n<p>Est-ce le masque qui bouge ou le monde qui tourne autour d&rsquo;une si parfaite verticalit\u00e9 ?<\/p>\n<p>Cette forme ancestrale de th\u00e9\u00e2tre en ce qu&rsquo;elle fraye avec la pratique et bien souvent l&rsquo;invisible s&rsquo;affranchit de la chair plus qu&rsquo;elle ne l&rsquo;expose, se consid\u00e8re comme un lieu d&rsquo;exp\u00e9rience unique, un endroit de passage d&rsquo;\u00e9nergie qui diss\u00e8que le pr\u00e9sent, d\u00e9roule les visc\u00e8res du temps, loin, tr\u00e8s loin de la repr\u00e9sentation d&rsquo;un spectacle tel que nous, occidentaux la concevons.<\/p>\n<p>Il nous est difficile de comprendre comment tant de chose s&rsquo;accomplissent en si peu de signes. C&rsquo;est l\u00e0 le paradoxe du n\u00f4, si codifi\u00e9 et si proche de l&rsquo;\u00e2me, si plein et si vide \u00e0 la fois, si difficile et pourtant si simple.<\/p>\n<p style=\"text-align: right;\">St\u00e9phane Oertli<br \/>\nMetteur en sc\u00e8ne et acteur, \u00e9l\u00e8ve de l&rsquo;\u00e9cole Sayu<\/p>\n<h2>Anatomie du N\u00f4\u00a0<img loading=\"lazy\" class=\"alignnone wp-image-423\" src=\"http:\/\/ecolesayu.deuxspirales.fr\/wp-content\/uploads\/2015\/08\/tilde.gif\" alt=\"tilde\" width=\"40\" height=\"22\" \/><\/h2>\n<p><a href=\"http:\/\/ecolesayu.deuxspirales.fr\/wp-content\/uploads\/2015\/08\/IMG_20141206_145812.jpg\" target=\"_blank\" rel=\"noopener\"><img loading=\"lazy\" class=\"alignleft wp-image-635 size-thumbnail\" src=\"http:\/\/ecolesayu.deuxspirales.fr\/wp-content\/uploads\/2015\/08\/IMG_20141206_145812-150x150.jpg\" alt=\"IMG_20141206_145812\" width=\"150\" height=\"150\" \/><\/a><\/p>\n<p>&nbsp;<\/p>\n<p>Dessin par Zo\u00e9 Laposte<br \/>\n[\/et_pb_text][\/et_pb_column][et_pb_column type=\u00a0\u00bb1_4&Prime; _builder_version=\u00a0\u00bb3.25&Prime; custom_padding=\u00a0\u00bb|||\u00a0\u00bb global_colors_info=\u00a0\u00bb{}\u00a0\u00bb custom_padding__hover=\u00a0\u00bb|||\u00a0\u00bb][et_pb_text admin_label=\u00a0\u00bbTexte\u00a0\u00bb _builder_version=\u00a0\u00bb3.27.4&Prime; background_size=\u00a0\u00bbinitial\u00a0\u00bb background_position=\u00a0\u00bbtop_left\u00a0\u00bb background_repeat=\u00a0\u00bbrepeat\u00a0\u00bb custom_padding=\u00a0\u00bb40|||\u00a0\u00bb use_border_color=\u00a0\u00bboff\u00a0\u00bb border_color=\u00a0\u00bb#ffffff\u00a0\u00bb border_style=\u00a0\u00bbsolid\u00a0\u00bb saved_tabs=\u00a0\u00bball\u00a0\u00bb global_colors_info=\u00a0\u00bb{}\u00a0\u00bb]<\/p>\n<hr \/>\n<h2 style=\"padding-left: 30px;\"><\/h2>\n<p>&nbsp;<\/p>\n<h2 style=\"padding-left: 30px;\"><a href=\"http:\/\/ecolesayu.deuxspirales.fr\/index.php\/disciplines\/\">Disciplines<\/a><\/h2>\n<h2 style=\"padding-left: 30px;\"><a href=\"http:\/\/ecolesayu.deuxspirales.fr\/index.php\/kenjyutsu\/\"><img loading=\"lazy\" class=\"alignnone wp-image-423\" src=\"http:\/\/ecolesayu.deuxspirales.fr\/wp-content\/uploads\/2015\/08\/tilde.gif\" alt=\"tilde\" width=\"40\" height=\"22\" \/>Ken Jyutsu<\/a><\/h2>\n<h2 style=\"padding-left: 30px;\"><a href=\"http:\/\/ecolesayu.deuxspirales.fr\/index.php\/iaido\/\"><img loading=\"lazy\" class=\"alignnone wp-image-423\" src=\"http:\/\/ecolesayu.deuxspirales.fr\/wp-content\/uploads\/2015\/08\/tilde.gif\" alt=\"tilde\" width=\"40\" height=\"22\" \/>Ia\u00efdo<\/a><\/h2>\n<h2 style=\"padding-left: 30px;\"><a href=\"http:\/\/ecolesayu.deuxspirales.fr\/index.php\/deux-sabres\/\"><img loading=\"lazy\" class=\"alignnone wp-image-423\" src=\"http:\/\/ecolesayu.deuxspirales.fr\/wp-content\/uploads\/2015\/08\/tilde.gif\" alt=\"tilde\" width=\"40\" height=\"22\" \/>Deux Sabres<\/a><\/h2>\n<h2 style=\"padding-left: 30px;\"><a href=\"http:\/\/ecolesayu.deuxspirales.fr\/index.php\/aiki\/\"><img loading=\"lazy\" class=\"alignnone wp-image-423\" src=\"http:\/\/ecolesayu.deuxspirales.fr\/wp-content\/uploads\/2015\/08\/tilde.gif\" alt=\"tilde\" width=\"40\" height=\"22\" \/>A\u00efki<\/a><\/h2>\n<h2 style=\"padding-left: 30px;\"><a href=\"http:\/\/ecolesayu.deuxspirales.fr\/index.php\/no\/\"><img loading=\"lazy\" class=\"alignnone wp-image-423\" src=\"http:\/\/ecolesayu.deuxspirales.fr\/wp-content\/uploads\/2015\/08\/tilde.gif\" alt=\"tilde\" width=\"40\" height=\"22\" \/>N\u00f4<\/a><\/h2>\n<p>&nbsp;<\/p>\n<h2 style=\"padding-left: 30px;\"><a href=\"http:\/\/ecolesayu.deuxspirales.fr\/index.php\/cours-adultes\/\">Les Cours<\/a><\/h2>\n<p style=\"padding-left: 30px;\"><img loading=\"lazy\" class=\"alignnone wp-image-837\" src=\"http:\/\/ecolesayu.deuxspirales.fr\/wp-content\/uploads\/2015\/09\/Ecriture-Sayu_01web-noir.png\" alt=\"Ecriture-Sayu_01web noir\" width=\"127\" height=\"500\" srcset=\"https:\/\/ecolesayu.deuxspirales.fr\/wp-content\/uploads\/2015\/09\/Ecriture-Sayu_01web-noir.png 250w, https:\/\/ecolesayu.deuxspirales.fr\/wp-content\/uploads\/2015\/09\/Ecriture-Sayu_01web-noir-76x300.png 76w\" sizes=\"(max-width: 127px) 100vw, 127px\" \/><\/p>\n<p>[\/et_pb_text][\/et_pb_column][\/et_pb_row][\/et_pb_section][et_pb_section fb_built=\u00a0\u00bb1&Prime; custom_padding_last_edited=\u00a0\u00bbon|desktop\u00a0\u00bb admin_label=\u00a0\u00bbsection\u00a0\u00bb _builder_version=\u00a0\u00bb3.22&Prime; background_image=\u00a0\u00bbhttp:\/\/ecolesayu.deuxspirales.fr\/wp-content\/uploads\/2015\/08\/pied3.jpg\u00a0\u00bb custom_padding=\u00a0\u00bb|||\u00a0\u00bb custom_padding_tablet=\u00a0\u00bb50px|0|50px|0&Prime; transparent_background=\u00a0\u00bboff\u00a0\u00bb padding_mobile=\u00a0\u00bboff\u00a0\u00bb make_fullwidth=\u00a0\u00bboff\u00a0\u00bb use_custom_width=\u00a0\u00bboff\u00a0\u00bb width_unit=\u00a0\u00bbon\u00a0\u00bb global_colors_info=\u00a0\u00bb{}\u00a0\u00bb custom_padding_phone=\u00a0\u00bb50px|0|50px|0&Prime;][et_pb_row padding_mobile=\u00a0\u00bboff\u00a0\u00bb admin_label=\u00a0\u00bbrow\u00a0\u00bb _builder_version=\u00a0\u00bb3.25&Prime; background_size=\u00a0\u00bbinitial\u00a0\u00bb background_position=\u00a0\u00bbtop_left\u00a0\u00bb background_repeat=\u00a0\u00bbrepeat\u00a0\u00bb custom_padding=\u00a0\u00bb|\u00a0\u00bb make_fullwidth=\u00a0\u00bboff\u00a0\u00bb use_custom_width=\u00a0\u00bboff\u00a0\u00bb width_unit=\u00a0\u00bbon\u00a0\u00bb global_colors_info=\u00a0\u00bb{}\u00a0\u00bb column_structure=\u00a0\u00bb1_3,1_3,1_3&Prime;][et_pb_column type=\u00a0\u00bb1_3&Prime; _builder_version=\u00a0\u00bb3.25&Prime; custom_padding=\u00a0\u00bb|||\u00a0\u00bb global_colors_info=\u00a0\u00bb{}\u00a0\u00bb custom_padding__hover=\u00a0\u00bb|||\u00a0\u00bb][\/et_pb_column][et_pb_column type=\u00a0\u00bb1_3&Prime; _builder_version=\u00a0\u00bb3.25&Prime; custom_padding=\u00a0\u00bb|||\u00a0\u00bb global_colors_info=\u00a0\u00bb{}\u00a0\u00bb custom_padding__hover=\u00a0\u00bb|||\u00a0\u00bb][\/et_pb_column][et_pb_column type=\u00a0\u00bb1_3&Prime; _builder_version=\u00a0\u00bb3.25&Prime; custom_padding=\u00a0\u00bb|||\u00a0\u00bb global_colors_info=\u00a0\u00bb{}\u00a0\u00bb custom_padding__hover=\u00a0\u00bb|||\u00a0\u00bb][et_pb_text admin_label=\u00a0\u00bbTexte\u00a0\u00bb _builder_version=\u00a0\u00bb3.27.4&Prime; background_size=\u00a0\u00bbinitial\u00a0\u00bb background_position=\u00a0\u00bbtop_left\u00a0\u00bb background_repeat=\u00a0\u00bbrepeat\u00a0\u00bb use_border_color=\u00a0\u00bboff\u00a0\u00bb border_color=\u00a0\u00bb#ffffff\u00a0\u00bb border_style=\u00a0\u00bbsolid\u00a0\u00bb global_colors_info=\u00a0\u00bb{}\u00a0\u00bb]<a href=\"http:\/\/compagnie.deuxspirales.fr\/\" target=\"_blank\" rel=\"noopener\"><br \/>\n<\/a><a href=\"http:\/\/compagnie.deuxspirales.fr\/\" target=\"_blank\" rel=\"noopener\"><img loading=\"lazy\" class=\"size-full wp-image-1149 alignleft\" src=\"http:\/\/ecolesayu.deuxspirales.fr\/wp-content\/uploads\/2016\/08\/sitecompagnie1-e1472552895985.jpg\" alt=\"sitecompagnie\" width=\"63\" height=\"99\" \/><\/a><a href=\"http:\/\/compagnie.deuxspirales.fr\/\" target=\"_blank\" rel=\"noopener\">Voir site<\/a><\/p>\n<h2><a href=\"http:\/\/compagnie.deuxspirales.fr\/\" target=\"_blank\" rel=\"noopener\"><span style=\"color: #ff0000;\">MASATO MATSUURA<br \/>\n<\/span> DEUX SPIRALES<\/a><\/h2>\n<p>[\/et_pb_text][\/et_pb_column][\/et_pb_row][et_pb_row padding_mobile=\u00a0\u00bboff\u00a0\u00bb admin_label=\u00a0\u00bbrow\u00a0\u00bb _builder_version=\u00a0\u00bb3.25&Prime; background_size=\u00a0\u00bbinitial\u00a0\u00bb background_position=\u00a0\u00bbtop_left\u00a0\u00bb background_repeat=\u00a0\u00bbrepeat\u00a0\u00bb custom_padding=\u00a0\u00bb|\u00a0\u00bb make_fullwidth=\u00a0\u00bboff\u00a0\u00bb use_custom_width=\u00a0\u00bboff\u00a0\u00bb width_unit=\u00a0\u00bbon\u00a0\u00bb global_colors_info=\u00a0\u00bb{}\u00a0\u00bb column_structure=\u00a0\u00bb1_2,1_2&Prime;][et_pb_column type=\u00a0\u00bb1_2&Prime; _builder_version=\u00a0\u00bb3.25&Prime; custom_padding=\u00a0\u00bb|||\u00a0\u00bb global_colors_info=\u00a0\u00bb{}\u00a0\u00bb custom_padding__hover=\u00a0\u00bb|||\u00a0\u00bb][et_pb_text admin_label=\u00a0\u00bbTexte\u00a0\u00bb _builder_version=\u00a0\u00bb4.14.2&Prime; background_size=\u00a0\u00bbinitial\u00a0\u00bb background_position=\u00a0\u00bbtop_left\u00a0\u00bb background_repeat=\u00a0\u00bbrepeat\u00a0\u00bb background_layout=\u00a0\u00bbdark\u00a0\u00bb custom_padding=\u00a0\u00bb||50|\u00a0\u00bb hover_enabled=\u00a0\u00bb0&Prime; use_border_color=\u00a0\u00bboff\u00a0\u00bb border_color=\u00a0\u00bb#ffffff\u00a0\u00bb border_style=\u00a0\u00bbsolid\u00a0\u00bb global_colors_info=\u00a0\u00bb{}\u00a0\u00bb sticky_enabled=\u00a0\u00bb0&Prime;] <img class=\"alignleft wp-image-836\" src=\"https:\/\/ecolesayu.deuxspirales.fr\/wp-content\/uploads\/2025\/09\/IMG-20250904-WA0001.jpg\" alt=\"Logo-EcoleSayu2015_02-BN web\" width=\"50%\" \/><\/p>\n<p><a style=\"color: white;\" href=\"https:\/\/sites.google.com\/site\/dojosaintambroise\/home\" target=\"_blank\" rel=\"noopener\">PARIS<br \/>\nDojo Saint Ambroise<br \/>\n6 rue de la Folie M\u00e9ricourt<br \/>\n75011 PARIS<\/a><\/p>\n<p><a style=\"color: white;\" href=\"https:\/\/www.google.fr\/maps\/place\/Rue+du+Doyenn%C3%A9+40,+1180+Uccle,+Belgique\/data=!4m2!3m1!1s0x47c3c5b2cc96cd95:0x8e1d6298e7a66d8c?sa=X&amp;ved=0CB8Q8gEwAGoVChMI1LDn8er8xwIVyVgaCh3f2wUp\" target=\"_blank\" rel=\"noopener\">BRUXELLES<br \/>\nDojo de l&rsquo;Usine \u00ab\u00a0Salle Noire\u00a0\u00bb<br \/>\nRue Doyenn\u00e9 40<br \/>\nB-1180 BRUXELLES<\/a><br \/>\n[\/et_pb_text][\/et_pb_column][et_pb_column type=\u00a0\u00bb1_2&Prime; _builder_version=\u00a0\u00bb3.25&Prime; custom_padding=\u00a0\u00bb|||\u00a0\u00bb global_colors_info=\u00a0\u00bb{}\u00a0\u00bb custom_padding__hover=\u00a0\u00bb|||\u00a0\u00bb][et_pb_text admin_label=\u00a0\u00bbTexte\u00a0\u00bb _builder_version=\u00a0\u00bb3.27.4&Prime; text_font=\u00a0\u00bbSource Sans Pro||||\u00a0\u00bb text_font_size=\u00a0\u00bb8&Prime; text_line_height=\u00a0\u00bb1em\u00a0\u00bb background_size=\u00a0\u00bbinitial\u00a0\u00bb background_position=\u00a0\u00bbtop_left\u00a0\u00bb background_repeat=\u00a0\u00bbrepeat\u00a0\u00bb background_layout=\u00a0\u00bbdark\u00a0\u00bb custom_padding=\u00a0\u00bb50|||\u00a0\u00bb use_border_color=\u00a0\u00bboff\u00a0\u00bb border_color=\u00a0\u00bb#ffffff\u00a0\u00bb border_style=\u00a0\u00bbsolid\u00a0\u00bb saved_tabs=\u00a0\u00bball\u00a0\u00bb global_colors_info=\u00a0\u00bb{}\u00a0\u00bb]<\/p>\n<h3><a href=\"http:\/\/ecolesayu.deuxspirales.fr\/index.php\/english\/\"><img loading=\"lazy\" class=\"alignnone size-full wp-image-523\" src=\"http:\/\/ecolesayu.deuxspirales.fr\/wp-content\/uploads\/2015\/08\/United-Kingdom-256-e1441943851294.png\" alt=\"United-Kingdom-256\" width=\"20\" height=\"20\" \/>\u00a0\u00a0ENGLISH<\/a><br \/>\n<a href=\"http:\/\/ecolesayu.deuxspirales.fr\/index.php\/nihongo\/\"><img loading=\"lazy\" class=\"alignnone size-full wp-image-522\" src=\"http:\/\/ecolesayu.deuxspirales.fr\/wp-content\/uploads\/2015\/08\/Japan-256-e1441943905237.png\" alt=\"Japan-256\" width=\"20\" height=\"20\" \/>\u00a0\u65e5\u672c\u8a9e<br \/>\n<\/a><\/h3>\n<h3 style=\"text-align: left; padding-left: 210px;\"><a href=\"https:\/\/www.facebook.com\/ecolesayu2spirales\" target=\"_blank\" rel=\"noopener\"><img loading=\"lazy\" class=\"size-full wp-image-697 alignleft\" src=\"http:\/\/ecolesayu.deuxspirales.fr\/wp-content\/uploads\/2015\/08\/social-facebook-box-blue-icon.png\" alt=\"social-facebook-box-blue-icon\" width=\"24\" height=\"24\" \/><\/a><a href=\"https:\/\/www.facebook.com\/ecolesayu2spirales\" target=\"_blank\" rel=\"noopener\">Suivez-nous<\/a><\/h3>\n<h3 style=\"text-align: left;\"><a href=\"http:\/\/ecolesayu.deuxspirales.fr\/index.php\/contact\/\">CONTACT<\/a><a style=\"font-size: 16px; line-height: 1.5;\" href=\"http:\/\/ecolesayu.deuxspirales.fr\/index.php\/english\/\"><br \/>\n<\/a><a href=\"http:\/\/ecolesayu.deuxspirales.fr\/index.php\/mentions-legales\/\">MENTIONS L\u00c9GALES<br \/>\n<\/a><a href=\"http:\/\/ecolesayu.deuxspirales.fr\/index.php\/plan-du-site\/\">PLAN DU SITE<\/a><\/h3>\n<p>[\/et_pb_text][\/et_pb_column][\/et_pb_row][\/et_pb_section]<\/p>\n","protected":false},"excerpt":{"rendered":"<p>N\u00d4\u00a0 &nbsp; &nbsp; \u00ab Le th\u00e9\u00e2tre N\u00f4 est comme un temple de la beaut\u00e9. C&rsquo;est le lieu o\u00f9 s&rsquo;accomplit l&rsquo;union supr\u00eame de la solennit\u00e9 religieuse et de la beaut\u00e9 sensuelle. Aucune autre tradition th\u00e9\u00e2trale n&rsquo;est parvenue \u00e0 un tel raffinement. La vraie beaut\u00e9 agresse, domine, pille et finalement d\u00e9truit&#8230; C&rsquo;est derri\u00e8re son masque, que la [&hellip;]<\/p>\n","protected":false},"author":1,"featured_media":0,"parent":0,"menu_order":0,"comment_status":"open","ping_status":"open","template":"","meta":{"_et_pb_use_builder":"on","_et_pb_old_content":"","_et_gb_content_width":""},"_links":{"self":[{"href":"https:\/\/ecolesayu.deuxspirales.fr\/index.php\/wp-json\/wp\/v2\/pages\/55"}],"collection":[{"href":"https:\/\/ecolesayu.deuxspirales.fr\/index.php\/wp-json\/wp\/v2\/pages"}],"about":[{"href":"https:\/\/ecolesayu.deuxspirales.fr\/index.php\/wp-json\/wp\/v2\/types\/page"}],"author":[{"embeddable":true,"href":"https:\/\/ecolesayu.deuxspirales.fr\/index.php\/wp-json\/wp\/v2\/users\/1"}],"replies":[{"embeddable":true,"href":"https:\/\/ecolesayu.deuxspirales.fr\/index.php\/wp-json\/wp\/v2\/comments?post=55"}],"version-history":[{"count":12,"href":"https:\/\/ecolesayu.deuxspirales.fr\/index.php\/wp-json\/wp\/v2\/pages\/55\/revisions"}],"predecessor-version":[{"id":2593,"href":"https:\/\/ecolesayu.deuxspirales.fr\/index.php\/wp-json\/wp\/v2\/pages\/55\/revisions\/2593"}],"wp:attachment":[{"href":"https:\/\/ecolesayu.deuxspirales.fr\/index.php\/wp-json\/wp\/v2\/media?parent=55"}],"curies":[{"name":"wp","href":"https:\/\/api.w.org\/{rel}","templated":true}]}}