{"id":46,"date":"2015-08-06T16:16:05","date_gmt":"2015-08-06T15:16:05","guid":{"rendered":"http:\/\/ecolesayu.deuxspirales.fr\/?page_id=46"},"modified":"2025-09-10T10:57:55","modified_gmt":"2025-09-10T08:57:55","slug":"sinscrire","status":"publish","type":"page","link":"https:\/\/ecolesayu.deuxspirales.fr\/index.php\/sinscrire\/","title":{"rendered":"S&rsquo;inscrire"},"content":{"rendered":"<p>[et_pb_section fb_built=\u00a0\u00bb1&Prime; admin_label=\u00a0\u00bbsection\u00a0\u00bb _builder_version=\u00a0\u00bb3.22&Prime; global_colors_info=\u00a0\u00bb{}\u00a0\u00bb][et_pb_row column_structure=\u00a0\u00bb3_4,1_4&Prime; admin_label=\u00a0\u00bbrow\u00a0\u00bb _builder_version=\u00a0\u00bb3.25&Prime; background_size=\u00a0\u00bbinitial\u00a0\u00bb background_position=\u00a0\u00bbtop_left\u00a0\u00bb background_repeat=\u00a0\u00bbrepeat\u00a0\u00bb global_colors_info=\u00a0\u00bb{}\u00a0\u00bb][et_pb_column type=\u00a0\u00bb3_4&Prime; _builder_version=\u00a0\u00bb3.25&Prime; custom_padding=\u00a0\u00bb|||\u00a0\u00bb global_colors_info=\u00a0\u00bb{}\u00a0\u00bb custom_padding__hover=\u00a0\u00bb|||\u00a0\u00bb][et_pb_text admin_label=\u00a0\u00bbTexte\u00a0\u00bb _builder_version=\u00a0\u00bb4.14.2&Prime; background_size=\u00a0\u00bbinitial\u00a0\u00bb background_position=\u00a0\u00bbtop_left\u00a0\u00bb background_repeat=\u00a0\u00bbrepeat\u00a0\u00bb hover_enabled=\u00a0\u00bb0&Prime; use_border_color=\u00a0\u00bboff\u00a0\u00bb border_color=\u00a0\u00bb#ffffff\u00a0\u00bb border_style=\u00a0\u00bbsolid\u00a0\u00bb global_colors_info=\u00a0\u00bb{}\u00a0\u00bb sticky_enabled=\u00a0\u00bb0&Prime;]<\/p>\n<h1>S&rsquo;INSCRIRE<img loading=\"lazy\" class=\"alignnone size-full wp-image-423\" src=\"http:\/\/ecolesayu.deuxspirales.fr\/wp-content\/uploads\/2015\/08\/tilde.gif\" alt=\"tilde\" width=\"50\" height=\"28\" \/><\/h1>\n<hr \/>\n<h2><\/h2>\n<h2>Prendre contact pour un premier cours <a href=\"http:\/\/ecolesayu.deuxspirales.fr\/wp-content\/uploads\/2015\/08\/tilde.gif\"><img loading=\"lazy\" class=\"alignnone wp-image-423\" src=\"http:\/\/ecolesayu.deuxspirales.fr\/wp-content\/uploads\/2015\/08\/tilde.gif\" alt=\"tilde\" width=\"40\" height=\"22\" \/><\/a><\/h2>\n<p>\u00a0Envoyez-nous un mail \u00e0 <a href=\"mailto:contact@deuxspirales.fr\">contact@deuxspirales.fr<\/a><\/p>\n<h2><\/h2>\n<h2><\/h2>\n<h2>Conditions g\u00e9n\u00e9rales et r\u00e8gles du Dojo\u00a0<a href=\"http:\/\/ecolesayu.deuxspirales.fr\/wp-content\/uploads\/2015\/08\/tilde.gif\"><img loading=\"lazy\" class=\"alignnone wp-image-423\" src=\"http:\/\/ecolesayu.deuxspirales.fr\/wp-content\/uploads\/2015\/08\/tilde.gif\" alt=\"tilde\" width=\"40\" height=\"22\" \/><\/a><\/h2>\n<p><img loading=\"lazy\" class=\"alignleft wp-image-585\" src=\"http:\/\/ecolesayu.deuxspirales.fr\/wp-content\/uploads\/2015\/08\/dojo_image_2.jpg\" alt=\"dojo_image_2\" width=\"181\" height=\"200\" srcset=\"https:\/\/ecolesayu.deuxspirales.fr\/wp-content\/uploads\/2015\/08\/dojo_image_2.jpg 372w, https:\/\/ecolesayu.deuxspirales.fr\/wp-content\/uploads\/2015\/08\/dojo_image_2-272x300.jpg 272w\" sizes=\"(max-width: 181px) 100vw, 181px\" \/>Les \u00e9l\u00e8ves s\u2019engagent \u00e0 respecter les directives du professeur et ce afin d\u2019\u00e9viter les risques de\u00a0blessures.<br \/>Les \u00e9l\u00e8ves s\u2019engagent \u00e0 participer au bon d\u00e9roulement des cours en respectant l\u2019entra\u00eenement\u00a0des autres participants.<br \/>Toutes personnes se d\u00e9feront de leurs chaussures avant d&rsquo;entrer dans le Dojo.<br \/>Des vestiaires sont \u00e0 la disposition des \u00e9l\u00e8ves.<\/p>\n<p><strong>Le certificat m\u00e9dical est exig\u00e9 lors de l\u2019inscription et devra comporter une clause de non contre-indication \u00e0 la\u00a0<\/strong><strong>pratique du Ken Jujitsu.<\/strong><\/p>\n<h2><\/h2>\n<h2>Tarifs<a href=\"http:\/\/ecolesayu.deuxspirales.fr\/wp-content\/uploads\/2015\/08\/tilde.gif\"><img loading=\"lazy\" class=\"alignnone wp-image-423\" src=\"http:\/\/ecolesayu.deuxspirales.fr\/wp-content\/uploads\/2015\/08\/tilde.gif\" alt=\"tilde\" width=\"40\" height=\"22\" \/><\/a><\/h2>\n<p>Cours d&rsquo;essai : <strong>20\u20ac<\/strong> (d\u00e9duit si inscription)<\/p>\n<p>Le montant de l\u2019activit\u00e9 courante est calcul\u00e9 sur l\u2019ensemble de la saison, payable \u00e0 l\u2019ann\u00e9e de septembre \u00e0 juin.<br \/>Le versement de l\u2019adh\u00e9sion doit \u00eatre \u00e9tabli\u00a0 par virement bancaire.<\/p>\n<p>Nous fonctionnerons cette ann\u00e9e avec <b>un r\u00e8glement par trimestre<\/b> <strong>ou \u00e0 l&rsquo;ann\u00e9e <\/strong>selon votre pr\u00e9f\u00e9rence.<strong><br \/><\/strong><\/p>\n<p>Cours \u00e0 l&rsquo;unit\u00e9 : <strong>30\u20ac<\/strong><\/p>\n<p><strong><\/strong>Inscription \u00e0 l&rsquo;ann\u00e9e (<strong>tous les mardis<\/strong>)<strong> : 720\u20ac<br \/><\/strong>Inscription \u00e0 l&rsquo;ann\u00e9e (<strong>tous les mardis et les vendredis<\/strong>)<strong><\/strong><strong> : 920\u20ac<br \/><\/strong>Inscription \u00e0 l&rsquo;ann\u00e9e <strong>pour les moins de 24 ans \u00a0: 540\u20ac<\/strong><strong><\/strong><strong><\/strong><strong><\/strong><strong><\/strong><strong><\/strong><\/p>\n<p><strong>Tarifs des cours individuels pour les membres de l\u2019Ecole<\/strong> :<br \/>(Le tarif comprend la location du Dojo)<br \/>50\u20ac \/heure.<br \/><strong>Tarifs des cours individuels pour les personnes externes :<\/strong><br \/>60\u20ac \/heure.<\/p>\n<p><strong><\/strong><\/p>\n<h2>Nouveaux El\u00e8ves\u00a0<a href=\"http:\/\/ecolesayu.deuxspirales.fr\/wp-content\/uploads\/2015\/08\/tilde.gif\"><img loading=\"lazy\" class=\"alignnone wp-image-423\" src=\"http:\/\/ecolesayu.deuxspirales.fr\/wp-content\/uploads\/2015\/08\/tilde.gif\" alt=\"tilde\" width=\"40\" height=\"22\" \/><\/a><\/h2>\n<p>Nous contacter avant pour pr\u00e9venir et v\u00e9rifier la disponibilit\u00e9.<br \/>Venir au moins 20 minutes avant le d\u00e9but du cours.<br \/>R\u00e9gler le tarif choisi.<\/p>\n<h2>Equipements\u00a0<a href=\"http:\/\/ecolesayu.deuxspirales.fr\/wp-content\/uploads\/2015\/08\/tilde.gif\"><img loading=\"lazy\" class=\"alignnone wp-image-423\" src=\"http:\/\/ecolesayu.deuxspirales.fr\/wp-content\/uploads\/2015\/08\/tilde.gif\" alt=\"tilde\" width=\"40\" height=\"22\" \/><\/a><\/h2>\n<p>Les nouveaux \u00e9l\u00e8ves sont autoris\u00e9s \u00e0 venir en tenue de jogging leur permettant des mouvements amples. La pratique se fait pied nu ou en chaussette (N\u00f4). Les armes seront pr\u00eat\u00e9es dans la limite des r\u00e9serves disponibles.<\/p>\n<p>L&rsquo;\u00e9l\u00e8ve sera ensuite amen\u00e9 \u00e0 se procurer :<\/p>\n<ul>\n<li>Un Kimono<\/li>\n<li>Un Hakama<\/li>\n<li>Un Bokken Yagyu Shinkage Ryu<\/li>\n<li>Un Fukuroshinai\u00a0Yagyu Shinkage Ryu<\/li>\n<li>Un bokkuto et un shoto Niten Ichi Ryu<\/li>\n<li>Un Ia\u00efto<\/li>\n<\/ul>\n<h2><\/h2>\n<h2>Documents\u00a0<a href=\"http:\/\/ecolesayu.deuxspirales.fr\/wp-content\/uploads\/2015\/08\/tilde.gif\"><img loading=\"lazy\" class=\"alignnone wp-image-423\" src=\"http:\/\/ecolesayu.deuxspirales.fr\/wp-content\/uploads\/2015\/08\/tilde.gif\" alt=\"tilde\" width=\"40\" height=\"22\" \/><\/a><\/h2>\n<p><a href=\"https:\/\/ecolesayu.deuxspirales.fr\/wp-content\/uploads\/2025\/09\/Fiche-inscription-adulte-2025-2026.pdf\" target=\"_blank\" rel=\"noopener\"><img loading=\"lazy\" class=\"alignnone size-full wp-image-553\" src=\"http:\/\/ecolesayu.deuxspirales.fr\/wp-content\/uploads\/2015\/09\/128x128-pdf-e1441950659559.png\" alt=\"128x128-pdf\" width=\"20\" height=\"20\" \/>T\u00e9l\u00e9pecharger la fiche d&rsquo;inscription 2025-2026 \u00e0 compl\u00e9ter<\/a><\/p>\n<p>&nbsp;<\/p>\n<p>[\/et_pb_text][\/et_pb_column][et_pb_column type=\u00a0\u00bb1_4&Prime; _builder_version=\u00a0\u00bb3.25&Prime; custom_padding=\u00a0\u00bb|||\u00a0\u00bb global_colors_info=\u00a0\u00bb{}\u00a0\u00bb custom_padding__hover=\u00a0\u00bb|||\u00a0\u00bb][et_pb_text admin_label=\u00a0\u00bbTexte\u00a0\u00bb _builder_version=\u00a0\u00bb3.27.4&Prime; background_size=\u00a0\u00bbinitial\u00a0\u00bb background_position=\u00a0\u00bbtop_left\u00a0\u00bb background_repeat=\u00a0\u00bbrepeat\u00a0\u00bb custom_padding=\u00a0\u00bb40|||\u00a0\u00bb use_border_color=\u00a0\u00bboff\u00a0\u00bb border_color=\u00a0\u00bb#ffffff\u00a0\u00bb border_style=\u00a0\u00bbsolid\u00a0\u00bb saved_tabs=\u00a0\u00bball\u00a0\u00bb global_colors_info=\u00a0\u00bb{}\u00a0\u00bb]<\/p>\n<hr \/>\n<h2 style=\"padding-left: 30px;\"><\/h2>\n<p>&nbsp;<\/p>\n<h2 style=\"padding-left: 30px;\">\u00a0<a href=\"http:\/\/ecolesayu.deuxspirales.fr\/index.php\/lecole\/\">L&rsquo;Ecole Sayu<\/a><\/h2>\n<h2 style=\"padding-left: 30px;\"><a href=\"http:\/\/ecolesayu.deuxspirales.fr\/index.php\/principes\/\"><img loading=\"lazy\" class=\"alignnone wp-image-423\" src=\"http:\/\/ecolesayu.deuxspirales.fr\/wp-content\/uploads\/2015\/08\/tilde.gif\" alt=\"tilde\" width=\"40\" height=\"22\" \/>Principes<\/a><\/h2>\n<h2 style=\"padding-left: 30px;\"><a href=\"http:\/\/ecolesayu.deuxspirales.fr\/index.php\/le-maitre\/\"><img loading=\"lazy\" class=\"alignnone wp-image-423\" src=\"http:\/\/ecolesayu.deuxspirales.fr\/wp-content\/uploads\/2015\/08\/tilde.gif\" alt=\"tilde\" width=\"40\" height=\"22\" \/>Le Ma\u00eetre<\/a><\/h2>\n<h2 style=\"padding-left: 30px;\"><a href=\"http:\/\/ecolesayu.deuxspirales.fr\/index.php\/les-assistants\/\"><img loading=\"lazy\" class=\"alignnone wp-image-423\" src=\"http:\/\/ecolesayu.deuxspirales.fr\/wp-content\/uploads\/2015\/08\/tilde.gif\" alt=\"tilde\" width=\"40\" height=\"22\" \/>Les Assistants<\/a><\/h2>\n<h2 style=\"padding-left: 30px;\"><a href=\"http:\/\/ecolesayu.deuxspirales.fr\/index.php\/cours-adultes\/\"><img loading=\"lazy\" class=\"alignnone wp-image-423\" src=\"http:\/\/ecolesayu.deuxspirales.fr\/wp-content\/uploads\/2015\/08\/tilde.gif\" alt=\"tilde\" width=\"40\" height=\"22\" \/>Cours Adultes<\/a><\/h2>\n<h2 style=\"padding-left: 30px;\"><a href=\"http:\/\/ecolesayu.deuxspirales.fr\/index.php\/cours-enfants\/\"><img loading=\"lazy\" class=\"alignnone wp-image-423\" src=\"http:\/\/ecolesayu.deuxspirales.fr\/wp-content\/uploads\/2015\/08\/tilde.gif\" alt=\"tilde\" width=\"40\" height=\"22\" \/>Cours Enfants<\/a><\/h2>\n<h2 style=\"padding-left: 30px;\"><a href=\"http:\/\/ecolesayu.deuxspirales.fr\/index.php\/sinscrire\/\"><img loading=\"lazy\" class=\"alignnone wp-image-423\" src=\"http:\/\/ecolesayu.deuxspirales.fr\/wp-content\/uploads\/2015\/08\/tilde.gif\" alt=\"tilde\" width=\"40\" height=\"22\" \/>S&rsquo;inscrire<\/a><\/h2>\n<h2 style=\"padding-left: 30px;\"><a href=\"http:\/\/ecolesayu.deuxspirales.fr\/index.php\/sinscrire\/\"><img loading=\"lazy\" class=\"alignnone wp-image-423\" src=\"http:\/\/ecolesayu.deuxspirales.fr\/wp-content\/uploads\/2015\/08\/tilde.gif\" alt=\"tilde\" width=\"40\" height=\"22\" \/><\/a><a href=\"http:\/\/ecolesayu.deuxspirales.fr\/index.php\/lexique\/\">Lexique<\/a><\/h2>\n<h2 style=\"padding-left: 30px;\">\u00a0<img loading=\"lazy\" class=\"alignnone wp-image-837\" src=\"http:\/\/ecolesayu.deuxspirales.fr\/wp-content\/uploads\/2015\/09\/Ecriture-Sayu_01web-noir.png\" alt=\"Ecriture-Sayu_01web noir\" width=\"127\" height=\"500\" srcset=\"https:\/\/ecolesayu.deuxspirales.fr\/wp-content\/uploads\/2015\/09\/Ecriture-Sayu_01web-noir.png 250w, https:\/\/ecolesayu.deuxspirales.fr\/wp-content\/uploads\/2015\/09\/Ecriture-Sayu_01web-noir-76x300.png 76w\" sizes=\"(max-width: 127px) 100vw, 127px\" \/><\/h2>\n<p>[\/et_pb_text][\/et_pb_column][\/et_pb_row][\/et_pb_section][et_pb_section fb_built=\u00a0\u00bb1&Prime; custom_padding_last_edited=\u00a0\u00bbon|desktop\u00a0\u00bb admin_label=\u00a0\u00bbsection\u00a0\u00bb _builder_version=\u00a0\u00bb3.22&Prime; background_image=\u00a0\u00bbhttp:\/\/ecolesayu.deuxspirales.fr\/wp-content\/uploads\/2015\/08\/pied3.jpg\u00a0\u00bb custom_padding=\u00a0\u00bb|||\u00a0\u00bb custom_padding_tablet=\u00a0\u00bb50px|0|50px|0&Prime; custom_padding_phone=\u00a0\u00bb50px|0|50px|0&Prime; transparent_background=\u00a0\u00bboff\u00a0\u00bb padding_mobile=\u00a0\u00bboff\u00a0\u00bb make_fullwidth=\u00a0\u00bboff\u00a0\u00bb use_custom_width=\u00a0\u00bboff\u00a0\u00bb width_unit=\u00a0\u00bbon\u00a0\u00bb global_colors_info=\u00a0\u00bb{}\u00a0\u00bb][et_pb_row column_structure=\u00a0\u00bb1_3,1_3,1_3&Prime; padding_mobile=\u00a0\u00bboff\u00a0\u00bb admin_label=\u00a0\u00bbrow\u00a0\u00bb _builder_version=\u00a0\u00bb3.25&Prime; background_size=\u00a0\u00bbinitial\u00a0\u00bb background_position=\u00a0\u00bbtop_left\u00a0\u00bb background_repeat=\u00a0\u00bbrepeat\u00a0\u00bb custom_padding=\u00a0\u00bb|\u00a0\u00bb make_fullwidth=\u00a0\u00bboff\u00a0\u00bb use_custom_width=\u00a0\u00bboff\u00a0\u00bb width_unit=\u00a0\u00bbon\u00a0\u00bb global_colors_info=\u00a0\u00bb{}\u00a0\u00bb][et_pb_column type=\u00a0\u00bb1_3&Prime; _builder_version=\u00a0\u00bb3.25&Prime; custom_padding=\u00a0\u00bb|||\u00a0\u00bb global_colors_info=\u00a0\u00bb{}\u00a0\u00bb custom_padding__hover=\u00a0\u00bb|||\u00a0\u00bb][\/et_pb_column][et_pb_column type=\u00a0\u00bb1_3&Prime; _builder_version=\u00a0\u00bb3.25&Prime; custom_padding=\u00a0\u00bb|||\u00a0\u00bb global_colors_info=\u00a0\u00bb{}\u00a0\u00bb custom_padding__hover=\u00a0\u00bb|||\u00a0\u00bb][\/et_pb_column][et_pb_column type=\u00a0\u00bb1_3&Prime; _builder_version=\u00a0\u00bb3.25&Prime; custom_padding=\u00a0\u00bb|||\u00a0\u00bb global_colors_info=\u00a0\u00bb{}\u00a0\u00bb custom_padding__hover=\u00a0\u00bb|||\u00a0\u00bb][et_pb_text admin_label=\u00a0\u00bbTexte\u00a0\u00bb _builder_version=\u00a0\u00bb3.27.4&Prime; background_size=\u00a0\u00bbinitial\u00a0\u00bb background_position=\u00a0\u00bbtop_left\u00a0\u00bb background_repeat=\u00a0\u00bbrepeat\u00a0\u00bb use_border_color=\u00a0\u00bboff\u00a0\u00bb border_color=\u00a0\u00bb#ffffff\u00a0\u00bb border_style=\u00a0\u00bbsolid\u00a0\u00bb global_colors_info=\u00a0\u00bb{}\u00a0\u00bb]<a href=\"http:\/\/compagnie.deuxspirales.fr\/\" target=\"_blank\" rel=\"noopener\"><br \/>\n<\/a><a href=\"http:\/\/compagnie.deuxspirales.fr\/\" target=\"_blank\" rel=\"noopener\"><img loading=\"lazy\" class=\"size-full wp-image-1149 alignleft\" src=\"http:\/\/ecolesayu.deuxspirales.fr\/wp-content\/uploads\/2016\/08\/sitecompagnie1-e1472552895985.jpg\" alt=\"sitecompagnie\" width=\"63\" height=\"99\" \/><\/a><a href=\"http:\/\/compagnie.deuxspirales.fr\/\" target=\"_blank\" rel=\"noopener\">Voir site<\/a><\/p>\n<h2><a href=\"http:\/\/compagnie.deuxspirales.fr\/\" target=\"_blank\" rel=\"noopener\"><span style=\"color: #ff0000;\">MASATO MATSUURA<br \/>\n<\/span> DEUX SPIRALES<\/a><\/h2>\n<p>[\/et_pb_text][\/et_pb_column][\/et_pb_row][et_pb_row column_structure=\u00a0\u00bb1_2,1_2&Prime; padding_mobile=\u00a0\u00bboff\u00a0\u00bb admin_label=\u00a0\u00bbrow\u00a0\u00bb _builder_version=\u00a0\u00bb3.25&Prime; background_size=\u00a0\u00bbinitial\u00a0\u00bb background_position=\u00a0\u00bbtop_left\u00a0\u00bb background_repeat=\u00a0\u00bbrepeat\u00a0\u00bb custom_padding=\u00a0\u00bb|\u00a0\u00bb make_fullwidth=\u00a0\u00bboff\u00a0\u00bb use_custom_width=\u00a0\u00bboff\u00a0\u00bb width_unit=\u00a0\u00bbon\u00a0\u00bb global_colors_info=\u00a0\u00bb{}\u00a0\u00bb][et_pb_column type=\u00a0\u00bb1_2&Prime; _builder_version=\u00a0\u00bb3.25&Prime; custom_padding=\u00a0\u00bb|||\u00a0\u00bb global_colors_info=\u00a0\u00bb{}\u00a0\u00bb custom_padding__hover=\u00a0\u00bb|||\u00a0\u00bb][et_pb_text admin_label=\u00a0\u00bbTexte\u00a0\u00bb _builder_version=\u00a0\u00bb4.14.2&Prime; background_size=\u00a0\u00bbinitial\u00a0\u00bb background_position=\u00a0\u00bbtop_left\u00a0\u00bb background_repeat=\u00a0\u00bbrepeat\u00a0\u00bb background_layout=\u00a0\u00bbdark\u00a0\u00bb custom_padding=\u00a0\u00bb||50|\u00a0\u00bb use_border_color=\u00a0\u00bboff\u00a0\u00bb border_color=\u00a0\u00bb#ffffff\u00a0\u00bb border_style=\u00a0\u00bbsolid\u00a0\u00bb global_colors_info=\u00a0\u00bb{}\u00a0\u00bb]<img class=\"alignleft wp-image-836\" src=\"https:\/\/ecolesayu.deuxspirales.fr\/wp-content\/uploads\/2025\/09\/IMG-20250904-WA0001.jpg\" alt=\"Logo-EcoleSayu2015_02-BN web\" width=\"50%\" \/><\/p>\n<p><a style=\"color: white;\" href=\"https:\/\/sites.google.com\/site\/dojosaintambroise\/home\" target=\"_blank\" rel=\"noopener\">PARIS<br \/>\nDojo Saint Ambroise<br \/>\n6 rue de la Folie M\u00e9ricourt<br \/>\n75011 PARIS<\/a><\/p>\n<p><a style=\"color: white;\" href=\"https:\/\/www.google.fr\/maps\/search\/R%C5%8CGETSUD%C5%8C,+48+rue+Renier+Chalon+1050+Ixelles\/@50.8182387,4.3574882,17z\/data=!3m1!4b1\" target=\"_blank\" rel=\"noopener\">BRUXELLES<br \/>\nR\u014cGETSUD\u014c<br \/>\n48 rue Renier Chalon<br \/>\n1050 Ixelles<\/a>[\/et_pb_text][\/et_pb_column][et_pb_column type=\u00a0\u00bb1_2&Prime; _builder_version=\u00a0\u00bb3.25&Prime; custom_padding=\u00a0\u00bb|||\u00a0\u00bb global_colors_info=\u00a0\u00bb{}\u00a0\u00bb custom_padding__hover=\u00a0\u00bb|||\u00a0\u00bb][et_pb_text admin_label=\u00a0\u00bbTexte\u00a0\u00bb _builder_version=\u00a0\u00bb3.27.4&Prime; text_font=\u00a0\u00bbSource Sans Pro||||\u00a0\u00bb text_font_size=\u00a0\u00bb8&Prime; text_line_height=\u00a0\u00bb1em\u00a0\u00bb background_size=\u00a0\u00bbinitial\u00a0\u00bb background_position=\u00a0\u00bbtop_left\u00a0\u00bb background_repeat=\u00a0\u00bbrepeat\u00a0\u00bb background_layout=\u00a0\u00bbdark\u00a0\u00bb custom_padding=\u00a0\u00bb50|||\u00a0\u00bb use_border_color=\u00a0\u00bboff\u00a0\u00bb border_color=\u00a0\u00bb#ffffff\u00a0\u00bb border_style=\u00a0\u00bbsolid\u00a0\u00bb saved_tabs=\u00a0\u00bball\u00a0\u00bb global_colors_info=\u00a0\u00bb{}\u00a0\u00bb]<\/p>\n<h3><a href=\"http:\/\/ecolesayu.deuxspirales.fr\/index.php\/english\/\"><img loading=\"lazy\" class=\"alignnone size-full wp-image-523\" src=\"http:\/\/ecolesayu.deuxspirales.fr\/wp-content\/uploads\/2015\/08\/United-Kingdom-256-e1441943851294.png\" alt=\"United-Kingdom-256\" width=\"20\" height=\"20\" \/>\u00a0\u00a0ENGLISH<\/a><br \/>\n<a href=\"http:\/\/ecolesayu.deuxspirales.fr\/index.php\/nihongo\/\"><img loading=\"lazy\" class=\"alignnone size-full wp-image-522\" src=\"http:\/\/ecolesayu.deuxspirales.fr\/wp-content\/uploads\/2015\/08\/Japan-256-e1441943905237.png\" alt=\"Japan-256\" width=\"20\" height=\"20\" \/>\u00a0\u65e5\u672c\u8a9e<br \/>\n<\/a><\/h3>\n<h3 style=\"text-align: left; padding-left: 210px;\"><a href=\"https:\/\/www.facebook.com\/ecolesayu2spirales\" target=\"_blank\" rel=\"noopener\"><img loading=\"lazy\" class=\"size-full wp-image-697 alignleft\" src=\"http:\/\/ecolesayu.deuxspirales.fr\/wp-content\/uploads\/2015\/08\/social-facebook-box-blue-icon.png\" alt=\"social-facebook-box-blue-icon\" width=\"24\" height=\"24\" \/><\/a><a href=\"https:\/\/www.facebook.com\/ecolesayu2spirales\" target=\"_blank\" rel=\"noopener\">Suivez-nous<\/a><\/h3>\n<h3 style=\"text-align: left;\"><a href=\"http:\/\/ecolesayu.deuxspirales.fr\/index.php\/contact\/\">CONTACT<\/a><a style=\"font-size: 16px; line-height: 1.5;\" href=\"http:\/\/ecolesayu.deuxspirales.fr\/index.php\/english\/\"><br \/>\n<\/a><a href=\"http:\/\/ecolesayu.deuxspirales.fr\/index.php\/mentions-legales\/\">MENTIONS L\u00c9GALES<br \/>\n<\/a><a href=\"http:\/\/ecolesayu.deuxspirales.fr\/index.php\/plan-du-site\/\">PLAN DU SITE<\/a><\/h3>\n<p>[\/et_pb_text][\/et_pb_column][\/et_pb_row][\/et_pb_section]<\/p>\n","protected":false},"excerpt":{"rendered":"<p>S&rsquo;INSCRIRE Prendre contact pour un premier cours \u00a0Envoyez-nous un mail \u00e0 contact@deuxspirales.fr Conditions g\u00e9n\u00e9rales et r\u00e8gles du Dojo\u00a0 Les \u00e9l\u00e8ves s\u2019engagent \u00e0 respecter les directives du professeur et ce afin d\u2019\u00e9viter les risques de\u00a0blessures.Les \u00e9l\u00e8ves s\u2019engagent \u00e0 participer au bon d\u00e9roulement des cours en respectant l\u2019entra\u00eenement\u00a0des autres participants.Toutes personnes se d\u00e9feront de leurs chaussures avant [&hellip;]<\/p>\n","protected":false},"author":1,"featured_media":0,"parent":0,"menu_order":0,"comment_status":"open","ping_status":"open","template":"","meta":{"_et_pb_use_builder":"on","_et_pb_old_content":"","_et_gb_content_width":""},"_links":{"self":[{"href":"https:\/\/ecolesayu.deuxspirales.fr\/index.php\/wp-json\/wp\/v2\/pages\/46"}],"collection":[{"href":"https:\/\/ecolesayu.deuxspirales.fr\/index.php\/wp-json\/wp\/v2\/pages"}],"about":[{"href":"https:\/\/ecolesayu.deuxspirales.fr\/index.php\/wp-json\/wp\/v2\/types\/page"}],"author":[{"embeddable":true,"href":"https:\/\/ecolesayu.deuxspirales.fr\/index.php\/wp-json\/wp\/v2\/users\/1"}],"replies":[{"embeddable":true,"href":"https:\/\/ecolesayu.deuxspirales.fr\/index.php\/wp-json\/wp\/v2\/comments?post=46"}],"version-history":[{"count":56,"href":"https:\/\/ecolesayu.deuxspirales.fr\/index.php\/wp-json\/wp\/v2\/pages\/46\/revisions"}],"predecessor-version":[{"id":2601,"href":"https:\/\/ecolesayu.deuxspirales.fr\/index.php\/wp-json\/wp\/v2\/pages\/46\/revisions\/2601"}],"wp:attachment":[{"href":"https:\/\/ecolesayu.deuxspirales.fr\/index.php\/wp-json\/wp\/v2\/media?parent=46"}],"curies":[{"name":"wp","href":"https:\/\/api.w.org\/{rel}","templated":true}]}}