{"id":38,"date":"2015-08-06T16:14:18","date_gmt":"2015-08-06T15:14:18","guid":{"rendered":"http:\/\/ecolesayu.deuxspirales.fr\/?page_id=38"},"modified":"2025-09-07T23:42:32","modified_gmt":"2025-09-07T21:42:32","slug":"principes","status":"publish","type":"page","link":"https:\/\/ecolesayu.deuxspirales.fr\/index.php\/principes\/","title":{"rendered":"Principes"},"content":{"rendered":"<p>[et_pb_section fb_built=\u00a0\u00bb1&Prime; admin_label=\u00a0\u00bbsection\u00a0\u00bb _builder_version=\u00a0\u00bb3.22&Prime; global_colors_info=\u00a0\u00bb{}\u00a0\u00bb][et_pb_row admin_label=\u00a0\u00bbrow\u00a0\u00bb _builder_version=\u00a0\u00bb3.25&Prime; background_size=\u00a0\u00bbinitial\u00a0\u00bb background_position=\u00a0\u00bbtop_left\u00a0\u00bb background_repeat=\u00a0\u00bbrepeat\u00a0\u00bb global_colors_info=\u00a0\u00bb{}\u00a0\u00bb column_structure=\u00a0\u00bb3_4,1_4&Prime;][et_pb_column type=\u00a0\u00bb3_4&Prime; _builder_version=\u00a0\u00bb3.25&Prime; custom_padding=\u00a0\u00bb|||\u00a0\u00bb global_colors_info=\u00a0\u00bb{}\u00a0\u00bb custom_padding__hover=\u00a0\u00bb|||\u00a0\u00bb][et_pb_text admin_label=\u00a0\u00bbTexte\u00a0\u00bb _builder_version=\u00a0\u00bb3.27.4&Prime; background_size=\u00a0\u00bbinitial\u00a0\u00bb background_position=\u00a0\u00bbtop_left\u00a0\u00bb background_repeat=\u00a0\u00bbrepeat\u00a0\u00bb use_border_color=\u00a0\u00bboff\u00a0\u00bb border_color=\u00a0\u00bb#ffffff\u00a0\u00bb border_style=\u00a0\u00bbsolid\u00a0\u00bb global_colors_info=\u00a0\u00bb{}\u00a0\u00bb]<\/p>\n<h1>PRINCIPES\u00a0<img loading=\"lazy\" class=\"alignnone size-full wp-image-423\" src=\"http:\/\/ecolesayu.deuxspirales.fr\/wp-content\/uploads\/2015\/08\/tilde.gif\" alt=\"tilde\" width=\"50\" height=\"28\" \/><\/h1>\n<hr \/>\n<p>&nbsp;<\/p>\n<h2>Le principe des deux spirales\u00a0<img loading=\"lazy\" class=\"alignnone wp-image-423\" src=\"http:\/\/ecolesayu.deuxspirales.fr\/wp-content\/uploads\/2015\/08\/tilde.gif\" alt=\"tilde\" width=\"40\" height=\"22\" \/><\/h2>\n<p><img loading=\"lazy\" class=\"alignleft wp-image-623\" src=\"http:\/\/ecolesayu.deuxspirales.fr\/wp-content\/uploads\/2015\/08\/9782226018526-x-184x300.jpg\" alt=\"9782226018526-x\" width=\"153\" height=\"250\" srcset=\"https:\/\/ecolesayu.deuxspirales.fr\/wp-content\/uploads\/2015\/08\/9782226018526-x-184x300.jpg 184w, https:\/\/ecolesayu.deuxspirales.fr\/wp-content\/uploads\/2015\/08\/9782226018526-x-627x1024.jpg 627w, https:\/\/ecolesayu.deuxspirales.fr\/wp-content\/uploads\/2015\/08\/9782226018526-x.jpg 700w\" sizes=\"(max-width: 153px) 100vw, 153px\" \/>Le livre eau du Gorin No Sh\u00f4 (Le trait\u00e9 des cinq roues \u00e9crit par <em><strong><a href=\"https:\/\/fr.wikipedia.org\/wiki\/Miyamoto_Musashi\" target=\"_blank\" rel=\"noopener\">Miyamoto Musashi<\/a><\/strong><\/em>) affirme que l&rsquo;esprit de l&rsquo;\u00e9cole de Niten est fond\u00e9 sur l&rsquo;eau. Il est ici fait r\u00e9f\u00e9rence \u00e0 la fluidit\u00e9 de l&rsquo;eau, libre de restriction, mais \u00e9galement \u00e0 une sensation physique : le corps humain est en effet compos\u00e9 \u00e0 70% d&rsquo;eau.<\/p>\n<p>Pour aboutir \u00e0 cet esprit, on doit tout d&rsquo;abord cesser de se reposer sur la force musculaire externe, se centrer sur l&rsquo;int\u00e9rieur du corps, et sentir la force importante qui domine le corps : la gravit\u00e9. On peut alors d\u00e9velopper sa conscience pour s&rsquo;adapter \u00e0 cela. La gravit\u00e9, force terrestre qui attire vers le bas, et la force de contre-action qui lui r\u00e9pond, sont absorb\u00e9es par le corps et ainsi l&rsquo;eau int\u00e9rieure vibre pour b\u00e2tir une grande force interne. Cette sensation constitue le fondement de notre principe de mouvement : pour danser, pour utiliser le sabre, pour les techniques martiales ou simplement pour se d\u00e9placer, on peut prendre une grande \u00e9nergie de la terre. Cette \u00e9nergie traverse le corps comme une spirale, en se divisant \u00e0 gauche et \u00e0 droite. Dans les temps anciens, les maitres de sabre qui atteignaient cet \u00e9tat le d\u00e9crivaient comme le ciel, la terre et l&rsquo;homme. En rel\u00e2chant les \u00e9paules, en abandonnant le soi et en se rendant au ciel et \u00e0 la terre, le corps et l&rsquo;esprit se lib\u00e8rent.<\/p>\n<h2>B\u00e9n\u00e9fices\u00a0<img loading=\"lazy\" class=\"alignnone wp-image-423\" src=\"http:\/\/ecolesayu.deuxspirales.fr\/wp-content\/uploads\/2015\/08\/tilde.gif\" alt=\"tilde\" width=\"40\" height=\"22\" \/><\/h2>\n<p>La pratique est accessible \u00e0 tous, puisqu&rsquo;on ne frappe pas les muscles des partenaires durant la pratique. Il n&rsquo;est pas inutile de souligner l&rsquo;importance d&rsquo;un corps et d&rsquo;un esprit libres pour vivre dans le monde moderne.<\/p>\n<h2>Pourquoi pratiquer<img loading=\"lazy\" class=\"alignnone wp-image-423\" src=\"http:\/\/ecolesayu.deuxspirales.fr\/wp-content\/uploads\/2015\/08\/tilde.gif\" alt=\"tilde\" width=\"40\" height=\"22\" \/><\/h2>\n<p>Texte r\u00e9dig\u00e9 par le musicien <em><strong><a href=\"http:\/\/www.ensemble-ausonia.org\/fr\/\" target=\"_blank\" rel=\"noopener\">Fr\u00e9d\u00e9rick Haas<\/a><\/strong><\/em>.<\/p>\n<h3>Musiciens<\/h3>\n<p>L&rsquo;apprentissage de la musique occidentale classique se fait en g\u00e9n\u00e9ral dans la r\u00e9p\u00e9tition d&rsquo;exercices. Ces exercices sont souvent r\u00e9p\u00e9t\u00e9s dans des positions contraintes, sans rechercher une harmonie pourtant n\u00e9cessaire des gestes et du corps ; et des tensions s&rsquo;accumulent, d&rsquo;o\u00f9 r\u00e9sultent des douleurs, quelquefois des pathologies, presque toujours des limites. Pour repousser ces limites, et tenter d&rsquo;accomplir le meilleur de ce qui nous est possible, il convient de r\u00e9aliser une bonne fois, et pas seulement en th\u00e9orie, qu&rsquo;une harmonie de notre corps, notre sensibilit\u00e9 et notre esprit est fondamentale : et qu&rsquo;il ne tient qu&rsquo;\u00e0 nous \u00e0 nous y exercer chaque jour. Reste \u00e0 savoir comment. Le travail avec Masato Matsuura pourra nous apporter des r\u00e9ponses pr\u00e9cieuses. Ma\u00eetre de th\u00e9\u00e2tre N\u00f4, ma\u00eetre de sabre et d&rsquo;arts martiaux, il pratique en artiste des disciplines de la plus grande exigence, fond\u00e9es sur une science de l&rsquo;homme mill\u00e9naire. Il travaille r\u00e9guli\u00e8rement avec des musiciens, auxquels il propose une formation aboutissant \u00e0 la conscience pr\u00e9cise d&rsquo;une meilleure utilisation de leur corps. Un choix d&rsquo;exercices fondamentaux d&rsquo;arts martiaux, de ta\u00ef-chi et de qi-gong nous permettra d&rsquo;assouplir et fluidifier les mouvements, d&rsquo;\u00e9quilibrer les positions en prenant conscience des points d&rsquo;appui et de l&rsquo;axe du corps, de concentrer notre \u00e9nergie pour plus de pr\u00e9cision et de rapidit\u00e9, en lib\u00e9rant les mouvements internes et la circulation des \u00e9nergies non musculaires (gravit\u00e9, respiration, mouvements des liquides&#8230;)<\/p>\n<h3>Acteurs<\/h3>\n<p>Pendant tout le vingti\u00e8me si\u00e8cle, le monde du th\u00e9\u00e2tre occidental en pleine \u00e9volution, en qu\u00eate de sa propre essence, de son identit\u00e9 profonde au-del\u00e0 de st\u00e9r\u00e9otypes historiquement connot\u00e9s, a trouv\u00e9 une inspiration, un \u00e9clairage puissant sur lui-m\u00eame dans les grandes traditions orientales, heureusement pr\u00e9serv\u00e9es. Dans ce contexte, le th\u00e9\u00e2tre N\u00f4 est une source d&rsquo;enseignements incomparable, puisque son d\u00e9pouillement est fond\u00e9 sur une conscience aigu\u00eb, r\u00e9sultat de si\u00e8cles d&rsquo;exp\u00e9rience, de la valeur r\u00e9elle de chaque geste, chaque regard, des sons, des directions, etc. Mais il va de soi que pour qu&rsquo;un tel enseignement prenne son sens, il doit \u00eatre v\u00e9cu \u00e0 travers une exp\u00e9rimentation concr\u00e8te, subtilement guid\u00e9e : sans quoi il ne s&rsquo;agirait que d&rsquo;une connaissance \u00e0 usage externe, sans rien de commun avec la signification profonde de ce qui a \u00e9t\u00e9 acquis au long d&rsquo;ann\u00e9es d&rsquo;exercices impitoyables, au-del\u00e0 des mots. A travers l&rsquo;\u00e9tude de quelques formes fondamentales du th\u00e9\u00e2tre N\u00f4, et de techniques apparent\u00e9es (sabre, a\u00efkijujutsu), Masato Matsuura, ma\u00eetre d&rsquo;arts martiaux et de N\u00f4 nous propose de d\u00e9couvrir et perfectionner une meilleure utilisation de notre corps : comment construire l&rsquo;\u00e9quilibre, se d\u00e9placer, prendre possession de l&rsquo;espace, charger un geste ou une entr\u00e9e en sc\u00e8ne d&rsquo;une pr\u00e9sence d\u00e9termin\u00e9e&#8230; Un choix d&rsquo;exercices fondamentaux d&rsquo;arts martiaux, de ta\u00ef-chi et de qi-gong nous permettront de fluidifier notre corps et d&rsquo;en lib\u00e9rer les mouvements internes, qui seuls chargent d&rsquo;intensit\u00e9 nos attitudes.<\/p>\n<h3>Budokas<\/h3>\n<p>Les connaisseurs d&rsquo;arts martiaux traditionnels savent que depuis des si\u00e8cles les ma\u00eetres se succ\u00e8dent, chacun fondant sa propre \u00e9cole, apportant ses techniques, son style : r\u00e9sultats d&rsquo;une somme d&rsquo;exp\u00e9rience, de recherches, de pratique d&rsquo;un fond commun de connaissances ancestrales. A l&rsquo;\u00e9poque moderne, certaines \u00e9coles ont choisi d&rsquo;\u00e9tablir une mise en forme rationalis\u00e9e de techniques dont la nomenclature pr\u00e9cis\u00e9ment d\u00e9finie permet un rayonnement sans pr\u00e9c\u00e9dent des pratiques. Cependant la banalisation de ces techniques, aussi astucieusement d\u00e9crites soient-elles, ne peut remplacer que jusqu&rsquo;\u00e0 un certain point l&rsquo;enseignement traditionnel, qui est par nature direct, le plus souvent au-del\u00e0 des mots. Masato Matsuura, ma\u00eetre de th\u00e9\u00e2tre N\u00f4, \u00e0 travers l&rsquo;\u00e9tude de formes essentielles de sabre et d&rsquo;a\u00efkijujutsu nous propose de rechercher la connaissance et la ma\u00eetrise des techniques internes d&rsquo;arts martiaux ; de perfectionner l&rsquo;\u00e9quilibre et la fluidit\u00e9, de lib\u00e9rer les potentiels d&rsquo;\u00e9nergie et de mouvement du corps par des exercices choisis, issus notamment des traditions de ta\u00ef-chi, de qi gong, et du N\u00f4.<br \/>\n[\/et_pb_text][\/et_pb_column][et_pb_column type=\u00a0\u00bb1_4&Prime; _builder_version=\u00a0\u00bb3.25&Prime; custom_padding=\u00a0\u00bb|||\u00a0\u00bb global_colors_info=\u00a0\u00bb{}\u00a0\u00bb custom_padding__hover=\u00a0\u00bb|||\u00a0\u00bb][et_pb_text admin_label=\u00a0\u00bbTexte\u00a0\u00bb _builder_version=\u00a0\u00bb3.27.4&Prime; background_size=\u00a0\u00bbinitial\u00a0\u00bb background_position=\u00a0\u00bbtop_left\u00a0\u00bb background_repeat=\u00a0\u00bbrepeat\u00a0\u00bb custom_padding=\u00a0\u00bb40|||\u00a0\u00bb use_border_color=\u00a0\u00bboff\u00a0\u00bb border_color=\u00a0\u00bb#ffffff\u00a0\u00bb border_style=\u00a0\u00bbsolid\u00a0\u00bb saved_tabs=\u00a0\u00bball\u00a0\u00bb global_colors_info=\u00a0\u00bb{}\u00a0\u00bb]<\/p>\n<hr \/>\n<h2 style=\"padding-left: 30px;\"><\/h2>\n<p>&nbsp;<\/p>\n<h2 style=\"padding-left: 30px;\">\u00a0<a href=\"http:\/\/ecolesayu.deuxspirales.fr\/index.php\/lecole\/\">L&rsquo;Ecole Sayu<\/a><\/h2>\n<h2 style=\"padding-left: 30px;\"><a href=\"http:\/\/ecolesayu.deuxspirales.fr\/index.php\/principes\/\"><img loading=\"lazy\" class=\"alignnone wp-image-423\" src=\"http:\/\/ecolesayu.deuxspirales.fr\/wp-content\/uploads\/2015\/08\/tilde.gif\" alt=\"tilde\" width=\"40\" height=\"22\" \/>Principes<\/a><\/h2>\n<h2 style=\"padding-left: 30px;\"><a href=\"http:\/\/ecolesayu.deuxspirales.fr\/index.php\/le-maitre\/\"><img loading=\"lazy\" class=\"alignnone wp-image-423\" src=\"http:\/\/ecolesayu.deuxspirales.fr\/wp-content\/uploads\/2015\/08\/tilde.gif\" alt=\"tilde\" width=\"40\" height=\"22\" \/>Le Ma\u00eetre<\/a><\/h2>\n<h2 style=\"padding-left: 30px;\"><a href=\"http:\/\/ecolesayu.deuxspirales.fr\/index.php\/les-assistants\/\"><img loading=\"lazy\" class=\"alignnone wp-image-423\" src=\"http:\/\/ecolesayu.deuxspirales.fr\/wp-content\/uploads\/2015\/08\/tilde.gif\" alt=\"tilde\" width=\"40\" height=\"22\" \/>Les Assistants<\/a><\/h2>\n<h2 style=\"padding-left: 30px;\"><a href=\"http:\/\/ecolesayu.deuxspirales.fr\/index.php\/cours-adultes\/\"><img loading=\"lazy\" class=\"alignnone wp-image-423\" src=\"http:\/\/ecolesayu.deuxspirales.fr\/wp-content\/uploads\/2015\/08\/tilde.gif\" alt=\"tilde\" width=\"40\" height=\"22\" \/>Cours Adultes<\/a><\/h2>\n<h2 style=\"padding-left: 30px;\"><a href=\"http:\/\/ecolesayu.deuxspirales.fr\/index.php\/cours-enfants\/\"><img loading=\"lazy\" class=\"alignnone wp-image-423\" src=\"http:\/\/ecolesayu.deuxspirales.fr\/wp-content\/uploads\/2015\/08\/tilde.gif\" alt=\"tilde\" width=\"40\" height=\"22\" \/>Cours Enfants<\/a><\/h2>\n<h2 style=\"padding-left: 30px;\"><a href=\"http:\/\/ecolesayu.deuxspirales.fr\/index.php\/sinscrire\/\"><img loading=\"lazy\" class=\"alignnone wp-image-423\" src=\"http:\/\/ecolesayu.deuxspirales.fr\/wp-content\/uploads\/2015\/08\/tilde.gif\" alt=\"tilde\" width=\"40\" height=\"22\" \/>S&rsquo;inscrire<\/a><\/h2>\n<h2 style=\"padding-left: 30px;\"><a href=\"http:\/\/ecolesayu.deuxspirales.fr\/index.php\/sinscrire\/\"><img loading=\"lazy\" class=\"alignnone wp-image-423\" src=\"http:\/\/ecolesayu.deuxspirales.fr\/wp-content\/uploads\/2015\/08\/tilde.gif\" alt=\"tilde\" width=\"40\" height=\"22\" \/><\/a><a href=\"http:\/\/ecolesayu.deuxspirales.fr\/index.php\/lexique\/\">Lexique<\/a><\/h2>\n<h2 style=\"padding-left: 30px;\">\u00a0<img loading=\"lazy\" class=\"alignnone wp-image-837\" src=\"http:\/\/ecolesayu.deuxspirales.fr\/wp-content\/uploads\/2015\/09\/Ecriture-Sayu_01web-noir.png\" alt=\"Ecriture-Sayu_01web noir\" width=\"127\" height=\"500\" srcset=\"https:\/\/ecolesayu.deuxspirales.fr\/wp-content\/uploads\/2015\/09\/Ecriture-Sayu_01web-noir.png 250w, https:\/\/ecolesayu.deuxspirales.fr\/wp-content\/uploads\/2015\/09\/Ecriture-Sayu_01web-noir-76x300.png 76w\" sizes=\"(max-width: 127px) 100vw, 127px\" \/><\/h2>\n<p>[\/et_pb_text][\/et_pb_column][\/et_pb_row][\/et_pb_section][et_pb_section fb_built=\u00a0\u00bb1&Prime; custom_padding_last_edited=\u00a0\u00bbon|desktop\u00a0\u00bb admin_label=\u00a0\u00bbsection\u00a0\u00bb _builder_version=\u00a0\u00bb3.22&Prime; background_image=\u00a0\u00bbhttp:\/\/ecolesayu.deuxspirales.fr\/wp-content\/uploads\/2015\/08\/pied3.jpg\u00a0\u00bb custom_padding=\u00a0\u00bb|||\u00a0\u00bb custom_padding_tablet=\u00a0\u00bb50px|0|50px|0&Prime; transparent_background=\u00a0\u00bboff\u00a0\u00bb padding_mobile=\u00a0\u00bboff\u00a0\u00bb make_fullwidth=\u00a0\u00bboff\u00a0\u00bb use_custom_width=\u00a0\u00bboff\u00a0\u00bb width_unit=\u00a0\u00bbon\u00a0\u00bb global_colors_info=\u00a0\u00bb{}\u00a0\u00bb custom_padding_phone=\u00a0\u00bb50px|0|50px|0&Prime;][et_pb_row padding_mobile=\u00a0\u00bboff\u00a0\u00bb admin_label=\u00a0\u00bbrow\u00a0\u00bb _builder_version=\u00a0\u00bb3.25&Prime; background_size=\u00a0\u00bbinitial\u00a0\u00bb background_position=\u00a0\u00bbtop_left\u00a0\u00bb background_repeat=\u00a0\u00bbrepeat\u00a0\u00bb custom_padding=\u00a0\u00bb|\u00a0\u00bb make_fullwidth=\u00a0\u00bboff\u00a0\u00bb use_custom_width=\u00a0\u00bboff\u00a0\u00bb width_unit=\u00a0\u00bbon\u00a0\u00bb global_colors_info=\u00a0\u00bb{}\u00a0\u00bb column_structure=\u00a0\u00bb1_3,1_3,1_3&Prime;][et_pb_column type=\u00a0\u00bb1_3&Prime; _builder_version=\u00a0\u00bb3.25&Prime; custom_padding=\u00a0\u00bb|||\u00a0\u00bb global_colors_info=\u00a0\u00bb{}\u00a0\u00bb custom_padding__hover=\u00a0\u00bb|||\u00a0\u00bb][\/et_pb_column][et_pb_column type=\u00a0\u00bb1_3&Prime; _builder_version=\u00a0\u00bb3.25&Prime; custom_padding=\u00a0\u00bb|||\u00a0\u00bb global_colors_info=\u00a0\u00bb{}\u00a0\u00bb custom_padding__hover=\u00a0\u00bb|||\u00a0\u00bb][\/et_pb_column][et_pb_column type=\u00a0\u00bb1_3&Prime; _builder_version=\u00a0\u00bb3.25&Prime; custom_padding=\u00a0\u00bb|||\u00a0\u00bb global_colors_info=\u00a0\u00bb{}\u00a0\u00bb custom_padding__hover=\u00a0\u00bb|||\u00a0\u00bb][et_pb_text admin_label=\u00a0\u00bbTexte\u00a0\u00bb _builder_version=\u00a0\u00bb3.27.4&Prime; background_size=\u00a0\u00bbinitial\u00a0\u00bb background_position=\u00a0\u00bbtop_left\u00a0\u00bb background_repeat=\u00a0\u00bbrepeat\u00a0\u00bb use_border_color=\u00a0\u00bboff\u00a0\u00bb border_color=\u00a0\u00bb#ffffff\u00a0\u00bb border_style=\u00a0\u00bbsolid\u00a0\u00bb global_colors_info=\u00a0\u00bb{}\u00a0\u00bb]<a href=\"http:\/\/compagnie.deuxspirales.fr\/\" target=\"_blank\" rel=\"noopener\"><br \/>\n<\/a><a href=\"http:\/\/compagnie.deuxspirales.fr\/\" target=\"_blank\" rel=\"noopener\"><img loading=\"lazy\" class=\"size-full wp-image-1149 alignleft\" src=\"http:\/\/ecolesayu.deuxspirales.fr\/wp-content\/uploads\/2016\/08\/sitecompagnie1-e1472552895985.jpg\" alt=\"sitecompagnie\" width=\"63\" height=\"99\" \/><\/a><a href=\"http:\/\/compagnie.deuxspirales.fr\/\" target=\"_blank\" rel=\"noopener\">Voir site<\/a><\/p>\n<h2><a href=\"http:\/\/compagnie.deuxspirales.fr\/\" target=\"_blank\" rel=\"noopener\"><span style=\"color: #ff0000;\">MASATO MATSUURA<br \/>\n<\/span> DEUX SPIRALES<\/a><\/h2>\n<p>[\/et_pb_text][\/et_pb_column][\/et_pb_row][et_pb_row padding_mobile=\u00a0\u00bboff\u00a0\u00bb admin_label=\u00a0\u00bbrow\u00a0\u00bb _builder_version=\u00a0\u00bb3.25&Prime; background_size=\u00a0\u00bbinitial\u00a0\u00bb background_position=\u00a0\u00bbtop_left\u00a0\u00bb background_repeat=\u00a0\u00bbrepeat\u00a0\u00bb custom_padding=\u00a0\u00bb|\u00a0\u00bb make_fullwidth=\u00a0\u00bboff\u00a0\u00bb use_custom_width=\u00a0\u00bboff\u00a0\u00bb width_unit=\u00a0\u00bbon\u00a0\u00bb global_colors_info=\u00a0\u00bb{}\u00a0\u00bb column_structure=\u00a0\u00bb1_2,1_2&Prime;][et_pb_column type=\u00a0\u00bb1_2&Prime; _builder_version=\u00a0\u00bb3.25&Prime; custom_padding=\u00a0\u00bb|||\u00a0\u00bb global_colors_info=\u00a0\u00bb{}\u00a0\u00bb custom_padding__hover=\u00a0\u00bb|||\u00a0\u00bb][et_pb_text admin_label=\u00a0\u00bbTexte\u00a0\u00bb _builder_version=\u00a0\u00bb4.14.2&Prime; background_size=\u00a0\u00bbinitial\u00a0\u00bb background_position=\u00a0\u00bbtop_left\u00a0\u00bb background_repeat=\u00a0\u00bbrepeat\u00a0\u00bb background_layout=\u00a0\u00bbdark\u00a0\u00bb custom_padding=\u00a0\u00bb||50|\u00a0\u00bb hover_enabled=\u00a0\u00bb0&Prime; use_border_color=\u00a0\u00bboff\u00a0\u00bb border_color=\u00a0\u00bb#ffffff\u00a0\u00bb border_style=\u00a0\u00bbsolid\u00a0\u00bb global_colors_info=\u00a0\u00bb{}\u00a0\u00bb sticky_enabled=\u00a0\u00bb0&Prime;] <img class=\"alignleft wp-image-836\" src=\"https:\/\/ecolesayu.deuxspirales.fr\/wp-content\/uploads\/2025\/09\/IMG-20250904-WA0001.jpg\" alt=\"Logo-EcoleSayu2015_02-BN web\" width=\"50%\" \/><\/p>\n<p><a style=\"color: white;\" href=\"https:\/\/sites.google.com\/site\/dojosaintambroise\/home\" target=\"_blank\" rel=\"noopener\">PARIS<br \/>\nDojo Saint Ambroise<br \/>\n6 rue de la Folie M\u00e9ricourt<br \/>\n75011 PARIS<\/a><\/p>\n<p><a style=\"color: white;\" href=\"https:\/\/www.google.fr\/maps\/place\/Rue+du+Doyenn%C3%A9+40,+1180+Uccle,+Belgique\/data=!4m2!3m1!1s0x47c3c5b2cc96cd95:0x8e1d6298e7a66d8c?sa=X&amp;ved=0CB8Q8gEwAGoVChMI1LDn8er8xwIVyVgaCh3f2wUp\" target=\"_blank\" rel=\"noopener\">BRUXELLES<br \/>\nDojo de l&rsquo;Usine \u00ab\u00a0Salle Noire\u00a0\u00bb<br \/>\nRue Doyenn\u00e9 40<br \/>\nB-1180 BRUXELLES<\/a><br \/>\n[\/et_pb_text][\/et_pb_column][et_pb_column type=\u00a0\u00bb1_2&Prime; _builder_version=\u00a0\u00bb3.25&Prime; custom_padding=\u00a0\u00bb|||\u00a0\u00bb global_colors_info=\u00a0\u00bb{}\u00a0\u00bb custom_padding__hover=\u00a0\u00bb|||\u00a0\u00bb][et_pb_text admin_label=\u00a0\u00bbTexte\u00a0\u00bb _builder_version=\u00a0\u00bb3.27.4&Prime; text_font=\u00a0\u00bbSource Sans Pro||||\u00a0\u00bb text_font_size=\u00a0\u00bb8&Prime; text_line_height=\u00a0\u00bb1em\u00a0\u00bb background_size=\u00a0\u00bbinitial\u00a0\u00bb background_position=\u00a0\u00bbtop_left\u00a0\u00bb background_repeat=\u00a0\u00bbrepeat\u00a0\u00bb background_layout=\u00a0\u00bbdark\u00a0\u00bb custom_padding=\u00a0\u00bb50|||\u00a0\u00bb use_border_color=\u00a0\u00bboff\u00a0\u00bb border_color=\u00a0\u00bb#ffffff\u00a0\u00bb border_style=\u00a0\u00bbsolid\u00a0\u00bb saved_tabs=\u00a0\u00bball\u00a0\u00bb global_colors_info=\u00a0\u00bb{}\u00a0\u00bb]<\/p>\n<h3><a href=\"http:\/\/ecolesayu.deuxspirales.fr\/index.php\/english\/\"><img loading=\"lazy\" class=\"alignnone size-full wp-image-523\" src=\"http:\/\/ecolesayu.deuxspirales.fr\/wp-content\/uploads\/2015\/08\/United-Kingdom-256-e1441943851294.png\" alt=\"United-Kingdom-256\" width=\"20\" height=\"20\" \/>\u00a0\u00a0ENGLISH<\/a><br \/>\n<a href=\"http:\/\/ecolesayu.deuxspirales.fr\/index.php\/nihongo\/\"><img loading=\"lazy\" class=\"alignnone size-full wp-image-522\" src=\"http:\/\/ecolesayu.deuxspirales.fr\/wp-content\/uploads\/2015\/08\/Japan-256-e1441943905237.png\" alt=\"Japan-256\" width=\"20\" height=\"20\" \/>\u00a0\u65e5\u672c\u8a9e<br \/>\n<\/a><\/h3>\n<h3 style=\"text-align: left; padding-left: 210px;\"><a href=\"https:\/\/www.facebook.com\/ecolesayu2spirales\" target=\"_blank\" rel=\"noopener\"><img loading=\"lazy\" class=\"size-full wp-image-697 alignleft\" src=\"http:\/\/ecolesayu.deuxspirales.fr\/wp-content\/uploads\/2015\/08\/social-facebook-box-blue-icon.png\" alt=\"social-facebook-box-blue-icon\" width=\"24\" height=\"24\" \/><\/a><a href=\"https:\/\/www.facebook.com\/ecolesayu2spirales\" target=\"_blank\" rel=\"noopener\">Suivez-nous<\/a><\/h3>\n<h3 style=\"text-align: left;\"><a href=\"http:\/\/ecolesayu.deuxspirales.fr\/index.php\/contact\/\">CONTACT<\/a><a style=\"font-size: 16px; line-height: 1.5;\" href=\"http:\/\/ecolesayu.deuxspirales.fr\/index.php\/english\/\"><br \/>\n<\/a><a href=\"http:\/\/ecolesayu.deuxspirales.fr\/index.php\/mentions-legales\/\">MENTIONS L\u00c9GALES<br \/>\n<\/a><a href=\"http:\/\/ecolesayu.deuxspirales.fr\/index.php\/plan-du-site\/\">PLAN DU SITE<\/a><\/h3>\n<p>[\/et_pb_text][\/et_pb_column][\/et_pb_row][\/et_pb_section]<\/p>\n","protected":false},"excerpt":{"rendered":"<p>PRINCIPES\u00a0 &nbsp; Le principe des deux spirales\u00a0 Le livre eau du Gorin No Sh\u00f4 (Le trait\u00e9 des cinq roues \u00e9crit par Miyamoto Musashi) affirme que l&rsquo;esprit de l&rsquo;\u00e9cole de Niten est fond\u00e9 sur l&rsquo;eau. Il est ici fait r\u00e9f\u00e9rence \u00e0 la fluidit\u00e9 de l&rsquo;eau, libre de restriction, mais \u00e9galement \u00e0 une sensation physique : le [&hellip;]<\/p>\n","protected":false},"author":1,"featured_media":0,"parent":0,"menu_order":0,"comment_status":"open","ping_status":"open","template":"","meta":{"_et_pb_use_builder":"on","_et_pb_old_content":"","_et_gb_content_width":""},"_links":{"self":[{"href":"https:\/\/ecolesayu.deuxspirales.fr\/index.php\/wp-json\/wp\/v2\/pages\/38"}],"collection":[{"href":"https:\/\/ecolesayu.deuxspirales.fr\/index.php\/wp-json\/wp\/v2\/pages"}],"about":[{"href":"https:\/\/ecolesayu.deuxspirales.fr\/index.php\/wp-json\/wp\/v2\/types\/page"}],"author":[{"embeddable":true,"href":"https:\/\/ecolesayu.deuxspirales.fr\/index.php\/wp-json\/wp\/v2\/users\/1"}],"replies":[{"embeddable":true,"href":"https:\/\/ecolesayu.deuxspirales.fr\/index.php\/wp-json\/wp\/v2\/comments?post=38"}],"version-history":[{"count":17,"href":"https:\/\/ecolesayu.deuxspirales.fr\/index.php\/wp-json\/wp\/v2\/pages\/38\/revisions"}],"predecessor-version":[{"id":2595,"href":"https:\/\/ecolesayu.deuxspirales.fr\/index.php\/wp-json\/wp\/v2\/pages\/38\/revisions\/2595"}],"wp:attachment":[{"href":"https:\/\/ecolesayu.deuxspirales.fr\/index.php\/wp-json\/wp\/v2\/media?parent=38"}],"curies":[{"name":"wp","href":"https:\/\/api.w.org\/{rel}","templated":true}]}}