{"id":1744,"date":"2018-09-08T00:22:19","date_gmt":"2018-09-07T22:22:19","guid":{"rendered":"http:\/\/ecolesayu.deuxspirales.fr\/?page_id=1744"},"modified":"2025-09-07T23:37:19","modified_gmt":"2025-09-07T21:37:19","slug":"les-assistants","status":"publish","type":"page","link":"https:\/\/ecolesayu.deuxspirales.fr\/index.php\/les-assistants\/","title":{"rendered":"Les Assistants"},"content":{"rendered":"<p>[et_pb_section fb_built=\u00a0\u00bb1&Prime; admin_label=\u00a0\u00bbsection\u00a0\u00bb _builder_version=\u00a0\u00bb3.22&Prime; global_colors_info=\u00a0\u00bb{}\u00a0\u00bb][et_pb_row column_structure=\u00a0\u00bb3_4,1_4&Prime; admin_label=\u00a0\u00bbrow\u00a0\u00bb _builder_version=\u00a0\u00bb3.25&Prime; background_size=\u00a0\u00bbinitial\u00a0\u00bb background_position=\u00a0\u00bbtop_left\u00a0\u00bb background_repeat=\u00a0\u00bbrepeat\u00a0\u00bb global_colors_info=\u00a0\u00bb{}\u00a0\u00bb][et_pb_column type=\u00a0\u00bb3_4&Prime; _builder_version=\u00a0\u00bb3.25&Prime; custom_padding=\u00a0\u00bb|||\u00a0\u00bb global_colors_info=\u00a0\u00bb{}\u00a0\u00bb custom_padding__hover=\u00a0\u00bb|||\u00a0\u00bb][et_pb_text admin_label=\u00a0\u00bbTexte\u00a0\u00bb _builder_version=\u00a0\u00bb4.14.2&Prime; background_size=\u00a0\u00bbinitial\u00a0\u00bb background_position=\u00a0\u00bbtop_left\u00a0\u00bb background_repeat=\u00a0\u00bbrepeat\u00a0\u00bb use_border_color=\u00a0\u00bboff\u00a0\u00bb border_color=\u00a0\u00bb#ffffff\u00a0\u00bb border_style=\u00a0\u00bbsolid\u00a0\u00bb global_colors_info=\u00a0\u00bb{}\u00a0\u00bb]<\/p>\n<h1>\u00a0LES ASSISTANTS <img loading=\"lazy\" class=\"alignnone size-full wp-image-423\" src=\"http:\/\/ecolesayu.deuxspirales.fr\/wp-content\/uploads\/2015\/08\/tilde.gif\" alt=\"tilde\" width=\"50\" height=\"28\" \/><\/h1>\n<hr \/>\n<p>&nbsp;<\/p>\n<h2>Bertrand Cabot<\/h2>\n<p style=\"text-align: justify;\"><img loading=\"lazy\" class=\"wp-image-1736 alignleft\" src=\"https:\/\/ecolesayu.deuxspirales.fr\/wp-content\/uploads\/2025\/03\/FFCF8E0E-D33A-493B-BA63-210FADD75413-768x1024.jpeg\" width=\"227\" height=\"302\" alt=\"\" \/>Bertrand Cabot, premier Dan de l&rsquo;\u00e9cole Sayu, suit l&rsquo;enseignement de Masato Matsuura depuis 2011. Il a particip\u00e9 \u00e0 de nombreuses d\u00e9monstrations notamment au Japon, au Liban, au Soudan, au Pays-bas, en France. Venu dans l\u2019\u00c9cole pour s&rsquo;initier aux techniques de sabre, il \u00e9tudie depuis la totalit\u00e9 des disciplines abord\u00e9es : Sabre, A\u00efki et N\u00f4 (Danse, Chant, et Kotsuzumi).<\/p>\n<p style=\"text-align: justify;\">\u00ab\u00a0L&rsquo;\u00e9cole Sayu et le Dojo me permettent d&rsquo;apprendre, d&rsquo;appr\u00e9hender, d&rsquo;appr\u00e9cier un Art immense. &#8211; Art ? car cela me procure plaisir, pouvoir, et transcendance. Immense ? car Art martial, Art du mouvement, Art de vivre, Art du spectacle, Art de la concentration, Art de l&rsquo;espace, Art de l&rsquo;apprentissage, Art de la transmission, Art de la mise en sc\u00e8ne, Art du l\u00e2cher prise, Art de l&rsquo;instant&#8230; Art de l&rsquo;art.\u00a0\u00bb<\/p>\n<p style=\"text-align: right;\"><em>Bertrand Cabot<\/em><\/p>\n<p>&nbsp;<\/p>\n<h2>Olivier Josselin<\/h2>\n<p style=\"text-align: justify;\"><img loading=\"lazy\" class=\"wp-image-1736 alignleft\" src=\"https:\/\/ecolesayu.deuxspirales.fr\/wp-content\/uploads\/2023\/09\/Olivier-Josselin.png\" alt=\"2S1\" width=\"273\" height=\"273\" \/>Olivier Josselin, masseur-kin\u00e9sith\u00e9rapeute, premier Dan de l&rsquo;\u00e9cole Sayu, deuxi\u00e8me Dan d\u2019A\u00efkido.<\/p>\n<p class=\"p1\" style=\"text-align: justify;\">\u00ab\u00a0J&rsquo;ai commenc\u00e9 les arts martiaux comme un compl\u00e9ment d&rsquo;une pratique de hockey en comp\u00e9tition. Et j&rsquo;ai trouv\u00e9 cette pratique si riche que j&rsquo;ai fini par abandonner le hockey pour me consacrer pleinement \u00e0 l&rsquo;a\u00efkido. En 2011 on m&rsquo;offre un Iaito ce qui m&rsquo;incite \u00e0 suivre l&rsquo;enseignement de Masato Matsuura. Je suis fascin\u00e9 par sa capacit\u00e9 \u00e0 dispara\u00eetre au moment de l&rsquo;attaque et d&rsquo;agir sur le partenaire de fa\u00e7on myst\u00e9rieuse. Et \u00e7a, que ce soit \u00e0 mains nues, au sabre ou \u00e0 la Naginata. Cette pratique ouvre une troisi\u00e8me voie entre les deux possibilit\u00e9s martiales que sont la confrontation et la reddition. Une voie subtile, complexe, incertaine mais tellement satisfaisante. Cette pratique a eu des impacts majeurs dans mon rapport \u00e0 l&rsquo;autre, mes techniques professionnelles de th\u00e9rapies manuelles ont gagn\u00e9 en sensibilit\u00e9 et subtilit\u00e9. Mes relations sociales se sont enrichies de cette troisi\u00e8me voie, les rendant plus souples et harmonieuses, moins frustrantes. Enfin la d\u00e9couverte de la culture nippone m&rsquo;a r\u00e9concili\u00e9 avec la notion de divin. \u00c7a me rend la vie plus amusante.\u00a0\u00bb<\/p>\n<p style=\"text-align: right;\"><em>Olivier Josselin<\/em><\/p>\n<p>&nbsp;<\/p>\n<h2>Ludivine Longou<\/h2>\n<p><img loading=\"lazy\" class=\"wp-image-1736 alignleft\" src=\"https:\/\/ecolesayu.deuxspirales.fr\/wp-content\/uploads\/2025\/03\/ludivine.png\" width=\"324\" height=\"250\" alt=\"\" style=\"float: left;\" \/>N&rsquo;ayant jamais pratiqu\u00e9 d&rsquo;arts martiaux auparavant, c&rsquo;est en 2015 que Ludivine Longou rejoint l&rsquo;\u00e9cole de Masato Matsuura, cherchant au d\u00e9part \u00e0 recr\u00e9er un lien avec la culture japonaise apr\u00e8s une dizaine d&rsquo;ann\u00e9es d&rsquo;\u00e9tude de la langue japonaise. Elle participe \u00e0 sa premi\u00e8re d\u00e9monstration en \u00a02016 \u00e0 l&rsquo;occasion des 10 ans de l&rsquo;\u00e9cole Sayu. Et obtient son premier Dan en 2022. Au long de sa pratique, elle cherche \u00e0 se perfectionner gr\u00e2ce aux diff\u00e9rents arts de l&rsquo;\u00e9cole, tout en contribuant au partage et \u00e0 la transmission de ceux-ci au travers des cours r\u00e9guliers, des d\u00e9monstrations, ateliers d&rsquo;initiation etc.<\/p>\n<p class=\"p1\" style=\"text-align: justify;\">\u00ab\u00a0Gr\u00e2ce aux enseignements de Masato Matsuura, j&rsquo;ai d\u00e9couvert bien plus que les arts martiaux traditionnels japonais, j&rsquo;ai d\u00e9couvert une ouverture d&rsquo;esprit, une recherche sur le corps, le mouvement ; une r\u00e9flexion sans fin sur soi-m\u00eame et son rapport avec ce qui nous entoure. J&rsquo;ai trouv\u00e9 \u00e0 l&rsquo;\u00e9cole\u00a0Sayu\u00a0la confiance en moi qui me faisait d\u00e9faut et c&rsquo;est un plaisir aujourd&rsquo;hui de d\u00e9couvrir de nouvelles pratiques et \u00e9largir mes connaissances en abordant de nouvelles disciplines comme le N\u00f4 et le maniement de la Naginata\u00a0\u00bb.<\/p>\n<p style=\"text-align: right;\"><em>Ludivine Longou<\/em><\/p>\n<p>&nbsp;<\/p>\n<h2>Thierry Rebholtz<\/h2>\n<p style=\"text-align: justify;\"><img loading=\"lazy\" class=\"wp-image-1736 alignleft\" src=\"https:\/\/ecolesayu.deuxspirales.fr\/wp-content\/uploads\/2023\/09\/Thierry-Rebholtz.jpeg\" alt=\"2S1\" width=\"273\" height=\"273\" \/>Thierry Rebholtz pratiqua pour la premi\u00e8re fois des arts martiaux \u00e0 l\u2019\u00e2ge de 41 ans et apr\u00e8s 7 ans d\u2019enseignement aupr\u00e8s Masato Matsuura, il obtiendra son premier Dan.<i><br \/><\/i><\/p>\n<p class=\"p1\" style=\"text-align: justify;\">\u00ab Cela fait plusieurs ann\u00e9es que je suis les cours de Masato. J\u2019affectionne aussi bien le Sabre que le Jujitsu qui sont, pour moi, une aide pr\u00e9cieuse, pour me r\u00e9aliser pleinement au quotidien. Par leurs aspects \u00e9nerg\u00e9tiques, ces deux disciplines sont excellentes pour entretenir ma sant\u00e9 physique et mentale. Par ailleurs, il y a aussi une dimension spirituelle, o\u00f9 je peux y mettre ma propre vision \u00e9sot\u00e9rique de la Vie. \u00bb<\/p>\n<p style=\"text-align: right;\"><em>Thierry Rebholtz<\/em><\/p>\n<p style=\"text-align: right;\">Photo : Romain Jacquot<\/p>\n<p>&nbsp;<\/p>\n<h2>Alexis Ringenbach<\/h2>\n<p style=\"text-align: justify;\"><img loading=\"lazy\" class=\"wp-image-1739 alignleft\" src=\"http:\/\/ecolesayu.deuxspirales.fr\/wp-content\/uploads\/2018\/09\/alexis-e1537125206557.jpg\" alt=\"alexis\" width=\"273\" height=\"287\" \/>C&rsquo;est avec Masato Matsuura qu&rsquo;Alexis Ringenbach commence l&rsquo;apprentissage du Kenjutsu, de l&rsquo;A\u00efki et de l&rsquo;Ia\u00efdo en 2013. Au cours de sa pratique, il participera \u00e0 plusieurs d\u00e9monstrations, et ateliers d&rsquo;initiation.<br \/>En 2018 il obtient son premier Dan, et continue \u00e0 pratiquer, en axant sa voie sur l&rsquo;\u00e9tude, ainsi que sur le partage des enseignements et de la pratique de Masato Matsuura.<\/p>\n<p style=\"text-align: justify;\">\u00ab\u00a0J&rsquo;ai rejoint l&rsquo;\u00e9cole en cherchant une pratique \u00e0 la fois physique, mentale et spirituelle. En pratiquant aux c\u00f4t\u00e9s de Masato, et bien s\u00fbr avec les \u00e9l\u00e8ves avanc\u00e9s comme d\u00e9butants, je pense avoir trouv\u00e9 tout cela, mais \u00e9galement un moyen, une m\u00e9thode qui permet de d\u00e9couvrir son corps, retrouver son harmonie avec l&rsquo;esprit, pour ensuite trouver l&rsquo;harmonie qui peut exister entre les pratiquants, et enfin l&rsquo;Harmonie avec le Monde qui nous entoure.\u00a0\u00bb<\/p>\n<p style=\"text-align: right;\"><em>Alexis Ringenbach<\/em><\/p>\n<p>[\/et_pb_text][\/et_pb_column][et_pb_column type=\u00a0\u00bb1_4&Prime; _builder_version=\u00a0\u00bb3.25&Prime; custom_padding=\u00a0\u00bb|||\u00a0\u00bb global_colors_info=\u00a0\u00bb{}\u00a0\u00bb custom_padding__hover=\u00a0\u00bb|||\u00a0\u00bb][et_pb_text admin_label=\u00a0\u00bbTexte\u00a0\u00bb _builder_version=\u00a0\u00bb3.27.4&Prime; background_size=\u00a0\u00bbinitial\u00a0\u00bb background_position=\u00a0\u00bbtop_left\u00a0\u00bb background_repeat=\u00a0\u00bbrepeat\u00a0\u00bb custom_padding=\u00a0\u00bb40|||\u00a0\u00bb use_border_color=\u00a0\u00bboff\u00a0\u00bb border_color=\u00a0\u00bb#ffffff\u00a0\u00bb border_style=\u00a0\u00bbsolid\u00a0\u00bb saved_tabs=\u00a0\u00bball\u00a0\u00bb global_colors_info=\u00a0\u00bb{}\u00a0\u00bb]<\/p>\n<hr \/>\n<h2 style=\"padding-left: 30px;\"><\/h2>\n<h2 style=\"padding-left: 30px;\">\u00a0<a href=\"http:\/\/ecolesayu.deuxspirales.fr\/index.php\/lecole\/\">L&rsquo;Ecole Sayu<\/a><\/h2>\n<h2 style=\"padding-left: 30px;\"><a href=\"http:\/\/ecolesayu.deuxspirales.fr\/index.php\/principes\/\"><img loading=\"lazy\" class=\"alignnone wp-image-423\" src=\"http:\/\/ecolesayu.deuxspirales.fr\/wp-content\/uploads\/2015\/08\/tilde.gif\" alt=\"tilde\" width=\"40\" height=\"22\" \/>Principes<\/a><\/h2>\n<h2 style=\"padding-left: 30px;\"><a href=\"http:\/\/ecolesayu.deuxspirales.fr\/index.php\/le-maitre\/\"><img loading=\"lazy\" class=\"alignnone wp-image-423\" src=\"http:\/\/ecolesayu.deuxspirales.fr\/wp-content\/uploads\/2015\/08\/tilde.gif\" alt=\"tilde\" width=\"40\" height=\"22\" \/>Le Ma\u00eetre<\/a><\/h2>\n<h2 style=\"padding-left: 30px;\"><a href=\"http:\/\/ecolesayu.deuxspirales.fr\/index.php\/les-assistants\/\"><img loading=\"lazy\" class=\"alignnone wp-image-423\" src=\"http:\/\/ecolesayu.deuxspirales.fr\/wp-content\/uploads\/2015\/08\/tilde.gif\" alt=\"tilde\" width=\"40\" height=\"22\" \/>Les Assistants<\/a><\/h2>\n<h2 style=\"padding-left: 30px;\"><a href=\"http:\/\/ecolesayu.deuxspirales.fr\/index.php\/cours-adultes\/\"><img loading=\"lazy\" class=\"alignnone wp-image-423\" src=\"http:\/\/ecolesayu.deuxspirales.fr\/wp-content\/uploads\/2015\/08\/tilde.gif\" alt=\"tilde\" width=\"40\" height=\"22\" \/>Cours Adultes<\/a><\/h2>\n<h2 style=\"padding-left: 30px;\"><a href=\"http:\/\/ecolesayu.deuxspirales.fr\/index.php\/cours-enfants\/\"><img loading=\"lazy\" class=\"alignnone wp-image-423\" src=\"http:\/\/ecolesayu.deuxspirales.fr\/wp-content\/uploads\/2015\/08\/tilde.gif\" alt=\"tilde\" width=\"40\" height=\"22\" \/>Cours Enfants<\/a><\/h2>\n<h2 style=\"padding-left: 30px;\"><a href=\"http:\/\/ecolesayu.deuxspirales.fr\/index.php\/sinscrire\/\"><img loading=\"lazy\" class=\"alignnone wp-image-423\" src=\"http:\/\/ecolesayu.deuxspirales.fr\/wp-content\/uploads\/2015\/08\/tilde.gif\" alt=\"tilde\" width=\"40\" height=\"22\" \/>S&rsquo;inscrire<\/a><\/h2>\n<h2 style=\"padding-left: 30px;\"><a href=\"http:\/\/ecolesayu.deuxspirales.fr\/index.php\/sinscrire\/\"><img loading=\"lazy\" class=\"alignnone wp-image-423\" src=\"http:\/\/ecolesayu.deuxspirales.fr\/wp-content\/uploads\/2015\/08\/tilde.gif\" alt=\"tilde\" width=\"40\" height=\"22\" \/><\/a><a href=\"http:\/\/ecolesayu.deuxspirales.fr\/index.php\/lexique\/\">Lexique<\/a><\/h2>\n<h2 style=\"padding-left: 30px;\">\u00a0<img loading=\"lazy\" class=\"alignnone wp-image-837\" src=\"http:\/\/ecolesayu.deuxspirales.fr\/wp-content\/uploads\/2015\/09\/Ecriture-Sayu_01web-noir.png\" alt=\"Ecriture-Sayu_01web noir\" width=\"127\" height=\"500\" srcset=\"https:\/\/ecolesayu.deuxspirales.fr\/wp-content\/uploads\/2015\/09\/Ecriture-Sayu_01web-noir.png 250w, https:\/\/ecolesayu.deuxspirales.fr\/wp-content\/uploads\/2015\/09\/Ecriture-Sayu_01web-noir-76x300.png 76w\" sizes=\"(max-width: 127px) 100vw, 127px\" \/><\/h2>\n<p>[\/et_pb_text][\/et_pb_column][\/et_pb_row][\/et_pb_section][et_pb_section fb_built=\u00a0\u00bb1&Prime; custom_padding_last_edited=\u00a0\u00bbon|desktop\u00a0\u00bb admin_label=\u00a0\u00bbsection\u00a0\u00bb _builder_version=\u00a0\u00bb3.22&Prime; background_image=\u00a0\u00bbhttp:\/\/ecolesayu.deuxspirales.fr\/wp-content\/uploads\/2015\/08\/pied3.jpg\u00a0\u00bb custom_padding=\u00a0\u00bb|||\u00a0\u00bb custom_padding_tablet=\u00a0\u00bb50px|0|50px|0&Prime; custom_padding_phone=\u00a0\u00bb50px|0|50px|0&Prime; transparent_background=\u00a0\u00bboff\u00a0\u00bb padding_mobile=\u00a0\u00bboff\u00a0\u00bb make_fullwidth=\u00a0\u00bboff\u00a0\u00bb use_custom_width=\u00a0\u00bboff\u00a0\u00bb width_unit=\u00a0\u00bbon\u00a0\u00bb global_colors_info=\u00a0\u00bb{}\u00a0\u00bb][et_pb_row column_structure=\u00a0\u00bb1_3,1_3,1_3&Prime; padding_mobile=\u00a0\u00bboff\u00a0\u00bb admin_label=\u00a0\u00bbrow\u00a0\u00bb _builder_version=\u00a0\u00bb3.25&Prime; background_size=\u00a0\u00bbinitial\u00a0\u00bb background_position=\u00a0\u00bbtop_left\u00a0\u00bb background_repeat=\u00a0\u00bbrepeat\u00a0\u00bb custom_padding=\u00a0\u00bb|\u00a0\u00bb make_fullwidth=\u00a0\u00bboff\u00a0\u00bb use_custom_width=\u00a0\u00bboff\u00a0\u00bb width_unit=\u00a0\u00bbon\u00a0\u00bb global_colors_info=\u00a0\u00bb{}\u00a0\u00bb][et_pb_column type=\u00a0\u00bb1_3&Prime; _builder_version=\u00a0\u00bb3.25&Prime; custom_padding=\u00a0\u00bb|||\u00a0\u00bb global_colors_info=\u00a0\u00bb{}\u00a0\u00bb custom_padding__hover=\u00a0\u00bb|||\u00a0\u00bb][\/et_pb_column][et_pb_column type=\u00a0\u00bb1_3&Prime; _builder_version=\u00a0\u00bb3.25&Prime; custom_padding=\u00a0\u00bb|||\u00a0\u00bb global_colors_info=\u00a0\u00bb{}\u00a0\u00bb custom_padding__hover=\u00a0\u00bb|||\u00a0\u00bb][\/et_pb_column][et_pb_column type=\u00a0\u00bb1_3&Prime; _builder_version=\u00a0\u00bb3.25&Prime; custom_padding=\u00a0\u00bb|||\u00a0\u00bb global_colors_info=\u00a0\u00bb{}\u00a0\u00bb custom_padding__hover=\u00a0\u00bb|||\u00a0\u00bb][et_pb_text admin_label=\u00a0\u00bbTexte\u00a0\u00bb _builder_version=\u00a0\u00bb3.27.4&Prime; background_size=\u00a0\u00bbinitial\u00a0\u00bb background_position=\u00a0\u00bbtop_left\u00a0\u00bb background_repeat=\u00a0\u00bbrepeat\u00a0\u00bb use_border_color=\u00a0\u00bboff\u00a0\u00bb border_color=\u00a0\u00bb#ffffff\u00a0\u00bb border_style=\u00a0\u00bbsolid\u00a0\u00bb global_colors_info=\u00a0\u00bb{}\u00a0\u00bb]<a href=\"http:\/\/compagnie.deuxspirales.fr\/\" target=\"_blank\" rel=\"noopener\"><br \/>\n<\/a><a href=\"http:\/\/compagnie.deuxspirales.fr\/\" target=\"_blank\" rel=\"noopener\"><img loading=\"lazy\" class=\"size-full wp-image-1149 alignleft\" src=\"http:\/\/ecolesayu.deuxspirales.fr\/wp-content\/uploads\/2016\/08\/sitecompagnie1-e1472552895985.jpg\" alt=\"sitecompagnie\" width=\"63\" height=\"99\" \/><\/a><a href=\"http:\/\/compagnie.deuxspirales.fr\/\" target=\"_blank\" rel=\"noopener\">Voir site<\/a><\/p>\n<h2><a href=\"http:\/\/compagnie.deuxspirales.fr\/\" target=\"_blank\" rel=\"noopener\"><span style=\"color: #ff0000;\">MASATO MATSUURA<br \/>\n<\/span> DEUX SPIRALES<\/a><\/h2>\n<p>[\/et_pb_text][\/et_pb_column][\/et_pb_row][et_pb_row column_structure=\u00a0\u00bb1_2,1_2&Prime; padding_mobile=\u00a0\u00bboff\u00a0\u00bb admin_label=\u00a0\u00bbrow\u00a0\u00bb _builder_version=\u00a0\u00bb3.25&Prime; background_size=\u00a0\u00bbinitial\u00a0\u00bb background_position=\u00a0\u00bbtop_left\u00a0\u00bb background_repeat=\u00a0\u00bbrepeat\u00a0\u00bb custom_padding=\u00a0\u00bb|\u00a0\u00bb make_fullwidth=\u00a0\u00bboff\u00a0\u00bb use_custom_width=\u00a0\u00bboff\u00a0\u00bb width_unit=\u00a0\u00bbon\u00a0\u00bb global_colors_info=\u00a0\u00bb{}\u00a0\u00bb][et_pb_column type=\u00a0\u00bb1_2&Prime; _builder_version=\u00a0\u00bb3.25&Prime; custom_padding=\u00a0\u00bb|||\u00a0\u00bb global_colors_info=\u00a0\u00bb{}\u00a0\u00bb custom_padding__hover=\u00a0\u00bb|||\u00a0\u00bb][et_pb_text admin_label=\u00a0\u00bbTexte\u00a0\u00bb _builder_version=\u00a0\u00bb4.14.2&Prime; background_size=\u00a0\u00bbinitial\u00a0\u00bb background_position=\u00a0\u00bbtop_left\u00a0\u00bb background_repeat=\u00a0\u00bbrepeat\u00a0\u00bb background_layout=\u00a0\u00bbdark\u00a0\u00bb custom_padding=\u00a0\u00bb||50|\u00a0\u00bb hover_enabled=\u00a0\u00bb0&Prime; use_border_color=\u00a0\u00bboff\u00a0\u00bb border_color=\u00a0\u00bb#ffffff\u00a0\u00bb border_style=\u00a0\u00bbsolid\u00a0\u00bb global_colors_info=\u00a0\u00bb{}\u00a0\u00bb sticky_enabled=\u00a0\u00bb0&Prime;]<img class=\"alignleft wp-image-836\" src=\"https:\/\/ecolesayu.deuxspirales.fr\/wp-content\/uploads\/2025\/09\/IMG-20250904-WA0001.jpg\" alt=\"Logo-EcoleSayu2015_02-BN web\" width=\"50%\"\/><\/p>\n<p><a style=\"color: white;\" href=\"https:\/\/sites.google.com\/site\/dojosaintambroise\/home\" target=\"_blank\" rel=\"noopener\">PARIS<br \/>\nDojo Saint Ambroise<br \/>\n6 rue de la Folie M\u00e9ricourt<br \/>\n75011 PARIS<\/a><\/p>\n<p><a style=\"color: white;\" href=\"https:\/\/www.google.fr\/maps\/place\/Rue+du+Doyenn%C3%A9+40,+1180+Uccle,+Belgique\/data=!4m2!3m1!1s0x47c3c5b2cc96cd95:0x8e1d6298e7a66d8c?sa=X&amp;ved=0CB8Q8gEwAGoVChMI1LDn8er8xwIVyVgaCh3f2wUp\" target=\"_blank\" rel=\"noopener\">BRUXELLES<br \/>\nDojo de l&rsquo;Usine \u00ab\u00a0Salle Noire\u00a0\u00bb<br \/>\nRue Doyenn\u00e9 40<br \/>\nB-1180 BRUXELLES<\/a><br \/>\n[\/et_pb_text][\/et_pb_column][et_pb_column type=\u00a0\u00bb1_2&Prime; _builder_version=\u00a0\u00bb3.25&Prime; custom_padding=\u00a0\u00bb|||\u00a0\u00bb global_colors_info=\u00a0\u00bb{}\u00a0\u00bb custom_padding__hover=\u00a0\u00bb|||\u00a0\u00bb][et_pb_text admin_label=\u00a0\u00bbTexte\u00a0\u00bb _builder_version=\u00a0\u00bb3.27.4&Prime; text_font=\u00a0\u00bbSource Sans Pro||||\u00a0\u00bb text_font_size=\u00a0\u00bb8&Prime; text_line_height=\u00a0\u00bb1em\u00a0\u00bb background_size=\u00a0\u00bbinitial\u00a0\u00bb background_position=\u00a0\u00bbtop_left\u00a0\u00bb background_repeat=\u00a0\u00bbrepeat\u00a0\u00bb background_layout=\u00a0\u00bbdark\u00a0\u00bb custom_padding=\u00a0\u00bb50|||\u00a0\u00bb use_border_color=\u00a0\u00bboff\u00a0\u00bb border_color=\u00a0\u00bb#ffffff\u00a0\u00bb border_style=\u00a0\u00bbsolid\u00a0\u00bb saved_tabs=\u00a0\u00bball\u00a0\u00bb global_colors_info=\u00a0\u00bb{}\u00a0\u00bb]<\/p>\n<h3><a href=\"http:\/\/ecolesayu.deuxspirales.fr\/index.php\/english\/\"><img loading=\"lazy\" class=\"alignnone size-full wp-image-523\" src=\"http:\/\/ecolesayu.deuxspirales.fr\/wp-content\/uploads\/2015\/08\/United-Kingdom-256-e1441943851294.png\" alt=\"United-Kingdom-256\" width=\"20\" height=\"20\" \/>\u00a0\u00a0ENGLISH<\/a><br \/>\n<a href=\"http:\/\/ecolesayu.deuxspirales.fr\/index.php\/nihongo\/\"><img loading=\"lazy\" class=\"alignnone size-full wp-image-522\" src=\"http:\/\/ecolesayu.deuxspirales.fr\/wp-content\/uploads\/2015\/08\/Japan-256-e1441943905237.png\" alt=\"Japan-256\" width=\"20\" height=\"20\" \/>\u00a0\u65e5\u672c\u8a9e<br \/>\n<\/a><\/h3>\n<h3 style=\"text-align: left; padding-left: 210px;\"><a href=\"https:\/\/www.facebook.com\/ecolesayu2spirales\" target=\"_blank\" rel=\"noopener\"><img loading=\"lazy\" class=\"size-full wp-image-697 alignleft\" src=\"http:\/\/ecolesayu.deuxspirales.fr\/wp-content\/uploads\/2015\/08\/social-facebook-box-blue-icon.png\" alt=\"social-facebook-box-blue-icon\" width=\"24\" height=\"24\" \/><\/a><a href=\"https:\/\/www.facebook.com\/ecolesayu2spirales\" target=\"_blank\" rel=\"noopener\">Suivez-nous<\/a><\/h3>\n<h3 style=\"text-align: left;\"><a href=\"http:\/\/ecolesayu.deuxspirales.fr\/index.php\/contact\/\">CONTACT<\/a><a style=\"font-size: 16px; line-height: 1.5;\" href=\"http:\/\/ecolesayu.deuxspirales.fr\/index.php\/english\/\"><br \/>\n<\/a><a href=\"http:\/\/ecolesayu.deuxspirales.fr\/index.php\/mentions-legales\/\">MENTIONS L\u00c9GALES<br \/>\n<\/a><a href=\"http:\/\/ecolesayu.deuxspirales.fr\/index.php\/plan-du-site\/\">PLAN DU SITE<\/a><\/h3>\n<p>[\/et_pb_text][\/et_pb_column][\/et_pb_row][\/et_pb_section]<\/p>\n","protected":false},"excerpt":{"rendered":"<p>\u00a0LES ASSISTANTS &nbsp; Bertrand Cabot Bertrand Cabot, premier Dan de l&rsquo;\u00e9cole Sayu, suit l&rsquo;enseignement de Masato Matsuura depuis 2011. Il a particip\u00e9 \u00e0 de nombreuses d\u00e9monstrations notamment au Japon, au Liban, au Soudan, au Pays-bas, en France. Venu dans l\u2019\u00c9cole pour s&rsquo;initier aux techniques de sabre, il \u00e9tudie depuis la totalit\u00e9 des disciplines abord\u00e9es : [&hellip;]<\/p>\n","protected":false},"author":1,"featured_media":0,"parent":0,"menu_order":0,"comment_status":"closed","ping_status":"closed","template":"","meta":{"_et_pb_use_builder":"on","_et_pb_old_content":"","_et_gb_content_width":""},"_links":{"self":[{"href":"https:\/\/ecolesayu.deuxspirales.fr\/index.php\/wp-json\/wp\/v2\/pages\/1744"}],"collection":[{"href":"https:\/\/ecolesayu.deuxspirales.fr\/index.php\/wp-json\/wp\/v2\/pages"}],"about":[{"href":"https:\/\/ecolesayu.deuxspirales.fr\/index.php\/wp-json\/wp\/v2\/types\/page"}],"author":[{"embeddable":true,"href":"https:\/\/ecolesayu.deuxspirales.fr\/index.php\/wp-json\/wp\/v2\/users\/1"}],"replies":[{"embeddable":true,"href":"https:\/\/ecolesayu.deuxspirales.fr\/index.php\/wp-json\/wp\/v2\/comments?post=1744"}],"version-history":[{"count":19,"href":"https:\/\/ecolesayu.deuxspirales.fr\/index.php\/wp-json\/wp\/v2\/pages\/1744\/revisions"}],"predecessor-version":[{"id":2589,"href":"https:\/\/ecolesayu.deuxspirales.fr\/index.php\/wp-json\/wp\/v2\/pages\/1744\/revisions\/2589"}],"wp:attachment":[{"href":"https:\/\/ecolesayu.deuxspirales.fr\/index.php\/wp-json\/wp\/v2\/media?parent=1744"}],"curies":[{"name":"wp","href":"https:\/\/api.w.org\/{rel}","templated":true}]}}