{"id":1265,"date":"2016-09-27T18:07:55","date_gmt":"2016-09-27T16:07:55","guid":{"rendered":"http:\/\/ecolesayu.deuxspirales.fr\/?page_id=1265"},"modified":"2025-09-07T23:38:11","modified_gmt":"2025-09-07T21:38:11","slug":"lexique","status":"publish","type":"page","link":"https:\/\/ecolesayu.deuxspirales.fr\/index.php\/lexique\/","title":{"rendered":"Lexique"},"content":{"rendered":"<p>[et_pb_section fb_built=\u00a0\u00bb1&Prime; admin_label=\u00a0\u00bbsection\u00a0\u00bb _builder_version=\u00a0\u00bb3.22&Prime; global_colors_info=\u00a0\u00bb{}\u00a0\u00bb][et_pb_row admin_label=\u00a0\u00bbrow\u00a0\u00bb _builder_version=\u00a0\u00bb3.25&Prime; background_size=\u00a0\u00bbinitial\u00a0\u00bb background_position=\u00a0\u00bbtop_left\u00a0\u00bb background_repeat=\u00a0\u00bbrepeat\u00a0\u00bb global_colors_info=\u00a0\u00bb{}\u00a0\u00bb column_structure=\u00a0\u00bb3_4,1_4&Prime;][et_pb_column type=\u00a0\u00bb3_4&Prime; _builder_version=\u00a0\u00bb3.25&Prime; custom_padding=\u00a0\u00bb|||\u00a0\u00bb global_colors_info=\u00a0\u00bb{}\u00a0\u00bb custom_padding__hover=\u00a0\u00bb|||\u00a0\u00bb][et_pb_text admin_label=\u00a0\u00bbTexte\u00a0\u00bb _builder_version=\u00a0\u00bb3.27.4&Prime; background_size=\u00a0\u00bbinitial\u00a0\u00bb background_position=\u00a0\u00bbtop_left\u00a0\u00bb background_repeat=\u00a0\u00bbrepeat\u00a0\u00bb use_border_color=\u00a0\u00bboff\u00a0\u00bb border_color=\u00a0\u00bb#ffffff\u00a0\u00bb border_style=\u00a0\u00bbsolid\u00a0\u00bb global_colors_info=\u00a0\u00bb{}\u00a0\u00bb]<\/p>\n<h1>LEXIQUE\u00a0<img loading=\"lazy\" class=\"alignnone size-full wp-image-423\" src=\"http:\/\/ecolesayu.deuxspirales.fr\/wp-content\/uploads\/2015\/08\/tilde.gif\" alt=\"tilde\" width=\"50\" height=\"28\" \/><\/h1>\n<hr \/>\n<p>\u304a\u9858\u3044\u3044\u305f\u3057\u307e\u3059 <strong>Onegai itashimasu<\/strong><br \/>\n\u00ab\u00a0S&rsquo;il vous pla\u00eet!!\u00a0\u00bb (Au d\u00e9but du cours)<\/p>\n<p>\u3069\u3046\u3082\u3042\u308a\u304c\u3068\u3046\u3054\u3056\u3044\u307e\u3057\u305f <strong>Domo arigat\u00f4 gozaimashita<\/strong><br \/>\n\u00ab\u00a0Merci beaucoup\u00a0\u00bb (\u00e0 la fin du cours)<\/p>\n<p><a href=\"https:\/\/www.google.fr\/search?q=%E5%B0%8F%E6%89%8B%E8%BF%94%E3%81%97&amp;source=lnms&amp;tbm=isch&amp;sa=X&amp;ved=0ahUKEwiM5oPe_K_PAhUDMBoKHY1VCYsQ_AUICSgC&amp;biw=1280&amp;bih=894#tbm=isch&amp;q=%E6%AD%A3%E5%BA%A7\" target=\"_blank\" rel=\"noopener\">\u6b63\u5ea7<\/a> <strong>Seiza<\/strong><br \/>\n\u00ab\u00a0L&rsquo;assise normale, correct\u00a0\u00bb, l&rsquo;assise japonaise sur les genoux.<\/p>\n<p>\u4f53\u634c\u304d <strong>Tai sabaki<\/strong><br \/>\nMouvement du corps<\/p>\n<p><a href=\"https:\/\/www.google.fr\/search?q=%E5%B0%8F%E6%89%8B%E8%BF%94%E3%81%97&amp;source=lnms&amp;tbm=isch&amp;sa=X&amp;ved=0ahUKEwiM5oPe_K_PAhUDMBoKHY1VCYsQ_AUICSgC&amp;biw=1280&amp;bih=894#tbm=isch&amp;q=%E5%9B%9B%E8%82%A1\" target=\"_blank\" rel=\"noopener\">\u56db\u80a1(\u76f8\u64b2)<\/a> <strong>Shiko (sumo)<\/strong><br \/>\nLe mouvement des sumotori lorsqu&rsquo;ils frappent le sol,jambes \u00e9cart\u00e9es.<\/p>\n<p><a href=\"https:\/\/www.google.fr\/search?q=%E5%B0%8F%E6%89%8B%E8%BF%94%E3%81%97&amp;source=lnms&amp;tbm=isch&amp;sa=X&amp;ved=0ahUKEwiM5oPe_K_PAhUDMBoKHY1VCYsQ_AUICSgC&amp;biw=1280&amp;bih=894#tbm=isch&amp;q=%E6%B9%A7%E6%B3%89\" target=\"_blank\" rel=\"noopener\">\u6e67\u6cc9<\/a> <strong>Yusen<br \/>\n<\/strong>\u00ab\u00a0la source bouillonnante\u00a0\u00bb Point d&rsquo;\u00e9nergie entre 2 m\u00e9tatarses du pied.<\/p>\n<p><a href=\"https:\/\/www.google.fr\/search?q=%E5%B0%8F%E6%89%8B%E8%BF%94%E3%81%97&amp;source=lnms&amp;tbm=isch&amp;sa=X&amp;ved=0ahUKEwiM5oPe_K_PAhUDMBoKHY1VCYsQ_AUICSgC&amp;biw=1280&amp;bih=894#tbm=isch&amp;q=%E5%8A%B4%E5%AE%AE+\" target=\"_blank\" rel=\"noopener\">\u52b4\u5bae <\/a><strong>Rokyu<\/strong><br \/>\n\u00ab\u00a0le centre de la fatigue\u00a0\u00bb Point d&rsquo;\u00e9nergie entre 2 m\u00e9tacarpes de la main.<\/p>\n<p><a href=\"https:\/\/www.google.fr\/search?q=%E5%B0%8F%E6%89%8B%E8%BF%94%E3%81%97&amp;source=lnms&amp;tbm=isch&amp;sa=X&amp;ved=0ahUKEwiM5oPe_K_PAhUDMBoKHY1VCYsQ_AUICSgC&amp;biw=1280&amp;bih=894#tbm=isch&amp;q=%E7%85%A7%E6%B5%B7\" target=\"_blank\" rel=\"noopener\">\u7167\u6d77<\/a> <strong>Sh\u00f4kai<\/strong><br \/>\n\u00ab\u00a0la mer \u00e9tincelante\u00a0\u00bb Point d&rsquo;\u00e9nergie sous la mall\u00e9ole interne de la cheville.<\/p>\n<p>&nbsp;<\/p>\n<h3>\u6253\u3061(\u5408\u6c17\uff0b\u5263) FRAPPES (AIKI + KEN)<\/h3>\n<p><a href=\"https:\/\/www.google.fr\/search?q=%E5%B0%8F%E6%89%8B%E8%BF%94%E3%81%97&amp;source=lnms&amp;tbm=isch&amp;sa=X&amp;ved=0ahUKEwiM5oPe_K_PAhUDMBoKHY1VCYsQ_AUICSgC&amp;biw=1280&amp;bih=894#tbm=isch&amp;q=%E6%AD%A3%E9%9D%A2%E6%89%93%E3%81%A1\" target=\"_blank\" rel=\"noopener\">\u6b63\u9762\u6253\u3061<\/a> <strong>Shomen-Uchi<\/strong><br \/>\n\u00ab\u00a0Frappe normale\u00a0\u00bb<\/p>\n<p><a href=\"https:\/\/www.google.fr\/search?q=%E5%B0%8F%E6%89%8B%E8%BF%94%E3%81%97&amp;source=lnms&amp;tbm=isch&amp;sa=X&amp;ved=0ahUKEwiM5oPe_K_PAhUDMBoKHY1VCYsQ_AUICSgC&amp;biw=1280&amp;bih=894#tbm=isch&amp;q=%E6%A8%AA%E9%9D%A2%E6%89%93%E3%81%A1\" target=\"_blank\" rel=\"noopener\">\u6a2a\u9762\u6253\u3061<\/a> <strong>Yokomen-Uchi<\/strong><br \/>\n\u00ab\u00a0Frappe lat\u00e9rale\u00a0\u00bb<\/p>\n<p><a href=\"https:\/\/www.google.fr\/search?q=%E5%B0%8F%E6%89%8B%E8%BF%94%E3%81%97&amp;source=lnms&amp;tbm=isch&amp;sa=X&amp;ved=0ahUKEwiM5oPe_K_PAhUDMBoKHY1VCYsQ_AUICSgC&amp;biw=1280&amp;bih=894#tbm=isch&amp;q=%E7%AA%81%E3%81%8D\" target=\"_blank\" rel=\"noopener\">\u7a81\u304d<\/a> <strong>Tsuki<\/strong><br \/>\nEstoc, pouss\u00e9e, coup de poing<\/p>\n<p>&nbsp;<\/p>\n<h3>\u5263\u8853 KENJYUTSU<\/h3>\n<p>\u6253\u592a\u5200 <strong>Uchidachi<\/strong><br \/>\n\u00ab\u00a0Le sabre qui frappe\u00a0\u00bb Celui qui porte l&rsquo;attaque. Souvent l&rsquo;enseignant.<\/p>\n<p>\u4ed5\u592a\u5200 <strong>Shidachi<\/strong><br \/>\n\u00ab\u00a0Le sabre qui fait\u00a0\u00bb Celui qui fait la technique. Souvent l&rsquo;eleve.<\/p>\n<p>\u65b0\u9670\u6d41 <strong>Shinkage Ryu<\/strong><br \/>\nEcole de sabre enseign\u00e9 \u00e0 l&rsquo;\u00e9cole Sayu<\/p>\n<p>\u4e8c\u5929\u4e00\u6d41 <strong>Niten Ichi Ryu<\/strong><br \/>\nEcole des deux sabres<\/p>\n<p>\u6b63\u773c <strong>Seigan<\/strong><br \/>\n\u00ab\u00a0position normale\u00a0\u00bb<\/p>\n<p>\u4e2d\u6bb5 <strong>Chudan<\/strong><br \/>\n\u00ab\u00a0position du milieu\u00a0\u00bb<\/p>\n<p>\u4e0a\u6bb5 <strong>Jodan<\/strong><br \/>\n\u00ab\u00a0position du haut\u00a0\u00bb<\/p>\n<p>\u4e0b\u6bb5 <strong>Gedan<\/strong><br \/>\n\u00ab\u00a0position du bas\u00a0\u00bb<\/p>\n<p>\u516b\u76f8 <strong>Hass\u00f4<\/strong><br \/>\n\u00ab\u00a0Huit apparence\u00a0\u00bb La position \u00e9vidente et efficace pour frapper.<\/p>\n<p>\u8107\u69cb\u3048 <strong>Wakigamae<\/strong><br \/>\n\u00ab\u00a0Garde de c\u00f4t\u00e9\u00a0\u00bb<\/p>\n<p>\u7121\u69cb\u3048 <strong>Mugamae<\/strong><br \/>\n\u00ab\u00a0Garde Vide\u00a0\u00bb Garde sans garde<\/p>\n<p>\u71d5\u98db <strong>Empi<\/strong><br \/>\n\u00ab\u00a0L&rsquo;aile d&rsquo;hirondelle\u00a0\u00bb technique de sabre avanc\u00e9e<\/p>\n<p>\u971e <strong>Kasumi<\/strong><br \/>\n\u00ab\u00a0Brouillard\u00a0\u00bb Garde de sabre avanc\u00e9e<\/p>\n<p>\u5207\u8fd4\u3057 <strong>Kirikaeshi<\/strong><br \/>\n\u00ab\u00a0Contre coupe\u00a0\u00bb Exercice de frappe et de blocage altern\u00e9s<\/p>\n<p>&nbsp;<\/p>\n<h3>\u5c45\u5408\u9053 IAIDO<\/h3>\n<p><a href=\"https:\/\/www.google.fr\/search?q=%E5%B0%8F%E6%89%8B%E8%BF%94%E3%81%97&amp;source=lnms&amp;tbm=isch&amp;sa=X&amp;ved=0ahUKEwiM5oPe_K_PAhUDMBoKHY1VCYsQ_AUICSgC&amp;biw=1280&amp;bih=894#tbm=isch&amp;q=katana+parts\" target=\"_blank\" rel=\"noopener\">\u5207\u5148<\/a> <strong>Kissaki<\/strong><br \/>\nPointe du sabre<\/p>\n<p><a href=\"https:\/\/www.google.fr\/search?q=%E5%B0%8F%E6%89%8B%E8%BF%94%E3%81%97&amp;source=lnms&amp;tbm=isch&amp;sa=X&amp;ved=0ahUKEwiM5oPe_K_PAhUDMBoKHY1VCYsQ_AUICSgC&amp;biw=1280&amp;bih=894#tbm=isch&amp;q=katana+parts\" target=\"_blank\" rel=\"noopener\">\u7269\u6253<\/a> <strong>Mono-Uchi<\/strong><br \/>\n\u00ab\u00a0L&rsquo;endroit pour frapper\u00a0\u00bb 10 cm en dessous de la pointe<\/p>\n<p><a href=\"https:\/\/www.google.fr\/search?q=%E5%B0%8F%E6%89%8B%E8%BF%94%E3%81%97&amp;source=lnms&amp;tbm=isch&amp;sa=X&amp;ved=0ahUKEwiM5oPe_K_PAhUDMBoKHY1VCYsQ_AUICSgC&amp;biw=1280&amp;bih=894#tbm=isch&amp;q=katana+parts\" target=\"_blank\" rel=\"noopener\">\u9354<\/a> <strong>Tsuba<\/strong><br \/>\nLa garde du sabre.<\/p>\n<p>\u67c4 <strong>Tsuka<\/strong><br \/>\nLa poign\u00e9e du sabre.<\/p>\n<p>\u982d <strong>Kashira<\/strong><br \/>\nLe pommeau<\/p>\n<p>\u9798 <strong>Saya<\/strong><br \/>\nLe fourreau<\/p>\n<p>\u6817\u5f62 <strong>Kurigata<\/strong><br \/>\n\u00ab\u00a0La chataigne\u00a0\u00bb L\u2019Encoche sur le fourreau.<\/p>\n<p>\u9bc9\u53e3 <strong>Koiguchi<\/strong><br \/>\n\u00ab\u00a0la bouche de carpe\u00a0\u00bb L&rsquo;ouverture entre le fourreau et la lame.<\/p>\n<p>\u5ea7\u308a\u6280 <strong>Suwariwaza<\/strong><br \/>\nTechnique assise<\/p>\n<p>\u7acb\u3061\u6280 <strong>Tachiwaza<\/strong><br \/>\nTechnique debout<\/p>\n<p><a href=\"https:\/\/www.google.fr\/search?q=%E9%9E%98%E5%BC%95%E3%81%8D&amp;source=lnms&amp;tbm=isch&amp;sa=X&amp;ved=0ahUKEwjHg--l9bTPAhWCmBoKHXyYCg4Q_AUICCgB&amp;biw=1280&amp;bih=894\" target=\"_blank\" rel=\"noopener\">\u9798\u5f15\u304d<\/a>\u00a0<strong>Sayabiki<br \/>\n<\/strong>\u00ab\u00a0Tirer la saya\u00a0\u00bb Lors du d\u00e9gainage, toujours tenir le fourreau et ouvrir le corps enti\u00e8rement.<\/p>\n<p><a href=\"https:\/\/www.google.fr\/search?q=%E5%88%80%E7%A4%BC&amp;espv=2&amp;biw=1280&amp;bih=894&amp;tbm=isch&amp;tbo=u&amp;source=univ&amp;sa=X&amp;ved=0ahUKEwio7ZzS_rTPAhXKSxoKHT5lAdYQsAQIGw\" target=\"_blank\" rel=\"noopener\">\u5200\u793c<\/a> <strong>T\u00f4rei<br \/>\n<\/strong>\u00ab\u00a0Le salut du sabre\u00a0\u00bb Avant et apr\u00e8s toute manipulation du sabre.<\/p>\n<p>&nbsp;<\/p>\n<h3>\u5408\u6c17 AIKI<\/h3>\n<p>\u53d7\u3051 <strong>Uke<\/strong><br \/>\ncelui qui subit, celui qui re\u00e7oit le ki, le passif.<\/p>\n<p>\u53d6\u308a <strong>Tori<\/strong><br \/>\ncelui qui choisit, celui qui prend le ki, l&rsquo;actif.<\/p>\n<p>\u53d7\u3051\u8eab <strong>Ukemi<\/strong><br \/>\nLes chutes \/ roulades.<\/p>\n<p>\u5165\u308a\u8eab <strong>Irimi<\/strong><br \/>\nEntr\u00e9e<\/p>\n<p>\u8ee2\u63db <strong>Tenkan<\/strong><br \/>\nChangement de direction<\/p>\n<p>\u76f8\u534a\u8eab <strong>Ai Hanmi<\/strong><br \/>\nPosition harmonieuse, sym\u00e9trique<\/p>\n<p>\u9006\u534a\u8eab <strong>Gyaku Hanmi<\/strong><br \/>\nposition oppos\u00e9e, mirroir<\/p>\n<p>\u7247\u624b\u53d6\u308a <strong>Katate dori<\/strong><br \/>\nSaisie au poignet<\/p>\n<p>\u80a9\u53d6\u308a <strong>Kata dori<\/strong><br \/>\nSaisie \u00e0 l&rsquo;\u00e9paule<\/p>\n<p>\u80f8\u53d6\u308a <strong>Muna dori<\/strong><br \/>\nSaisie au Thorax<\/p>\n<p><a href=\"https:\/\/www.google.fr\/search?q=%E5%B0%8F%E6%89%8B%E8%BF%94%E3%81%97&amp;source=lnms&amp;tbm=isch&amp;sa=X&amp;ved=0ahUKEwiM5oPe_K_PAhUDMBoKHY1VCYsQ_AUICSgC&amp;biw=1280&amp;bih=894\" target=\"_blank\" rel=\"noopener\">\u5c0f\u624b\u8fd4\u3057<\/a> <strong>Kote Gaeshi<\/strong><br \/>\n\u00ab\u00a0Petit retournement de la main\u00a0\u00bb<\/p>\n<p><a href=\"https:\/\/www.google.fr\/search?q=%E5%B0%8F%E6%89%8B%E8%BF%94%E3%81%97&amp;source=lnms&amp;tbm=isch&amp;sa=X&amp;ved=0ahUKEwiM5oPe_K_PAhUDMBoKHY1VCYsQ_AUICSgC&amp;biw=1280&amp;bih=894#tbm=isch&amp;q=%E5%85%A5%E3%82%8A%E8%BA%AB%E6%8A%95%E3%81%92\" target=\"_blank\" rel=\"noopener\">\u5165\u308a\u8eab\u6295\u3052<\/a> <strong>Irimi Nage<\/strong><br \/>\nProjection en entrant<\/p>\n<p><a href=\"https:\/\/www.google.fr\/search?q=%E5%B0%8F%E6%89%8B%E8%BF%94%E3%81%97&amp;source=lnms&amp;tbm=isch&amp;sa=X&amp;ved=0ahUKEwiM5oPe_K_PAhUDMBoKHY1VCYsQ_AUICSgC&amp;biw=1280&amp;bih=894#tbm=isch&amp;q=%E5%A4%A9%E5%9C%B0%E6%8A%95%E3%81%92\" target=\"_blank\" rel=\"noopener\">\u5929\u5730\u6295\u3052<\/a> <strong>Tenchi Nage<\/strong><br \/>\n\u00ab\u00a0Projection ciel &#8211; terre\u00a0\u00bb<\/p>\n<p><a href=\"https:\/\/www.google.fr\/search?q=%E5%B0%8F%E6%89%8B%E8%BF%94%E3%81%97&amp;source=lnms&amp;tbm=isch&amp;sa=X&amp;ved=0ahUKEwiM5oPe_K_PAhUDMBoKHY1VCYsQ_AUICSgC&amp;biw=1280&amp;bih=894#tbm=isch&amp;q=%E5%9B%9B%E6%96%B9%E6%8A%95%E3%81%92\" target=\"_blank\" rel=\"noopener\">\u56db\u65b9\u6295\u3052<\/a> <strong>Shiho Nage<\/strong><br \/>\n\u00ab\u00a0Projection des 4 c\u00f4t\u00e9s\u00a0\u00bb<\/p>\n<p><a href=\"https:\/\/www.google.fr\/search?q=%E5%B0%8F%E6%89%8B%E8%BF%94%E3%81%97&amp;source=lnms&amp;tbm=isch&amp;sa=X&amp;ved=0ahUKEwiM5oPe_K_PAhUDMBoKHY1VCYsQ_AUICSgC&amp;biw=1280&amp;bih=894#tbm=isch&amp;q=%E5%9B%9E%E8%BB%A2%E6%8A%95%E3%81%92\" target=\"_blank\" rel=\"noopener\">\u56de\u8ee2\u6295\u3052<\/a> <strong>Kaiten Nage<\/strong><br \/>\n\u00ab\u00a0Projection tourbillonnante\u00a0\u00bb<\/p>\n<p>&nbsp;<\/p>\n<h3>\u80fd N\u00f4:<\/h3>\n<p>\u9593 <strong>M\u00e2<\/strong><br \/>\nInterval, inter-espace, vide, silence<\/p>\n<p>\u5e8f\u7834\u6025 <strong>Jyo Ha Kyu<\/strong><br \/>\nRythme en 3 temps propre \u00e0 l\u2019esth\u00e9tique traditionnelle. Lent,\u00a0acc\u00e9l\u00e9ration, ralentissement. Naissance, d\u00e9veloppement, Conclusion.<\/p>\n<p>\u5dee\u3057\u8fbc\u307f\u958b\u304d <strong>Sashikomi Hiraki<\/strong><br \/>\n\u00ab\u00a0Penetration, Ouverture\u00a0\u00bb<\/p>\n<p>\u53f3\u53d7\u3051\u5de6\u53f3 <strong>Migi Uke Sayu<\/strong><br \/>\n\u00ab\u00a0Droite, Reception, Gauche, Droite\u00a0\u00bb<\/p>\n<p>Voir site:\u00a0<a href=\"http:\/\/www.the-noh.com\/\" target=\"_blank\" rel=\"noopener\">http:\/\/www.the-noh.com\/<\/a><\/p>\n<p>&nbsp;<\/p>\n<p>&nbsp;<br \/>\n[\/et_pb_text][\/et_pb_column][et_pb_column type=\u00a0\u00bb1_4&Prime; _builder_version=\u00a0\u00bb3.25&Prime; custom_padding=\u00a0\u00bb|||\u00a0\u00bb global_colors_info=\u00a0\u00bb{}\u00a0\u00bb custom_padding__hover=\u00a0\u00bb|||\u00a0\u00bb][et_pb_text admin_label=\u00a0\u00bbTexte\u00a0\u00bb _builder_version=\u00a0\u00bb3.27.4&Prime; background_size=\u00a0\u00bbinitial\u00a0\u00bb background_position=\u00a0\u00bbtop_left\u00a0\u00bb background_repeat=\u00a0\u00bbrepeat\u00a0\u00bb custom_padding=\u00a0\u00bb40|||\u00a0\u00bb use_border_color=\u00a0\u00bboff\u00a0\u00bb border_color=\u00a0\u00bb#ffffff\u00a0\u00bb border_style=\u00a0\u00bbsolid\u00a0\u00bb saved_tabs=\u00a0\u00bball\u00a0\u00bb global_colors_info=\u00a0\u00bb{}\u00a0\u00bb]<\/p>\n<hr \/>\n<h2 style=\"padding-left: 30px;\"><\/h2>\n<p>&nbsp;<\/p>\n<h2 style=\"padding-left: 30px;\">\u00a0<a href=\"http:\/\/ecolesayu.deuxspirales.fr\/index.php\/lecole\/\">L&rsquo;Ecole Sayu<\/a><\/h2>\n<h2 style=\"padding-left: 30px;\"><a href=\"http:\/\/ecolesayu.deuxspirales.fr\/index.php\/principes\/\"><img loading=\"lazy\" class=\"alignnone wp-image-423\" src=\"http:\/\/ecolesayu.deuxspirales.fr\/wp-content\/uploads\/2015\/08\/tilde.gif\" alt=\"tilde\" width=\"40\" height=\"22\" \/>Principes<\/a><\/h2>\n<h2 style=\"padding-left: 30px;\"><a href=\"http:\/\/ecolesayu.deuxspirales.fr\/index.php\/le-maitre\/\"><img loading=\"lazy\" class=\"alignnone wp-image-423\" src=\"http:\/\/ecolesayu.deuxspirales.fr\/wp-content\/uploads\/2015\/08\/tilde.gif\" alt=\"tilde\" width=\"40\" height=\"22\" \/>Le Ma\u00eetre<\/a><\/h2>\n<h2 style=\"padding-left: 30px;\"><a href=\"http:\/\/ecolesayu.deuxspirales.fr\/index.php\/les-assistants\/\"><img loading=\"lazy\" class=\"alignnone wp-image-423\" src=\"http:\/\/ecolesayu.deuxspirales.fr\/wp-content\/uploads\/2015\/08\/tilde.gif\" alt=\"tilde\" width=\"40\" height=\"22\" \/>Les Assistants<\/a><\/h2>\n<h2 style=\"padding-left: 30px;\"><a href=\"http:\/\/ecolesayu.deuxspirales.fr\/index.php\/cours-adultes\/\"><img loading=\"lazy\" class=\"alignnone wp-image-423\" src=\"http:\/\/ecolesayu.deuxspirales.fr\/wp-content\/uploads\/2015\/08\/tilde.gif\" alt=\"tilde\" width=\"40\" height=\"22\" \/>Cours Adultes<\/a><\/h2>\n<h2 style=\"padding-left: 30px;\"><a href=\"http:\/\/ecolesayu.deuxspirales.fr\/index.php\/cours-enfants\/\"><img loading=\"lazy\" class=\"alignnone wp-image-423\" src=\"http:\/\/ecolesayu.deuxspirales.fr\/wp-content\/uploads\/2015\/08\/tilde.gif\" alt=\"tilde\" width=\"40\" height=\"22\" \/>Cours Enfants<\/a><\/h2>\n<h2 style=\"padding-left: 30px;\"><a href=\"http:\/\/ecolesayu.deuxspirales.fr\/index.php\/sinscrire\/\"><img loading=\"lazy\" class=\"alignnone wp-image-423\" src=\"http:\/\/ecolesayu.deuxspirales.fr\/wp-content\/uploads\/2015\/08\/tilde.gif\" alt=\"tilde\" width=\"40\" height=\"22\" \/>S&rsquo;inscrire<\/a><\/h2>\n<h2 style=\"padding-left: 30px;\"><a href=\"http:\/\/ecolesayu.deuxspirales.fr\/index.php\/sinscrire\/\"><img loading=\"lazy\" class=\"alignnone wp-image-423\" src=\"http:\/\/ecolesayu.deuxspirales.fr\/wp-content\/uploads\/2015\/08\/tilde.gif\" alt=\"tilde\" width=\"40\" height=\"22\" \/><\/a><a href=\"http:\/\/ecolesayu.deuxspirales.fr\/index.php\/lexique\/\">Lexique<\/a><\/h2>\n<h2 style=\"padding-left: 30px;\">\u00a0<img loading=\"lazy\" class=\"alignnone wp-image-837\" src=\"http:\/\/ecolesayu.deuxspirales.fr\/wp-content\/uploads\/2015\/09\/Ecriture-Sayu_01web-noir.png\" alt=\"Ecriture-Sayu_01web noir\" width=\"127\" height=\"500\" srcset=\"https:\/\/ecolesayu.deuxspirales.fr\/wp-content\/uploads\/2015\/09\/Ecriture-Sayu_01web-noir.png 250w, https:\/\/ecolesayu.deuxspirales.fr\/wp-content\/uploads\/2015\/09\/Ecriture-Sayu_01web-noir-76x300.png 76w\" sizes=\"(max-width: 127px) 100vw, 127px\" \/><\/h2>\n<p>[\/et_pb_text][\/et_pb_column][\/et_pb_row][\/et_pb_section][et_pb_section fb_built=\u00a0\u00bb1&Prime; custom_padding_last_edited=\u00a0\u00bbon|desktop\u00a0\u00bb admin_label=\u00a0\u00bbsection\u00a0\u00bb _builder_version=\u00a0\u00bb3.22&Prime; background_image=\u00a0\u00bbhttp:\/\/ecolesayu.deuxspirales.fr\/wp-content\/uploads\/2015\/08\/pied3.jpg\u00a0\u00bb custom_padding=\u00a0\u00bb|||\u00a0\u00bb custom_padding_tablet=\u00a0\u00bb50px|0|50px|0&Prime; transparent_background=\u00a0\u00bboff\u00a0\u00bb padding_mobile=\u00a0\u00bboff\u00a0\u00bb make_fullwidth=\u00a0\u00bboff\u00a0\u00bb use_custom_width=\u00a0\u00bboff\u00a0\u00bb width_unit=\u00a0\u00bbon\u00a0\u00bb global_colors_info=\u00a0\u00bb{}\u00a0\u00bb custom_padding_phone=\u00a0\u00bb50px|0|50px|0&Prime;][et_pb_row padding_mobile=\u00a0\u00bboff\u00a0\u00bb admin_label=\u00a0\u00bbrow\u00a0\u00bb _builder_version=\u00a0\u00bb3.25&Prime; background_size=\u00a0\u00bbinitial\u00a0\u00bb background_position=\u00a0\u00bbtop_left\u00a0\u00bb background_repeat=\u00a0\u00bbrepeat\u00a0\u00bb custom_padding=\u00a0\u00bb|\u00a0\u00bb make_fullwidth=\u00a0\u00bboff\u00a0\u00bb use_custom_width=\u00a0\u00bboff\u00a0\u00bb width_unit=\u00a0\u00bbon\u00a0\u00bb global_colors_info=\u00a0\u00bb{}\u00a0\u00bb column_structure=\u00a0\u00bb1_3,1_3,1_3&Prime;][et_pb_column type=\u00a0\u00bb1_3&Prime; _builder_version=\u00a0\u00bb3.25&Prime; custom_padding=\u00a0\u00bb|||\u00a0\u00bb global_colors_info=\u00a0\u00bb{}\u00a0\u00bb custom_padding__hover=\u00a0\u00bb|||\u00a0\u00bb][\/et_pb_column][et_pb_column type=\u00a0\u00bb1_3&Prime; _builder_version=\u00a0\u00bb3.25&Prime; custom_padding=\u00a0\u00bb|||\u00a0\u00bb global_colors_info=\u00a0\u00bb{}\u00a0\u00bb custom_padding__hover=\u00a0\u00bb|||\u00a0\u00bb][\/et_pb_column][et_pb_column type=\u00a0\u00bb1_3&Prime; _builder_version=\u00a0\u00bb3.25&Prime; custom_padding=\u00a0\u00bb|||\u00a0\u00bb global_colors_info=\u00a0\u00bb{}\u00a0\u00bb custom_padding__hover=\u00a0\u00bb|||\u00a0\u00bb][et_pb_text admin_label=\u00a0\u00bbTexte\u00a0\u00bb _builder_version=\u00a0\u00bb3.27.4&Prime; background_size=\u00a0\u00bbinitial\u00a0\u00bb background_position=\u00a0\u00bbtop_left\u00a0\u00bb background_repeat=\u00a0\u00bbrepeat\u00a0\u00bb use_border_color=\u00a0\u00bboff\u00a0\u00bb border_color=\u00a0\u00bb#ffffff\u00a0\u00bb border_style=\u00a0\u00bbsolid\u00a0\u00bb global_colors_info=\u00a0\u00bb{}\u00a0\u00bb]<a href=\"http:\/\/compagnie.deuxspirales.fr\/\" target=\"_blank\" rel=\"noopener\"><br \/>\n<\/a><a href=\"http:\/\/compagnie.deuxspirales.fr\/\" target=\"_blank\" rel=\"noopener\"><img loading=\"lazy\" class=\"size-full wp-image-1149 alignleft\" src=\"http:\/\/ecolesayu.deuxspirales.fr\/wp-content\/uploads\/2016\/08\/sitecompagnie1-e1472552895985.jpg\" alt=\"sitecompagnie\" width=\"63\" height=\"99\" \/><\/a><a href=\"http:\/\/compagnie.deuxspirales.fr\/\" target=\"_blank\" rel=\"noopener\">Voir site<\/a><\/p>\n<h2><a href=\"http:\/\/compagnie.deuxspirales.fr\/\" target=\"_blank\" rel=\"noopener\"><span style=\"color: #ff0000;\">MASATO MATSUURA<br \/>\n<\/span> DEUX SPIRALES<\/a><\/h2>\n<p>[\/et_pb_text][\/et_pb_column][\/et_pb_row][et_pb_row padding_mobile=\u00a0\u00bboff\u00a0\u00bb admin_label=\u00a0\u00bbrow\u00a0\u00bb _builder_version=\u00a0\u00bb3.25&Prime; background_size=\u00a0\u00bbinitial\u00a0\u00bb background_position=\u00a0\u00bbtop_left\u00a0\u00bb background_repeat=\u00a0\u00bbrepeat\u00a0\u00bb custom_padding=\u00a0\u00bb|\u00a0\u00bb make_fullwidth=\u00a0\u00bboff\u00a0\u00bb use_custom_width=\u00a0\u00bboff\u00a0\u00bb width_unit=\u00a0\u00bbon\u00a0\u00bb global_colors_info=\u00a0\u00bb{}\u00a0\u00bb column_structure=\u00a0\u00bb1_2,1_2&Prime;][et_pb_column type=\u00a0\u00bb1_2&Prime; _builder_version=\u00a0\u00bb3.25&Prime; custom_padding=\u00a0\u00bb|||\u00a0\u00bb global_colors_info=\u00a0\u00bb{}\u00a0\u00bb custom_padding__hover=\u00a0\u00bb|||\u00a0\u00bb][et_pb_text admin_label=\u00a0\u00bbTexte\u00a0\u00bb _builder_version=\u00a0\u00bb4.14.2&Prime; background_size=\u00a0\u00bbinitial\u00a0\u00bb background_position=\u00a0\u00bbtop_left\u00a0\u00bb background_repeat=\u00a0\u00bbrepeat\u00a0\u00bb background_layout=\u00a0\u00bbdark\u00a0\u00bb custom_padding=\u00a0\u00bb||50|\u00a0\u00bb hover_enabled=\u00a0\u00bb0&Prime; use_border_color=\u00a0\u00bboff\u00a0\u00bb border_color=\u00a0\u00bb#ffffff\u00a0\u00bb border_style=\u00a0\u00bbsolid\u00a0\u00bb global_colors_info=\u00a0\u00bb{}\u00a0\u00bb sticky_enabled=\u00a0\u00bb0&Prime;] <img class=\"alignleft wp-image-836\" src=\"https:\/\/ecolesayu.deuxspirales.fr\/wp-content\/uploads\/2025\/09\/IMG-20250904-WA0001.jpg\" alt=\"Logo-EcoleSayu2015_02-BN web\" width=\"50%\" \/><\/p>\n<p><a style=\"color: white;\" href=\"https:\/\/sites.google.com\/site\/dojosaintambroise\/home\" target=\"_blank\" rel=\"noopener\">PARIS<br \/>\nDojo Saint Ambroise<br \/>\n6 rue de la Folie M\u00e9ricourt<br \/>\n75011 PARIS<\/a><\/p>\n<p><a style=\"color: white;\" href=\"https:\/\/www.google.fr\/maps\/place\/Rue+du+Doyenn%C3%A9+40,+1180+Uccle,+Belgique\/data=!4m2!3m1!1s0x47c3c5b2cc96cd95:0x8e1d6298e7a66d8c?sa=X&amp;ved=0CB8Q8gEwAGoVChMI1LDn8er8xwIVyVgaCh3f2wUp\" target=\"_blank\" rel=\"noopener\">BRUXELLES<br \/>\nDojo de l&rsquo;Usine \u00ab\u00a0Salle Noire\u00a0\u00bb<br \/>\nRue Doyenn\u00e9 40<br \/>\nB-1180 BRUXELLES<\/a><br \/>\n[\/et_pb_text][\/et_pb_column][et_pb_column type=\u00a0\u00bb1_2&Prime; _builder_version=\u00a0\u00bb3.25&Prime; custom_padding=\u00a0\u00bb|||\u00a0\u00bb global_colors_info=\u00a0\u00bb{}\u00a0\u00bb custom_padding__hover=\u00a0\u00bb|||\u00a0\u00bb][et_pb_text admin_label=\u00a0\u00bbTexte\u00a0\u00bb _builder_version=\u00a0\u00bb3.27.4&Prime; text_font=\u00a0\u00bbSource Sans Pro||||\u00a0\u00bb text_font_size=\u00a0\u00bb8&Prime; text_line_height=\u00a0\u00bb1em\u00a0\u00bb background_size=\u00a0\u00bbinitial\u00a0\u00bb background_position=\u00a0\u00bbtop_left\u00a0\u00bb background_repeat=\u00a0\u00bbrepeat\u00a0\u00bb background_layout=\u00a0\u00bbdark\u00a0\u00bb custom_padding=\u00a0\u00bb50|||\u00a0\u00bb use_border_color=\u00a0\u00bboff\u00a0\u00bb border_color=\u00a0\u00bb#ffffff\u00a0\u00bb border_style=\u00a0\u00bbsolid\u00a0\u00bb saved_tabs=\u00a0\u00bball\u00a0\u00bb global_colors_info=\u00a0\u00bb{}\u00a0\u00bb]<\/p>\n<h3><a href=\"http:\/\/ecolesayu.deuxspirales.fr\/index.php\/english\/\"><img loading=\"lazy\" class=\"alignnone size-full wp-image-523\" src=\"http:\/\/ecolesayu.deuxspirales.fr\/wp-content\/uploads\/2015\/08\/United-Kingdom-256-e1441943851294.png\" alt=\"United-Kingdom-256\" width=\"20\" height=\"20\" \/>\u00a0\u00a0ENGLISH<\/a><br \/>\n<a href=\"http:\/\/ecolesayu.deuxspirales.fr\/index.php\/nihongo\/\"><img loading=\"lazy\" class=\"alignnone size-full wp-image-522\" src=\"http:\/\/ecolesayu.deuxspirales.fr\/wp-content\/uploads\/2015\/08\/Japan-256-e1441943905237.png\" alt=\"Japan-256\" width=\"20\" height=\"20\" \/>\u00a0\u65e5\u672c\u8a9e<br \/>\n<\/a><\/h3>\n<h3 style=\"text-align: left; padding-left: 210px;\"><a href=\"https:\/\/www.facebook.com\/ecolesayu2spirales\" target=\"_blank\" rel=\"noopener\"><img loading=\"lazy\" class=\"size-full wp-image-697 alignleft\" src=\"http:\/\/ecolesayu.deuxspirales.fr\/wp-content\/uploads\/2015\/08\/social-facebook-box-blue-icon.png\" alt=\"social-facebook-box-blue-icon\" width=\"24\" height=\"24\" \/><\/a><a href=\"https:\/\/www.facebook.com\/ecolesayu2spirales\" target=\"_blank\" rel=\"noopener\">Suivez-nous<\/a><\/h3>\n<h3 style=\"text-align: left;\"><a href=\"http:\/\/ecolesayu.deuxspirales.fr\/index.php\/contact\/\">CONTACT<\/a><a style=\"font-size: 16px; line-height: 1.5;\" href=\"http:\/\/ecolesayu.deuxspirales.fr\/index.php\/english\/\"><br \/>\n<\/a><a href=\"http:\/\/ecolesayu.deuxspirales.fr\/index.php\/mentions-legales\/\">MENTIONS L\u00c9GALES<br \/>\n<\/a><a href=\"http:\/\/ecolesayu.deuxspirales.fr\/index.php\/plan-du-site\/\">PLAN DU SITE<\/a><\/h3>\n<p>[\/et_pb_text][\/et_pb_column][\/et_pb_row][\/et_pb_section]<\/p>\n","protected":false},"excerpt":{"rendered":"<p>LEXIQUE\u00a0 \u304a\u9858\u3044\u3044\u305f\u3057\u307e\u3059 Onegai itashimasu \u00ab\u00a0S&rsquo;il vous pla\u00eet!!\u00a0\u00bb (Au d\u00e9but du cours) \u3069\u3046\u3082\u3042\u308a\u304c\u3068\u3046\u3054\u3056\u3044\u307e\u3057\u305f Domo arigat\u00f4 gozaimashita \u00ab\u00a0Merci beaucoup\u00a0\u00bb (\u00e0 la fin du cours) \u6b63\u5ea7 Seiza \u00ab\u00a0L&rsquo;assise normale, correct\u00a0\u00bb, l&rsquo;assise japonaise sur les genoux. \u4f53\u634c\u304d Tai sabaki Mouvement du corps \u56db\u80a1(\u76f8\u64b2) Shiko (sumo) Le mouvement des sumotori lorsqu&rsquo;ils frappent le sol,jambes \u00e9cart\u00e9es. \u6e67\u6cc9 Yusen \u00ab\u00a0la source bouillonnante\u00a0\u00bb [&hellip;]<\/p>\n","protected":false},"author":1,"featured_media":0,"parent":0,"menu_order":0,"comment_status":"closed","ping_status":"closed","template":"","meta":{"_et_pb_use_builder":"on","_et_pb_old_content":"","_et_gb_content_width":""},"_links":{"self":[{"href":"https:\/\/ecolesayu.deuxspirales.fr\/index.php\/wp-json\/wp\/v2\/pages\/1265"}],"collection":[{"href":"https:\/\/ecolesayu.deuxspirales.fr\/index.php\/wp-json\/wp\/v2\/pages"}],"about":[{"href":"https:\/\/ecolesayu.deuxspirales.fr\/index.php\/wp-json\/wp\/v2\/types\/page"}],"author":[{"embeddable":true,"href":"https:\/\/ecolesayu.deuxspirales.fr\/index.php\/wp-json\/wp\/v2\/users\/1"}],"replies":[{"embeddable":true,"href":"https:\/\/ecolesayu.deuxspirales.fr\/index.php\/wp-json\/wp\/v2\/comments?post=1265"}],"version-history":[{"count":10,"href":"https:\/\/ecolesayu.deuxspirales.fr\/index.php\/wp-json\/wp\/v2\/pages\/1265\/revisions"}],"predecessor-version":[{"id":2590,"href":"https:\/\/ecolesayu.deuxspirales.fr\/index.php\/wp-json\/wp\/v2\/pages\/1265\/revisions\/2590"}],"wp:attachment":[{"href":"https:\/\/ecolesayu.deuxspirales.fr\/index.php\/wp-json\/wp\/v2\/media?parent=1265"}],"curies":[{"name":"wp","href":"https:\/\/api.w.org\/{rel}","templated":true}]}}